{"id":1334,"date":"2016-05-20T15:07:57","date_gmt":"2016-05-20T13:07:57","guid":{"rendered":"http:\/\/www.bodenoekologie.com\/en\/?page_id=1334"},"modified":"2020-11-09T14:46:18","modified_gmt":"2020-11-09T13:46:18","slug":"diploma-theses","status":"publish","type":"page","link":"https:\/\/www.bodenoekologie.com\/en\/things-to-know\/diploma-theses\/","title":{"rendered":"Diploma Theses"},"content":{"rendered":"\n<style type=\"text\/css\" data-created_by=\"avia_inline_auto\" id=\"style-css-av-av_heading-96264598f00f00222e74b1ce913b69ed\">\n#top .av-special-heading.av-av_heading-96264598f00f00222e74b1ce913b69ed{\npadding-bottom:10px;\n}\nbody .av-special-heading.av-av_heading-96264598f00f00222e74b1ce913b69ed .av-special-heading-tag .heading-char{\nfont-size:25px;\n}\n.av-special-heading.av-av_heading-96264598f00f00222e74b1ce913b69ed .av-subheading{\nfont-size:15px;\n}\n<\/style>\n<div  class='av-special-heading av-av_heading-96264598f00f00222e74b1ce913b69ed av-special-heading-h1  avia-builder-el-0  el_before_av_promobox  avia-builder-el-first '><h1 class='av-special-heading-tag '  itemprop=\"headline\"  >Diploma Theses<\/h1><div class=\"special-heading-border\"><div class=\"special-heading-inner-border\"><\/div><\/div><\/div>\n<div  class='av_promobox av-khald6va-844a19b5183e2483ad7e9ddd12dbce6a avia-button-yes  avia-builder-el-1  el_after_av_heading  el_before_av_promobox '><div class='avia-promocontent'><p>\nWedenig, Johannes Tobias (2017).\u00a0Auswirkungen der Produktionsweise &#8220;Gesch\u00fctzter Bio-Fruchtgem\u00fcsebau&#8221; auf chemische Bodenparameter. N\u00e4hrstoffbilanzierung und Bodenanalysen. Master Thesis, University of Natural Resources and Life Sciences, Vienna.<\/p>\n<\/div><div  class='avia-button-wrap av-khald6va-34ade05a4091baaf2311c4437850682c-wrap avia-button-right '><a href='https:\/\/www.bodenoekologie.com\/wp-content\/uploads\/2017\/08\/Wedenig_2017.pdf' class='avia-button av-khald6va-34ade05a4091baaf2311c4437850682c av-link-btn avia-icon_select-yes-left-icon avia-size-large avia-position-right avia-color-theme-color' target=\"_blank\" rel=\"noopener noreferrer\" aria-label=\"pdf (in German)\"><span class='avia_button_icon avia_button_icon_left' aria-hidden='true' data-av_icon='\ue84c' data-av_iconfont='entypo-fontello'><\/span><span class='avia_iconbox_title' >pdf (in German)<\/span><\/a><\/div><\/div>\n<div  class='av_promobox av-khalfur3-08440bb6f18eb438531f4eca68284d19 avia-button-yes  avia-builder-el-2  el_after_av_promobox  el_before_av_promobox '><div class='avia-promocontent'><p>\nMessenb\u00f6ck, Karoline (2017).\u00a0Ver\u00e4nderung der Bodenphysik durch den Anbau von Biogem\u00fcse unter Folie und Glas. Bachelorarbeit, Universit\u00e4t Wien.<\/p>\n<\/div><div  class='avia-button-wrap av-khalfur3-7999bbe56683df2e2860dbd9bf465fc7-wrap avia-button-right '><a href='http:\/\/www.bodenoekologie.com\/wp-content\/uploads\/2017\/09\/Messenboeck-Karoline_2017_Bodenphysik-Biogemuese-im-geschuetzten-Anbau.pdf' class='avia-button av-khalfur3-7999bbe56683df2e2860dbd9bf465fc7 av-link-btn avia-icon_select-yes-left-icon avia-size-large avia-position-right avia-color-theme-color' target=\"_blank\" rel=\"noopener noreferrer\" aria-label=\"pdf (in German)\"><span class='avia_button_icon avia_button_icon_left' aria-hidden='true' data-av_icon='\ue84c' data-av_iconfont='entypo-fontello'><\/span><span class='avia_iconbox_title' >pdf (in German)<\/span><\/a><\/div><\/div>\n<div  class='av_promobox av-av_promobox-a94a2e0a948e592ae0351457b2bd3bb5 avia-button-yes  avia-builder-el-3  el_after_av_promobox  el_before_av_promobox '><div class='avia-promocontent'><p>\nDeltedesco, Evi (2015). Effect of quicklime and limestone on microbial activity in agricultural soils. Master Thesis, Institute\u00a0of Soil\u00a0Research, University of Natural Resources and Life Sciences, Vienna.<\/p>\n<\/div><div  class='avia-button-wrap av-av_button-ddb5dfc64ca5c7ae83e064940d61a5c0-wrap avia-button-right '><a href='http:\/\/www.bodenoekologie.com\/wp-content\/uploads\/2017\/09\/Deltedesco-Evi-2015.pdf' class='avia-button av-av_button-ddb5dfc64ca5c7ae83e064940d61a5c0 av-link-btn avia-icon_select-yes-left-icon avia-size-large avia-position-right avia-color-theme-color' target=\"_blank\" rel=\"noopener noreferrer\" aria-label=\"pdf\"><span class='avia_button_icon avia_button_icon_left' aria-hidden='true' data-av_icon='\ue84c' data-av_iconfont='entypo-fontello'><\/span><span class='avia_iconbox_title' >pdf<\/span><\/a><\/div><\/div>\n<div  class='av_promobox av-av_promobox-b2fc69d4846a2b075ec5e24cfe3dda99 avia-button-yes  avia-builder-el-4  el_after_av_promobox  el_before_av_promobox '><div class='avia-promocontent'><p>\nW\u00fcnscher, Rosemarie (2013): A Comparison of Different Phosphorus Extraction Methods with the Phosphorus Uptake of Wheat. Master Thesis, Institute\u00a0of Soil\u00a0Research, University of Natural Resources and Life Sciences, Vienna.<\/p>\n<\/div><div  class='avia-button-wrap av-av_button-e9a8fd2e7666c6c120b5c51608966ba9-wrap avia-button-right '><a href='http:\/\/www.bodenoekologie.com\/wp-content\/uploads\/2015\/07\/Wuenscher_2013_fulltext_11499.pdf' class='avia-button av-av_button-e9a8fd2e7666c6c120b5c51608966ba9 av-link-btn avia-icon_select-yes-left-icon avia-size-large avia-position-right avia-color-theme-color' target=\"_blank\" rel=\"noopener noreferrer\" aria-label=\"pdf\"><span class='avia_button_icon avia_button_icon_left' aria-hidden='true' data-av_icon='\ue84c' data-av_iconfont='entypo-fontello'><\/span><span class='avia_iconbox_title' >pdf<\/span><\/a><\/div><\/div>\n<div  class='av_promobox av-khalml6q-995c436d4d6e9feac62dcd8f87e6db74 avia-button-yes  avia-builder-el-5  el_after_av_promobox  el_before_av_promobox '><div class='avia-promocontent'><p>\nPichler, Gerd (2012): \u00d6kologische Bodenbewertung und moderne D\u00fcngeberatung. Ableitung eines Prognosemodells f\u00fcr die Absch\u00e4tzung der Wirkung von Meliorationsma\u00dfnahmen auf den Bodenzustand. Master Thesis im Rahmen des Universit\u00e4tslehrganges \u201eGeographical Information Science &amp; Systems\u201c (UNIGIS MSc) am Zentrum f\u00fcr GeoInformatik (Z_GIS) der Paris Lodron-Universit\u00e4t Salzburg.<\/p>\n<\/div><div  class='avia-button-wrap av-khalml6q-e6949d8a464c0c84da46a19bb7d525f7-wrap avia-button-right '><a href='http:\/\/unigis.sbg.ac.at\/files\/Mastertheses\/Full\/1508.pdf' class='avia-button av-khalml6q-e6949d8a464c0c84da46a19bb7d525f7 av-link-btn avia-icon_select-yes-left-icon avia-size-large avia-position-right avia-color-theme-color' target=\"_blank\" rel=\"noopener noreferrer\" aria-label=\"Abstract, pdf\"><span class='avia_button_icon avia_button_icon_left' aria-hidden='true' data-av_icon='\ue84c' data-av_iconfont='entypo-fontello'><\/span><span class='avia_iconbox_title' >Abstract, pdf<\/span><\/a><\/div><\/div>\n<div  class='av_promobox av-av_promobox-a343eac58dc7e942b6b442a1c87c5585 avia-button-yes  avia-builder-el-6  el_after_av_promobox  el_before_av_promobox '><div class='avia-promocontent'><p>\nHudribusch, Angela (2012): \u201eUntersuchung des oberfl\u00e4chennahen Bodenwasserhaushaltes einer ausgew\u00e4hlten landwirtschaftlichen Nutzfl\u00e4che nach Melioration mit Holzkohle.\u201c Diplomarbeit zur Magistra der Naturwissenschaften am Institut f\u00fcr theoretische und angewandte Geographie in Wien.<\/p>\n<\/div><div  class='avia-button-wrap av-av_button-0e943866353a21ea285ef6b0e59ea6d2-wrap avia-button-right '><a href='http:\/\/othes.univie.ac.at\/24678\/' class='avia-button av-av_button-0e943866353a21ea285ef6b0e59ea6d2 av-link-btn avia-icon_select-yes-left-icon avia-size-large avia-position-right avia-color-theme-color' target=\"_blank\" rel=\"noopener noreferrer\" aria-label=\"Abstract, pdf\"><span class='avia_button_icon avia_button_icon_left' aria-hidden='true' data-av_icon='\ue84c' data-av_iconfont='entypo-fontello'><\/span><span class='avia_iconbox_title' >Abstract, pdf<\/span><\/a><\/div><\/div>\n<div  class='av_promobox av-av_promobox-14c05a712ed3f930fc5b1768053efa67 avia-button-yes  avia-builder-el-7  el_after_av_promobox  avia-builder-el-last '><div class='avia-promocontent'><p>\nDiringer, Stefan (2010): Gibt es in der Bodenphysik M\u00f6glichkeiten Einzelparameter durch einen einzelnen Summenparameter zu charakterisieren? Diplomarbeit zum Magister der Naturwissenschaften am Institut f\u00fcr theoretische und angewandte Geographie in Wien.<\/p>\n<\/div><div  class='avia-button-wrap av-av_button-259199fea65c52e7835b264ac91b343c-wrap avia-button-right '><a href='http:\/\/othes.univie.ac.at\/11359\/' class='avia-button av-av_button-259199fea65c52e7835b264ac91b343c av-link-btn avia-icon_select-yes-left-icon avia-size-large avia-position-right avia-color-theme-color' target=\"_blank\" rel=\"noopener noreferrer\" aria-label=\"Abstract\"><span class='avia_button_icon avia_button_icon_left' aria-hidden='true' data-av_icon='\ue84c' data-av_iconfont='entypo-fontello'><\/span><span class='avia_iconbox_title' >Abstract<\/span><\/a><\/div><\/div>\n","protected":false},"excerpt":{"rendered":"","protected":false},"author":2,"featured_media":0,"parent":1302,"menu_order":4,"comment_status":"open","ping_status":"closed","template":"","meta":{"footnotes":""},"class_list":["post-1334","page","type-page","status-publish","hentry"],"_links":{"self":[{"href":"https:\/\/www.bodenoekologie.com\/en\/wp-json\/wp\/v2\/pages\/1334"}],"collection":[{"href":"https:\/\/www.bodenoekologie.com\/en\/wp-json\/wp\/v2\/pages"}],"about":[{"href":"https:\/\/www.bodenoekologie.com\/en\/wp-json\/wp\/v2\/types\/page"}],"author":[{"embeddable":true,"href":"https:\/\/www.bodenoekologie.com\/en\/wp-json\/wp\/v2\/users\/2"}],"replies":[{"embeddable":true,"href":"https:\/\/www.bodenoekologie.com\/en\/wp-json\/wp\/v2\/comments?post=1334"}],"version-history":[{"count":5,"href":"https:\/\/www.bodenoekologie.com\/en\/wp-json\/wp\/v2\/pages\/1334\/revisions"}],"predecessor-version":[{"id":2641,"href":"https:\/\/www.bodenoekologie.com\/en\/wp-json\/wp\/v2\/pages\/1334\/revisions\/2641"}],"up":[{"embeddable":true,"href":"https:\/\/www.bodenoekologie.com\/en\/wp-json\/wp\/v2\/pages\/1302"}],"wp:attachment":[{"href":"https:\/\/www.bodenoekologie.com\/en\/wp-json\/wp\/v2\/media?parent=1334"}],"curies":[{"name":"wp","href":"https:\/\/api.w.org\/{rel}","templated":true}]}}