{"id":7560,"date":"2024-02-05T16:18:40","date_gmt":"2024-02-05T15:18:40","guid":{"rendered":"https:\/\/www.bodenoekologie.com\/?page_id=7560"},"modified":"2024-02-08T12:31:08","modified_gmt":"2024-02-08T11:31:08","slug":"plant-analyses","status":"publish","type":"page","link":"https:\/\/www.bodenoekologie.com\/en\/labor-2\/plant-analyses\/","title":{"rendered":"Plant analyses"},"content":{"rendered":"\n<style type=\"text\/css\" data-created_by=\"avia_inline_auto\" id=\"style-css-av-lsd3cq3n-010b7ec260dae23aebae8535f6af0050\">\n#top .av-special-heading.av-lsd3cq3n-010b7ec260dae23aebae8535f6af0050{\npadding-bottom:10px;\n}\nbody .av-special-heading.av-lsd3cq3n-010b7ec260dae23aebae8535f6af0050 .av-special-heading-tag .heading-char{\nfont-size:25px;\n}\n.av-special-heading.av-lsd3cq3n-010b7ec260dae23aebae8535f6af0050 .av-subheading{\nfont-size:15px;\n}\n<\/style>\n<div  class='av-special-heading av-lsd3cq3n-010b7ec260dae23aebae8535f6af0050 av-special-heading-h1  avia-builder-el-0  el_before_av_textblock  avia-builder-el-first '><h1 class='av-special-heading-tag '  itemprop=\"headline\"  >Plant analysis<\/h1><div class=\"special-heading-border\"><div class=\"special-heading-inner-border\"><\/div><\/div><\/div>\n<section  class='av_textblock_section av-lsd3ewz0-d9b6818a9c5f346d2668688367ad17ca '   itemscope=\"itemscope\" itemtype=\"https:\/\/schema.org\/CreativeWork\" ><div class='avia_textblock'  itemprop=\"text\" ><p>The effects of <strong>mineral-induced nutritional disorders<\/strong> in plants are diverse and range from growth anomalies, chlorosis and necrosis to growth inhibition or even loss of the whole plant. Nutritional disorders can therefore be a significant reason for pronounced reduction in yield and quality of the harvested products. Excessively high nutrient levels or, in particular, elevated levels of potentially toxic substances in food and fodder plants are also highly relevant from a medical and animal health perspective. Severe yield reductions or growth anomalies are usually already recognizable during intensive juvenile growth and should be clarified as quickly as possible to derive appropriate prevention measures.<\/p>\n<p>A <strong>plant analysis<\/strong> &#8211; ideally in combination with a soil analysis &#8211; has proven its worth in determining the causes of growth reductions or anomalies. Plant analysis enables a reliable assessment of the nutritional status at the time of sampling, while a soil analysis also clarifies growth limitations due to soil acidification, chronic nutrient deficiencies, and nutrient imbalances in the soil \/ substrate. Overall, a plant analysis provides the basis for any supplementary fertilization, while a comprehensive soil analysis can be used to determine melioration measures with regard to soil properties \/ soil fertility as well as fertilizer recommendations for subsequent crops.<\/p>\n<p>A <strong>direct comparison<\/strong> of <strong>plants with and without damage <\/strong><strong>symptoms<\/strong> within a field or of comparable fields is particularly informative.<\/p>\n<\/div><\/section>\n\n<style type=\"text\/css\" data-created_by=\"avia_inline_auto\" id=\"style-css-av-av_hr-3a876428eececa9d35452247ddb053af\">\n#top .hr.hr-invisible.av-av_hr-3a876428eececa9d35452247ddb053af{\nheight:50px;\n}\n<\/style>\n<div  class='hr av-av_hr-3a876428eececa9d35452247ddb053af hr-invisible  avia-builder-el-2  el_after_av_textblock  el_before_av_gallery '><span class='hr-inner '><span class=\"hr-inner-style\"><\/span><\/span><\/div>\n\n<style type=\"text\/css\" data-created_by=\"avia_inline_auto\" id=\"style-css-av-lsd3g8ug-58261411cd9bd3dbddaf9fe2f6587f37\">\n#top .avia-gallery.av-lsd3g8ug-58261411cd9bd3dbddaf9fe2f6587f37 .avia-gallery-thumb a{\nwidth:50%;\n}\n<\/style>\n<div  class='avia-gallery av-lsd3g8ug-58261411cd9bd3dbddaf9fe2f6587f37 avia_animate_when_visible  avia-builder-el-3  el_after_av_hr  el_before_av_hr  animations_off avia-gallery-1'  itemprop=\"image\" itemscope=\"itemscope\" itemtype=\"https:\/\/schema.org\/ImageObject\" ><meta itemprop=\"contentURL\" content=\"https:\/\/www.bodenoekologie.com\/en\/labor-2\/plant-analyses\/\"><div class='avia-gallery-thumb'><a href=\"https:\/\/www.bodenoekologie.com\/wp-content\/uploads\/2024\/01\/IMG_20231007_135036-773x1030.jpg\" data-srcset=\"https:\/\/www.bodenoekologie.com\/wp-content\/uploads\/2024\/01\/IMG_20231007_135036-773x1030.jpg 773w, https:\/\/www.bodenoekologie.com\/wp-content\/uploads\/2024\/01\/IMG_20231007_135036-225x300.jpg 225w, https:\/\/www.bodenoekologie.com\/wp-content\/uploads\/2024\/01\/IMG_20231007_135036-768x1024.jpg 768w, https:\/\/www.bodenoekologie.com\/wp-content\/uploads\/2024\/01\/IMG_20231007_135036-1152x1536.jpg 1152w, https:\/\/www.bodenoekologie.com\/wp-content\/uploads\/2024\/01\/IMG_20231007_135036-1536x2048.jpg 1536w, https:\/\/www.bodenoekologie.com\/wp-content\/uploads\/2024\/01\/IMG_20231007_135036-1125x1500.jpg 1125w, https:\/\/www.bodenoekologie.com\/wp-content\/uploads\/2024\/01\/IMG_20231007_135036-529x705.jpg 529w, https:\/\/www.bodenoekologie.com\/wp-content\/uploads\/2024\/01\/IMG_20231007_135036-scaled.jpg 1920w\" data-sizes=\"(max-width: 773px) 100vw, 773px\" data-rel='gallery-1' data-prev-img='https:\/\/www.bodenoekologie.com\/wp-content\/uploads\/2024\/01\/IMG_20231007_135036-495x400.jpg' class='first_thumb lightbox ' data-onclick='1' title=''  itemprop=\"thumbnailUrl\"  ><img decoding=\"async\" fetchpriority=\"high\" class=\"wp-image-6937 avia-img-lazy-loading-not-6937\"   src=\"https:\/\/www.bodenoekologie.com\/wp-content\/uploads\/2024\/01\/IMG_20231007_135036-495x400.jpg\" width=\"495\" height=\"400\"  title='IMG_20231007_135036' alt='' srcset=\"https:\/\/www.bodenoekologie.com\/wp-content\/uploads\/2024\/01\/IMG_20231007_135036-495x400.jpg 495w, https:\/\/www.bodenoekologie.com\/wp-content\/uploads\/2024\/01\/IMG_20231007_135036-845x684.jpg 845w\" sizes=\"(max-width: 495px) 100vw, 495px\" \/><div class='big-prev-fake'><img decoding=\"async\" loading=\"lazy\" class=\"wp-image-6937 avia-img-lazy-loading-6937\"  width=\"495\" height=\"400\" src=\"https:\/\/www.bodenoekologie.com\/wp-content\/uploads\/2024\/01\/IMG_20231007_135036-495x400.jpg\" title='IMG_20231007_135036' alt='' srcset=\"https:\/\/www.bodenoekologie.com\/wp-content\/uploads\/2024\/01\/IMG_20231007_135036-495x400.jpg 495w, https:\/\/www.bodenoekologie.com\/wp-content\/uploads\/2024\/01\/IMG_20231007_135036-845x684.jpg 845w\" sizes=\"(max-width: 495px) 100vw, 495px\" \/><\/div><\/a><a href=\"https:\/\/www.bodenoekologie.com\/wp-content\/uploads\/2024\/01\/Ernaehrungsstoerung_Zwiebel-773x1030.jpg\" data-srcset=\"https:\/\/www.bodenoekologie.com\/wp-content\/uploads\/2024\/01\/Ernaehrungsstoerung_Zwiebel-773x1030.jpg 773w, https:\/\/www.bodenoekologie.com\/wp-content\/uploads\/2024\/01\/Ernaehrungsstoerung_Zwiebel-225x300.jpg 225w, https:\/\/www.bodenoekologie.com\/wp-content\/uploads\/2024\/01\/Ernaehrungsstoerung_Zwiebel-768x1024.jpg 768w, https:\/\/www.bodenoekologie.com\/wp-content\/uploads\/2024\/01\/Ernaehrungsstoerung_Zwiebel-1152x1536.jpg 1152w, https:\/\/www.bodenoekologie.com\/wp-content\/uploads\/2024\/01\/Ernaehrungsstoerung_Zwiebel-1536x2048.jpg 1536w, https:\/\/www.bodenoekologie.com\/wp-content\/uploads\/2024\/01\/Ernaehrungsstoerung_Zwiebel-1125x1500.jpg 1125w, https:\/\/www.bodenoekologie.com\/wp-content\/uploads\/2024\/01\/Ernaehrungsstoerung_Zwiebel-529x705.jpg 529w, https:\/\/www.bodenoekologie.com\/wp-content\/uploads\/2024\/01\/Ernaehrungsstoerung_Zwiebel-scaled.jpg 1920w\" data-sizes=\"(max-width: 773px) 100vw, 773px\" data-rel='gallery-1' data-prev-img='https:\/\/www.bodenoekologie.com\/wp-content\/uploads\/2024\/01\/Ernaehrungsstoerung_Zwiebel-495x400.jpg' class='lightbox ' data-onclick='2' title=''  itemprop=\"thumbnailUrl\"  ><img decoding=\"async\" fetchpriority=\"high\" class=\"wp-image-6933 avia-img-lazy-loading-not-6933\"   src=\"https:\/\/www.bodenoekologie.com\/wp-content\/uploads\/2024\/01\/Ernaehrungsstoerung_Zwiebel-495x400.jpg\" width=\"495\" height=\"400\"  title='Ern\u00e4hrungsst\u00f6rung_Zwiebel' alt='' srcset=\"https:\/\/www.bodenoekologie.com\/wp-content\/uploads\/2024\/01\/Ernaehrungsstoerung_Zwiebel-495x400.jpg 495w, https:\/\/www.bodenoekologie.com\/wp-content\/uploads\/2024\/01\/Ernaehrungsstoerung_Zwiebel-845x684.jpg 845w\" sizes=\"(max-width: 495px) 100vw, 495px\" \/><div class='big-prev-fake'><img decoding=\"async\" loading=\"lazy\" class=\"wp-image-6933 avia-img-lazy-loading-6933\"  width=\"495\" height=\"400\" src=\"https:\/\/www.bodenoekologie.com\/wp-content\/uploads\/2024\/01\/Ernaehrungsstoerung_Zwiebel-495x400.jpg\" title='Ern\u00e4hrungsst\u00f6rung_Zwiebel' alt='' srcset=\"https:\/\/www.bodenoekologie.com\/wp-content\/uploads\/2024\/01\/Ernaehrungsstoerung_Zwiebel-495x400.jpg 495w, https:\/\/www.bodenoekologie.com\/wp-content\/uploads\/2024\/01\/Ernaehrungsstoerung_Zwiebel-845x684.jpg 845w\" sizes=\"(max-width: 495px) 100vw, 495px\" \/><\/div><\/a><\/div><\/div>\n\n<style type=\"text\/css\" data-created_by=\"avia_inline_auto\" id=\"style-css-av-lsd3laus-fa1d2da2a800e9396c76cafb3c34b2e9\">\n#top .hr.hr-invisible.av-lsd3laus-fa1d2da2a800e9396c76cafb3c34b2e9{\nheight:50px;\n}\n<\/style>\n<div  class='hr av-lsd3laus-fa1d2da2a800e9396c76cafb3c34b2e9 hr-invisible  avia-builder-el-4  el_after_av_gallery  el_before_av_textblock '><span class='hr-inner '><span class=\"hr-inner-style\"><\/span><\/span><\/div>\n<section  class='av_textblock_section av-lsd3jquk-a25147aa0a5673912d4eea677c89ab01 '   itemscope=\"itemscope\" itemtype=\"https:\/\/schema.org\/CreativeWork\" ><div class='avia_textblock'  itemprop=\"text\" ><h3>Analysis methods &amp; measured parameters<\/h3>\n<ul>\n<li><strong>CNS (dry combustion according to \u00d6NORM L1082)<\/strong><br \/>\nParameters: Water content, total carbon, total nitrogen, total sulphur<\/li>\n<li><strong>Acid digestion in the microwave, measurement with ICP-OES<\/strong><br \/>\nParameters: Nutrients and potentially harmful elements (Ca, Mg, K, P, B, Co, Cr, Cu, Fe, Mn, Mo, Na, Ni, Sc, Se, V, Zn, As, Cd, Pb and Al, Si)<\/li>\n<\/ul>\n<\/div><\/section>\n\n<style type=\"text\/css\" data-created_by=\"avia_inline_auto\" id=\"style-css-av-av_hr-3a876428eececa9d35452247ddb053af\">\n#top .hr.hr-invisible.av-av_hr-3a876428eececa9d35452247ddb053af{\nheight:50px;\n}\n<\/style>\n<div  class='hr av-av_hr-3a876428eececa9d35452247ddb053af hr-invisible  avia-builder-el-6  el_after_av_textblock  el_before_av_textblock '><span class='hr-inner '><span class=\"hr-inner-style\"><\/span><\/span><\/div>\n<section  class='av_textblock_section av-lsd3kh01-bdf5f1454e2a276e75b69109038035e4 '   itemscope=\"itemscope\" itemtype=\"https:\/\/schema.org\/CreativeWork\" ><div class='avia_textblock'  itemprop=\"text\" ><h3>Literature<\/h3>\n<p>Zorn W., G. Marks, H. He\u00df, W. Bergmann (2016). Handbuches zur visuellen Diagnose von Ern\u00e4h rungsst\u00f6rungen bei Kulturpflanzen. 3. Auflage. Springer Speltrum.<\/p>\n<p>Bergmann W. (1993). Ern\u00e4hrungsst\u00f6rungen bei Kulturpflanzen. 3. Auflage, Gustav-Fischer-Verlag Jena Stuttgart.<\/p>\n<p>Breuer J., V. K\u00f6nig, D. Merkel, H.-W. Olfs, B. Steingrobe, E. Stimpfl, A. Wissemeier, W. Zorn (2003). Die Pflanzenanalyse zur Diagnose des Ern\u00e4hrungszustandes von Kulturpflanzen &#8211; Anwendung in Landwirtschaft, Gem\u00fcse- und Obstbau. &#8211;<br \/>\nAgrimedia Bergen\/Dumme, 113 S.<\/p>\n<\/div><\/section>\n\n<style type=\"text\/css\" data-created_by=\"avia_inline_auto\" id=\"style-css-av-av_hr-3a876428eececa9d35452247ddb053af\">\n#top .hr.hr-invisible.av-av_hr-3a876428eececa9d35452247ddb053af{\nheight:50px;\n}\n<\/style>\n<div  class='hr av-av_hr-3a876428eececa9d35452247ddb053af hr-invisible  avia-builder-el-8  el_after_av_textblock  el_before_av_promobox '><span class='hr-inner '><span class=\"hr-inner-style\"><\/span><\/span><\/div>\n\n<style type=\"text\/css\" data-created_by=\"avia_inline_auto\" id=\"style-css-av-lsd4ursc-147afab670b010f0b93cb9ad6290fc43\">\n.av_promobox.av-lsd4ursc-147afab670b010f0b93cb9ad6290fc43{\ncolor:#fcfbf2;\nbackground:#571921;\nborder-color:#571921;\n}\n<\/style>\n<div  class='av_promobox av-lsd4ursc-147afab670b010f0b93cb9ad6290fc43 avia-button-yes  avia-builder-el-9  el_after_av_hr  avia-builder-el-last '><div class='avia-promocontent'><p>\nWould you like to request a plant analysis?<\/p>\n<\/div><div  class='avia-button-wrap av-lsd4ursc-4416eaa18b68b1ba026cc70e98d37317-wrap avia-button-right '><a href=''  class='avia-button av-lsd4ursc-4416eaa18b68b1ba026cc70e98d37317 av-link-btn avia-icon_select-no avia-size-medium avia-position-right avia-color-theme-color-subtle'   aria-label=\"Assignment form\"><span class='avia_iconbox_title' >Assignment form<\/span><\/a><\/div><\/div>\n","protected":false},"excerpt":{"rendered":"","protected":false},"author":1,"featured_media":0,"parent":1258,"menu_order":4,"comment_status":"closed","ping_status":"closed","template":"","meta":{"footnotes":""},"class_list":["post-7560","page","type-page","status-publish","hentry"],"_links":{"self":[{"href":"https:\/\/www.bodenoekologie.com\/en\/wp-json\/wp\/v2\/pages\/7560"}],"collection":[{"href":"https:\/\/www.bodenoekologie.com\/en\/wp-json\/wp\/v2\/pages"}],"about":[{"href":"https:\/\/www.bodenoekologie.com\/en\/wp-json\/wp\/v2\/types\/page"}],"author":[{"embeddable":true,"href":"https:\/\/www.bodenoekologie.com\/en\/wp-json\/wp\/v2\/users\/1"}],"replies":[{"embeddable":true,"href":"https:\/\/www.bodenoekologie.com\/en\/wp-json\/wp\/v2\/comments?post=7560"}],"version-history":[{"count":7,"href":"https:\/\/www.bodenoekologie.com\/en\/wp-json\/wp\/v2\/pages\/7560\/revisions"}],"predecessor-version":[{"id":7590,"href":"https:\/\/www.bodenoekologie.com\/en\/wp-json\/wp\/v2\/pages\/7560\/revisions\/7590"}],"up":[{"embeddable":true,"href":"https:\/\/www.bodenoekologie.com\/en\/wp-json\/wp\/v2\/pages\/1258"}],"wp:attachment":[{"href":"https:\/\/www.bodenoekologie.com\/en\/wp-json\/wp\/v2\/media?parent=7560"}],"curies":[{"name":"wp","href":"https:\/\/api.w.org\/{rel}","templated":true}]}}