{"id":2695,"date":"2021-02-23T01:08:36","date_gmt":"2021-02-23T00:08:36","guid":{"rendered":"https:\/\/www.bodenoekologie.com\/?page_id=2695"},"modified":"2024-02-20T13:22:55","modified_gmt":"2024-02-20T12:22:55","slug":"analisis","status":"publish","type":"page","link":"https:\/\/www.bodenoekologie.com\/es\/analisis\/","title":{"rendered":"An\u00e1lisis"},"content":{"rendered":"\n<style type=\"text\/css\" data-created_by=\"avia_inline_auto\" id=\"style-css-av-ls91iw60-c88f309477d2e8211f778e61bab472f2\">\n#top .av-special-heading.av-ls91iw60-c88f309477d2e8211f778e61bab472f2{\npadding-bottom:10px;\n}\nbody .av-special-heading.av-ls91iw60-c88f309477d2e8211f778e61bab472f2 .av-special-heading-tag .heading-char{\nfont-size:25px;\n}\n.av-special-heading.av-ls91iw60-c88f309477d2e8211f778e61bab472f2 .av-subheading{\nfont-size:15px;\n}\n<\/style>\n<div  class='av-special-heading av-ls91iw60-c88f309477d2e8211f778e61bab472f2 av-special-heading-h1  avia-builder-el-0  el_before_av_one_half  avia-builder-el-first  av-linked-heading'><h1 class='av-special-heading-tag '  itemprop=\"headline\"  >An\u00e1lisis<\/h1><div class=\"special-heading-border\"><div class=\"special-heading-inner-border\"><\/div><\/div><\/div>\n<div class='flex_column_table av-av_one_half-0c68aa1b9bdf96eec60413ed345a0b9a sc-av_one_half av-equal-height-column-flextable'>\n<style type=\"text\/css\" data-created_by=\"avia_inline_auto\" id=\"style-css-av-av_one_half-0c68aa1b9bdf96eec60413ed345a0b9a\">\n.flex_column.av-av_one_half-0c68aa1b9bdf96eec60413ed345a0b9a{\npadding:35px 25px 35px 25px;\nbackground-color:#f2efd3;\n}\n<\/style>\n<div  class='flex_column av-av_one_half-0c68aa1b9bdf96eec60413ed345a0b9a av_one_half  avia-builder-el-1  el_after_av_heading  el_before_av_one_half  first flex_column_table_cell av-equal-height-column av-align-top  '     ><p>\n<style type=\"text\/css\" data-created_by=\"avia_inline_auto\" id=\"style-css-av-ls91j6ia-9e855bab0c820be9584bd8cd7716b1cb\">\n#top .av-special-heading.av-ls91j6ia-9e855bab0c820be9584bd8cd7716b1cb{\npadding-bottom:10px;\n}\nbody .av-special-heading.av-ls91j6ia-9e855bab0c820be9584bd8cd7716b1cb .av-special-heading-tag .heading-char{\nfont-size:25px;\n}\n.av-special-heading.av-ls91j6ia-9e855bab0c820be9584bd8cd7716b1cb .av-subheading{\nfont-size:15px;\n}\n<\/style>\n<div  class='av-special-heading av-ls91j6ia-9e855bab0c820be9584bd8cd7716b1cb av-special-heading-h2 blockquote elegant-quote elegant-centered  avia-builder-el-2  el_before_av_hr  avia-builder-el-first '><h2 class='av-special-heading-tag '  itemprop=\"headline\"  ><span class=\"heading-wrap\">Muestras de suelo<\/span><\/h2><div class=\"special-heading-border\"><div class=\"special-heading-inner-border\"><\/div><\/div><\/div><br \/>\n\n<style type=\"text\/css\" data-created_by=\"avia_inline_auto\" id=\"style-css-av-av_hr-35d53d7be2491954ac97ecc375137ffb\">\n#top .hr.hr-invisible.av-av_hr-35d53d7be2491954ac97ecc375137ffb{\nheight:15px;\n}\n<\/style>\n<div  class='hr av-av_hr-35d53d7be2491954ac97ecc375137ffb hr-invisible  avia-builder-el-3  el_after_av_heading  el_before_av_image '><span class='hr-inner '><span class=\"hr-inner-style\"><\/span><\/span><\/div><br \/>\n\n<style type=\"text\/css\" data-created_by=\"avia_inline_auto\" id=\"style-css-av-av_image-4a71b75f14c981567134ab296b495119\">\n.avia-image-container.av-av_image-4a71b75f14c981567134ab296b495119 img.avia_image{\nbox-shadow:none;\n}\n.avia-image-container.av-av_image-4a71b75f14c981567134ab296b495119 .av-image-caption-overlay-center{\ncolor:#ffffff;\n}\n<\/style>\n<div  class='avia-image-container av-av_image-4a71b75f14c981567134ab296b495119 av-styling- avia-align-center  avia-builder-el-4  el_after_av_hr  el_before_av_textblock '   itemprop=\"image\" itemscope=\"itemscope\" itemtype=\"https:\/\/schema.org\/ImageObject\" ><div class=\"avia-image-container-inner\"><div class=\"avia-image-overlay-wrap\"><img decoding=\"async\" fetchpriority=\"high\" class='wp-image-283 avia-img-lazy-loading-not-283 avia_image ' src=\"https:\/\/www.bodenoekologie.com\/wp-content\/uploads\/2015\/05\/Hero_Bodenproben.png\" alt='' title='Hero_Bodenproben'  height=\"430\" width=\"1500\"  itemprop=\"thumbnailUrl\" srcset=\"https:\/\/www.bodenoekologie.com\/wp-content\/uploads\/2015\/05\/Hero_Bodenproben.png 1500w, https:\/\/www.bodenoekologie.com\/wp-content\/uploads\/2015\/05\/Hero_Bodenproben-300x86.png 300w, https:\/\/www.bodenoekologie.com\/wp-content\/uploads\/2015\/05\/Hero_Bodenproben-1030x295.png 1030w, https:\/\/www.bodenoekologie.com\/wp-content\/uploads\/2015\/05\/Hero_Bodenproben-705x202.png 705w, https:\/\/www.bodenoekologie.com\/wp-content\/uploads\/2015\/05\/Hero_Bodenproben-450x129.png 450w\" sizes=\"(max-width: 1500px) 100vw, 1500px\" \/><\/div><\/div><\/div><br \/>\n<section  class='av_textblock_section av-lsuc567p-c02bb4cdd08fa792db6faabc643822cf '   itemscope=\"itemscope\" itemtype=\"https:\/\/schema.org\/CreativeWork\" ><div class='avia_textblock'  itemprop=\"text\" ><p>Para evaluar la fertilidad del suelo, analizamos y evaluamos el mayor n\u00famero posible de elementos del sistema del suelo y sus interacciones. Esto nos hace \u00fanicos en el mundo de los an\u00e1lisis estandares del suelo. Y usted se beneficia de ello ahorrando fertilizantes y movilizando sustancias de reserva, lo que permite a las plantas crecer sanas y vigorosas y afrontar mejor las situaciones de estr\u00e9s, \u00a1asegurando de forma sostenible la fertilidad del suelo!<\/p>\n<\/div><\/section><br \/>\n<div  class='avia-button-wrap av-ls92o6vd-4686d4c93a89c7731482a09cb501daac-wrap avia-button-center  avia-builder-el-6  el_after_av_textblock  avia-builder-el-last '><a href='https:\/\/www.bodenoekologie.com\/es\/analisis\/muestras-de-suelo\/'  class='avia-button av-ls92o6vd-4686d4c93a89c7731482a09cb501daac av-link-btn avia-icon_select-no avia-size-medium avia-position-center avia-color-theme-color'   aria-label=\"Sigue leyendo\"><span class='avia_iconbox_title' >Sigue leyendo<\/span><\/a><\/div><\/p><\/div><div class='av-flex-placeholder'><\/div>\n<style type=\"text\/css\" data-created_by=\"avia_inline_auto\" id=\"style-css-av-av_one_half-46f35d96250b49cfbe085aa0903ee2f1\">\n.flex_column.av-av_one_half-46f35d96250b49cfbe085aa0903ee2f1{\npadding:35px 25px 35px 25px;\nbackground-color:#f2efd3;\n}\n<\/style>\n<div  class='flex_column av-av_one_half-46f35d96250b49cfbe085aa0903ee2f1 av_one_half  avia-builder-el-7  el_after_av_one_half  el_before_av_one_half  flex_column_table_cell av-equal-height-column av-align-top  '     ><p>\n<style type=\"text\/css\" data-created_by=\"avia_inline_auto\" id=\"style-css-av-ls91lho9-7cd15a3e619475fcb60ac234718269e0\">\n#top .av-special-heading.av-ls91lho9-7cd15a3e619475fcb60ac234718269e0{\npadding-bottom:10px;\n}\nbody .av-special-heading.av-ls91lho9-7cd15a3e619475fcb60ac234718269e0 .av-special-heading-tag .heading-char{\nfont-size:25px;\n}\n.av-special-heading.av-ls91lho9-7cd15a3e619475fcb60ac234718269e0 .av-subheading{\nfont-size:15px;\n}\n<\/style>\n<div  class='av-special-heading av-ls91lho9-7cd15a3e619475fcb60ac234718269e0 av-special-heading-h2 blockquote elegant-quote elegant-centered  avia-builder-el-8  el_before_av_hr  avia-builder-el-first '><h2 class='av-special-heading-tag '  itemprop=\"headline\"  ><span class=\"heading-wrap\">Muestras de plantas<\/span><\/h2><div class=\"special-heading-border\"><div class=\"special-heading-inner-border\"><\/div><\/div><\/div><br \/>\n\n<style type=\"text\/css\" data-created_by=\"avia_inline_auto\" id=\"style-css-av-av_hr-35d53d7be2491954ac97ecc375137ffb\">\n#top .hr.hr-invisible.av-av_hr-35d53d7be2491954ac97ecc375137ffb{\nheight:15px;\n}\n<\/style>\n<div  class='hr av-av_hr-35d53d7be2491954ac97ecc375137ffb hr-invisible  avia-builder-el-9  el_after_av_heading  el_before_av_image '><span class='hr-inner '><span class=\"hr-inner-style\"><\/span><\/span><\/div><br \/>\n\n<style type=\"text\/css\" data-created_by=\"avia_inline_auto\" id=\"style-css-av-av_image-923787ce5b2edf2e891ab3240e58e0a2\">\n.avia-image-container.av-av_image-923787ce5b2edf2e891ab3240e58e0a2 img.avia_image{\nbox-shadow:none;\n}\n.avia-image-container.av-av_image-923787ce5b2edf2e891ab3240e58e0a2 .av-image-caption-overlay-center{\ncolor:#ffffff;\n}\n<\/style>\n<div  class='avia-image-container av-av_image-923787ce5b2edf2e891ab3240e58e0a2 av-styling- avia-align-center  avia-builder-el-10  el_after_av_hr  el_before_av_textblock '   itemprop=\"image\" itemscope=\"itemscope\" itemtype=\"https:\/\/schema.org\/ImageObject\" ><div class=\"avia-image-container-inner\"><div class=\"avia-image-overlay-wrap\"><img decoding=\"async\" fetchpriority=\"high\" class='wp-image-6726 avia-img-lazy-loading-not-6726 avia_image ' src=\"https:\/\/www.bodenoekologie.com\/wp-content\/uploads\/2024\/01\/hero_pflanzenproben.png\" alt='' title='hero_pflanzenproben'  height=\"430\" width=\"1500\"  itemprop=\"thumbnailUrl\" srcset=\"https:\/\/www.bodenoekologie.com\/wp-content\/uploads\/2024\/01\/hero_pflanzenproben.png 1500w, https:\/\/www.bodenoekologie.com\/wp-content\/uploads\/2024\/01\/hero_pflanzenproben-300x86.png 300w, https:\/\/www.bodenoekologie.com\/wp-content\/uploads\/2024\/01\/hero_pflanzenproben-1030x295.png 1030w, https:\/\/www.bodenoekologie.com\/wp-content\/uploads\/2024\/01\/hero_pflanzenproben-768x220.png 768w, https:\/\/www.bodenoekologie.com\/wp-content\/uploads\/2024\/01\/hero_pflanzenproben-705x202.png 705w\" sizes=\"(max-width: 1500px) 100vw, 1500px\" \/><\/div><\/div><\/div><br \/>\n<section  class='av_textblock_section av-lsuc5n9v-b720dadd94b231f93e0fe676fc162c48 '   itemscope=\"itemscope\" itemtype=\"https:\/\/schema.org\/CreativeWork\" ><div class='avia_textblock'  itemprop=\"text\" ><p>Los efectos de los trastornos nutricionales en las plantas son m\u00faltiples y deben aclararse lo antes posible para poder tomar a tiempo las medidas adecuadas. Nuestros an\u00e1lisis de plantas permiten una evaluaci\u00f3n fiable del estado nutricional en el momento de la toma de muestras y, de este modo, proporcionan la base para la adopci\u00f3n de medidas ulteriores y la obtenci\u00f3n de plantas sanas.<\/p>\n<\/div><\/section><br \/>\n<div  class='avia-button-wrap av-ls92or2r-7488973ce3501ddb51efb2130d2ec6df-wrap avia-button-center  avia-builder-el-12  el_after_av_textblock  avia-builder-el-last '><a href='https:\/\/www.bodenoekologie.com\/es\/analisis\/muestras-de-plantas\/'  class='avia-button av-ls92or2r-7488973ce3501ddb51efb2130d2ec6df av-link-btn avia-icon_select-no avia-size-medium avia-position-center avia-color-theme-color'   aria-label=\"Sigue leyendo\"><span class='avia_iconbox_title' >Sigue leyendo<\/span><\/a><\/div><\/p><\/div><\/div><!--close column table wrapper. Autoclose: 1 --><div class='flex_column_table av-av_one_half-0c68aa1b9bdf96eec60413ed345a0b9a sc-av_one_half av-equal-height-column-flextable'>\n<style type=\"text\/css\" data-created_by=\"avia_inline_auto\" id=\"style-css-av-av_one_half-0c68aa1b9bdf96eec60413ed345a0b9a\">\n.flex_column.av-av_one_half-0c68aa1b9bdf96eec60413ed345a0b9a{\npadding:35px 25px 35px 25px;\nbackground-color:#f2efd3;\n}\n<\/style>\n<div  class='flex_column av-av_one_half-0c68aa1b9bdf96eec60413ed345a0b9a av_one_half  avia-builder-el-13  el_after_av_one_half  el_before_av_one_half  first flex_column_table_cell av-equal-height-column av-align-top  column-top-margin'     ><p>\n<style type=\"text\/css\" data-created_by=\"avia_inline_auto\" id=\"style-css-av-ls91l05l-0fdfcdefc1f560537c5e5af47b158e72\">\n#top .av-special-heading.av-ls91l05l-0fdfcdefc1f560537c5e5af47b158e72{\npadding-bottom:10px;\n}\nbody .av-special-heading.av-ls91l05l-0fdfcdefc1f560537c5e5af47b158e72 .av-special-heading-tag .heading-char{\nfont-size:25px;\n}\n.av-special-heading.av-ls91l05l-0fdfcdefc1f560537c5e5af47b158e72 .av-subheading{\nfont-size:15px;\n}\n<\/style>\n<div  class='av-special-heading av-ls91l05l-0fdfcdefc1f560537c5e5af47b158e72 av-special-heading-h2 blockquote elegant-quote elegant-centered  avia-builder-el-14  el_before_av_hr  avia-builder-el-first '><h2 class='av-special-heading-tag '  itemprop=\"headline\"  ><span class=\"heading-wrap\">Muestras especiales<\/span><\/h2><div class=\"special-heading-border\"><div class=\"special-heading-inner-border\"><\/div><\/div><\/div><br \/>\n\n<style type=\"text\/css\" data-created_by=\"avia_inline_auto\" id=\"style-css-av-av_hr-35d53d7be2491954ac97ecc375137ffb\">\n#top .hr.hr-invisible.av-av_hr-35d53d7be2491954ac97ecc375137ffb{\nheight:15px;\n}\n<\/style>\n<div  class='hr av-av_hr-35d53d7be2491954ac97ecc375137ffb hr-invisible  avia-builder-el-15  el_after_av_heading  el_before_av_textblock '><span class='hr-inner '><span class=\"hr-inner-style\"><\/span><\/span><\/div><br \/>\n<section  class='av_textblock_section av-lsuc63d9-a29e81d4e682d5c2feb502d59096307a '   itemscope=\"itemscope\" itemtype=\"https:\/\/schema.org\/CreativeWork\" ><div class='avia_textblock'  itemprop=\"text\" ><p>Previa solicitud, podemos analizar muestras de agua, suelos, extractos vegetales, compost, esti\u00e9rcol y sustratos de fermentaci\u00f3n.<\/p>\n<\/div><\/section><br \/>\n<div  class='avia-button-wrap av-ls92p0z9-8ad7cc0c868d138498ef1ea9d4c95e43-wrap avia-button-center  avia-builder-el-17  el_after_av_textblock  avia-builder-el-last '><a href='https:\/\/www.bodenoekologie.com\/es\/analisis\/spezialproben-es\/'  class='avia-button av-ls92p0z9-8ad7cc0c868d138498ef1ea9d4c95e43 av-link-btn avia-icon_select-no avia-size-medium avia-position-center avia-color-theme-color'   aria-label=\"Sigue leyendo\"><span class='avia_iconbox_title' >Sigue leyendo<\/span><\/a><\/div><\/p><\/div><div class='av-flex-placeholder'><\/div>\n<style type=\"text\/css\" data-created_by=\"avia_inline_auto\" id=\"style-css-av-av_one_half-46f35d96250b49cfbe085aa0903ee2f1\">\n.flex_column.av-av_one_half-46f35d96250b49cfbe085aa0903ee2f1{\npadding:35px 25px 35px 25px;\nbackground-color:#f2efd3;\n}\n<\/style>\n<div  class='flex_column av-av_one_half-46f35d96250b49cfbe085aa0903ee2f1 av_one_half  avia-builder-el-18  el_after_av_one_half  avia-builder-el-last  flex_column_table_cell av-equal-height-column av-align-top  column-top-margin'     ><p>\n<style type=\"text\/css\" data-created_by=\"avia_inline_auto\" id=\"style-css-av-ls91kl5o-eb4a7098e60699d1caa0906e79695943\">\n#top .av-special-heading.av-ls91kl5o-eb4a7098e60699d1caa0906e79695943{\npadding-bottom:10px;\n}\nbody .av-special-heading.av-ls91kl5o-eb4a7098e60699d1caa0906e79695943 .av-special-heading-tag .heading-char{\nfont-size:25px;\n}\n.av-special-heading.av-ls91kl5o-eb4a7098e60699d1caa0906e79695943 .av-subheading{\nfont-size:15px;\n}\n<\/style>\n<div  class='av-special-heading av-ls91kl5o-eb4a7098e60699d1caa0906e79695943 av-special-heading-h2 blockquote elegant-quote elegant-centered  avia-builder-el-19  el_before_av_hr  avia-builder-el-first '><h2 class='av-special-heading-tag '  itemprop=\"headline\"  ><span class=\"heading-wrap\">Estudio de suelo<\/span><\/h2><div class=\"special-heading-border\"><div class=\"special-heading-inner-border\"><\/div><\/div><\/div><br \/>\n\n<style type=\"text\/css\" data-created_by=\"avia_inline_auto\" id=\"style-css-av-av_hr-35d53d7be2491954ac97ecc375137ffb\">\n#top .hr.hr-invisible.av-av_hr-35d53d7be2491954ac97ecc375137ffb{\nheight:15px;\n}\n<\/style>\n<div  class='hr av-av_hr-35d53d7be2491954ac97ecc375137ffb hr-invisible  avia-builder-el-20  el_after_av_heading  el_before_av_textblock '><span class='hr-inner '><span class=\"hr-inner-style\"><\/span><\/span><\/div><br \/>\n<section  class='av_textblock_section av-lsuc6kq0-3320b40478dad20d50b22768b78445ee '   itemscope=\"itemscope\" itemtype=\"https:\/\/schema.org\/CreativeWork\" ><div class='avia_textblock'  itemprop=\"text\" ><p>Un asesoramiento profesional de suelos examina, entre otras cosas, la idoneidad de terrenos y superficies agr\u00edcolas para la utilizaci\u00f3n o el uso previsto, por ejemplo, antes de considerar un contrato de arrendamiento o compraventa o en el contexto de una evaluaci\u00f3n de impacto ambiental (EIA).<\/p>\n<\/div><\/section><br \/>\n<div  class='avia-button-wrap av-ls92p9lm-40a2a6e03b3c90fec454a6d94b188d50-wrap avia-button-center  avia-builder-el-22  el_after_av_textblock  avia-builder-el-last '><a href='https:\/\/www.bodenoekologie.com\/es\/analisis\/gutachten-es\/'  class='avia-button av-ls92p9lm-40a2a6e03b3c90fec454a6d94b188d50 av-link-btn avia-icon_select-no avia-size-medium avia-position-center avia-color-theme-color'   aria-label=\"Sigue leyendo\"><span class='avia_iconbox_title' >Sigue leyendo<\/span><\/a><\/div><\/p><\/div><\/div><!--close column table wrapper. Autoclose: 1 --><\/p>\n","protected":false},"excerpt":{"rendered":"","protected":false},"author":1,"featured_media":0,"parent":0,"menu_order":0,"comment_status":"closed","ping_status":"closed","template":"","meta":{"footnotes":""},"class_list":["post-2695","page","type-page","status-publish","hentry"],"_links":{"self":[{"href":"https:\/\/www.bodenoekologie.com\/es\/wp-json\/wp\/v2\/pages\/2695"}],"collection":[{"href":"https:\/\/www.bodenoekologie.com\/es\/wp-json\/wp\/v2\/pages"}],"about":[{"href":"https:\/\/www.bodenoekologie.com\/es\/wp-json\/wp\/v2\/types\/page"}],"author":[{"embeddable":true,"href":"https:\/\/www.bodenoekologie.com\/es\/wp-json\/wp\/v2\/users\/1"}],"replies":[{"embeddable":true,"href":"https:\/\/www.bodenoekologie.com\/es\/wp-json\/wp\/v2\/comments?post=2695"}],"version-history":[{"count":8,"href":"https:\/\/www.bodenoekologie.com\/es\/wp-json\/wp\/v2\/pages\/2695\/revisions"}],"predecessor-version":[{"id":7858,"href":"https:\/\/www.bodenoekologie.com\/es\/wp-json\/wp\/v2\/pages\/2695\/revisions\/7858"}],"wp:attachment":[{"href":"https:\/\/www.bodenoekologie.com\/es\/wp-json\/wp\/v2\/media?parent=2695"}],"curies":[{"name":"wp","href":"https:\/\/api.w.org\/{rel}","templated":true}]}}