{"id":2718,"date":"2021-02-23T01:34:56","date_gmt":"2021-02-23T00:34:56","guid":{"rendered":"https:\/\/www.bodenoekologie.com\/?page_id=2718"},"modified":"2024-01-23T09:32:24","modified_gmt":"2024-01-23T08:32:24","slug":"formacion","status":"publish","type":"page","link":"https:\/\/www.bodenoekologie.com\/es\/formacion\/","title":{"rendered":"Formaci\u00f3n"},"content":{"rendered":"\n<style type=\"text\/css\" data-created_by=\"avia_inline_auto\" id=\"style-css-av-8hg5j-ecece7e69c6acce5320c5e29b3a8c387\">\n.avia-image-container.av-8hg5j-ecece7e69c6acce5320c5e29b3a8c387 img.avia_image{\nbox-shadow:none;\n}\n.avia-image-container.av-8hg5j-ecece7e69c6acce5320c5e29b3a8c387 .av-image-caption-overlay-center{\ncolor:#ffffff;\n}\n<\/style>\n<div  class='avia-image-container av-8hg5j-ecece7e69c6acce5320c5e29b3a8c387 av-styling- avia-align-center  avia-builder-el-0  el_before_av_hr  avia-builder-el-first '   itemprop=\"image\" itemscope=\"itemscope\" itemtype=\"https:\/\/schema.org\/ImageObject\" ><div class=\"avia-image-container-inner\"><div class=\"avia-image-overlay-wrap\"><img decoding=\"async\" fetchpriority=\"high\" class='wp-image-5027 avia-img-lazy-loading-not-5027 avia_image ' src=\"https:\/\/www.bodenoekologie.com\/wp-content\/uploads\/2022\/04\/Hero_Abbildung_neu.jpg\" alt='' title='Hero_Abbildung_neu'  height=\"430\" width=\"1503\"  itemprop=\"thumbnailUrl\" srcset=\"https:\/\/www.bodenoekologie.com\/wp-content\/uploads\/2022\/04\/Hero_Abbildung_neu.jpg 1503w, https:\/\/www.bodenoekologie.com\/wp-content\/uploads\/2022\/04\/Hero_Abbildung_neu-300x86.jpg 300w, https:\/\/www.bodenoekologie.com\/wp-content\/uploads\/2022\/04\/Hero_Abbildung_neu-1030x295.jpg 1030w, https:\/\/www.bodenoekologie.com\/wp-content\/uploads\/2022\/04\/Hero_Abbildung_neu-768x220.jpg 768w, https:\/\/www.bodenoekologie.com\/wp-content\/uploads\/2022\/04\/Hero_Abbildung_neu-1500x429.jpg 1500w, https:\/\/www.bodenoekologie.com\/wp-content\/uploads\/2022\/04\/Hero_Abbildung_neu-705x202.jpg 705w, https:\/\/www.bodenoekologie.com\/wp-content\/uploads\/2022\/04\/Hero_Abbildung_neu-450x129.jpg 450w\" sizes=\"(max-width: 1503px) 100vw, 1503px\" \/><\/div><\/div><\/div>\n\n<style type=\"text\/css\" data-created_by=\"avia_inline_auto\" id=\"style-css-av-l1ysibqq-1640faace123e1e4bd7b4abd468ede8d\">\n#top .hr.hr-invisible.av-l1ysibqq-1640faace123e1e4bd7b4abd468ede8d{\nheight:20px;\n}\n<\/style>\n<div  class='hr av-l1ysibqq-1640faace123e1e4bd7b4abd468ede8d hr-invisible  avia-builder-el-1  el_after_av_image  el_before_av_textblock '><span class='hr-inner '><span class=\"hr-inner-style\"><\/span><\/span><\/div>\n<section  class='av_textblock_section av-l1ysh7ol-76b7332286507b260cb552f5c18a92bc '   itemscope=\"itemscope\" itemtype=\"https:\/\/schema.org\/CreativeWork\" ><div class='avia_textblock'  itemprop=\"text\" ><h1>Formaci\u00f3n y Educaci\u00f3n<\/h1>\n<\/div><\/section>\n\n<style type=\"text\/css\" data-created_by=\"avia_inline_auto\" id=\"style-css-av-av_heading-ec1adad241cb2b789b18122fd7d8eaf6\">\n#top .av-special-heading.av-av_heading-ec1adad241cb2b789b18122fd7d8eaf6{\npadding-bottom:10px;\n}\nbody .av-special-heading.av-av_heading-ec1adad241cb2b789b18122fd7d8eaf6 .av-special-heading-tag .heading-char{\nfont-size:25px;\n}\n.av-special-heading.av-av_heading-ec1adad241cb2b789b18122fd7d8eaf6 .av-subheading{\nfont-size:15px;\n}\n<\/style>\n<div  class='av-special-heading av-av_heading-ec1adad241cb2b789b18122fd7d8eaf6 av-special-heading-h3  avia-builder-el-3  el_after_av_textblock  el_before_av_textblock '><h3 class='av-special-heading-tag '  itemprop=\"headline\"  >Ofrecemos\u2026<\/h3><div class=\"special-heading-border\"><div class=\"special-heading-inner-border\"><\/div><\/div><\/div>\n<section  class='av_textblock_section av-7lnh7-4eae118d9bfe4251b2b2bc8b0cdb1f50 '   itemscope=\"itemscope\" itemtype=\"https:\/\/schema.org\/CreativeWork\" ><div class='avia_textblock'  itemprop=\"text\" ><p>\u2026 charlas de expertos y t\u00e9cnicos, jornadas de campo, seminarios y talleres avanzados sobre diferentes temas de pedolog\u00eda y ecolog\u00eda para organizaciones, asociaciones, clubes, escuelas, etc. \u2026<\/p>\n<\/div><\/section>\n<div  class='flex_column av-70gcz-fccd05cea5d0403b5938bf3412265fb2 av_one_half  avia-builder-el-5  el_after_av_textblock  el_before_av_one_half  first flex_column_div  column-top-margin'     ><section  class='av_textblock_section av-64px7-91edb9d7ce15253293f54184d53a9c2d '   itemscope=\"itemscope\" itemtype=\"https:\/\/schema.org\/CreativeWork\" ><div class='avia_textblock'  itemprop=\"text\" ><h3>Selecci\u00f3n de contenidos y enfoques principales:<\/h3>\n<ul>\n<li>Fertilidad del suelo<\/li>\n<li>Biolog\u00eda del suelo<\/li>\n<li>Din\u00e1mica de nutrientes<\/li>\n<li>Din\u00e1mica del f\u00f3sforo<\/li>\n<li>Acidificaci\u00f3n del suelo<\/li>\n<li>Pur\u00edn de biog\u00e1s: impacto en la fertilidad del suelo<\/li>\n<li>M\u00e9todos de an\u00e1lisis<\/li>\n<li>Balance de radiaci\u00f3n y energ\u00eda del suelo<\/li>\n<li>Din\u00e1mica de nutrientes de diferentes cultivos<\/li>\n<li>Perfiles de nutrientes<\/li>\n<li>Evaluaci\u00f3n de suelos<\/li>\n<li>Muestreo de suelo<\/li>\n<li>Pruebas de suelo sencillos<\/li>\n<li>Ciencias del suelo de campo<\/li>\n<li>Descripci\u00f3n de perfiles de suelo<\/li>\n<li>&#8230;<\/li>\n<\/ul>\n<p>Los contenidos se adaptan respecto a los conocimientos previos de los participantes.<\/p>\n<p>Durante las jornadas de campo y los seminarios, los contenidos te\u00f3ricos se elaboran en conjunto. El suelo se experimenta con todos los sentidos (saborear \/ amasar, oler, masticar \/ comer), se discuten y aprenden m\u00e9todos de prueba sencillos.<\/p>\n<\/div><\/section><\/div>\n\n<style type=\"text\/css\" data-created_by=\"avia_inline_auto\" id=\"style-css-av-5l4d7-b6736cdd0b5a3aa33ab92fd20feb1d06\">\n.flex_column.av-5l4d7-b6736cdd0b5a3aa33ab92fd20feb1d06{\nborder-radius:0px 0px 0px 0px;\npadding:0px 0px 0px 0px;\n}\n<\/style>\n<div  class='flex_column av-5l4d7-b6736cdd0b5a3aa33ab92fd20feb1d06 av_one_half  avia-builder-el-7  el_after_av_one_half  el_before_av_one_full  flex_column_div av-zero-column-padding  column-top-margin'     ><form action=\"https:\/\/www.bodenoekologie.com\/es\/formacion\/\" method=\"post\" data-fields-with-error=\"Found errors in the following field(s):\" class=\"avia_ajax_form av-form-labels-hidden   avia-builder-el-8  avia-builder-el-no-sibling   \" data-avia-form-id=\"1\" data-avia-redirect='' ><h3 class=''>Solicitud<\/h3><fieldset><p class='  first_form  form_element form_fullwidth' id='element_avia_1_1'><label for=\"avia_1_1\">Empresa o entidad<\/label> <input name=\"avia_1_1\" class=\"text_input \" type=\"text\" id=\"avia_1_1\" value=\"\"  placeholder='Empresa o entidad'\/><\/p><p class='  first_form  form_element form_fullwidth' id='element_avia_2_1'><label for=\"avia_2_1\">Su nombre <abbr class=\"required\" title=\"requerido\">*<\/abbr><\/label> <input name=\"avia_2_1\" class=\"text_input is_empty\" type=\"text\" id=\"avia_2_1\" value=\"\"  placeholder='Su nombre*'\/><\/p><p class='  first_form  form_element form_fullwidth' id='element_avia_3_1'><label for=\"avia_3_1\">Correo electr\u00f3nico <abbr class=\"required\" title=\"requerido\">*<\/abbr><\/label> <input name=\"avia_3_1\" class=\"text_input is_email\" type=\"text\" id=\"avia_3_1\" value=\"\"  placeholder='Correo electr\u00f3nico*'\/><\/p><p class='  first_form  form_element form_fullwidth' id='element_avia_4_1'><label for=\"avia_4_1\">N\u00famero de tel\u00e9fono <abbr class=\"required\" title=\"requerido\">*<\/abbr><\/label> <input name=\"avia_4_1\" class=\"text_input is_phone\" type=\"text\" id=\"avia_4_1\" value=\"\"  placeholder='N\u00famero de tel\u00e9fono*'\/><\/p><p class='  first_form  form_element form_fullwidth' id='element_avia_5_1'><label for=\"avia_5_1\" class=\"textare_label hidden textare_label_avia_5_1\">Su mensaje (por ejemplo: contenidos del taller deseado \/ plazo \/ fecha del evento \/ lugar \/ n\u00famero previsto de participantes \/ conocimientos b\u00e1sicos de los participantes) <abbr class=\"required\" title=\"requerido\">*<\/abbr><\/label><textarea  placeholder='Su mensaje (por ejemplo: contenidos del taller deseado \/ plazo \/ fecha del evento \/ lugar \/ n\u00famero previsto de participantes \/ conocimientos b\u00e1sicos de los participantes)*' name=\"avia_5_1\" class=\"text_area is_empty\" cols=\"40\" rows=\"7\" id=\"avia_5_1\" ><\/textarea><\/p><p class=\"hidden\"><input type=\"text\" name=\"avia_6_1\" class=\"hidden \" id=\"avia_6_1\" value=\"\" \/><\/p><p class='   form_element form_fullwidth' id='element_avia_7_1'><span class='value_verifier_label'>0 + 2 = ?<\/span><input name=\"avia_7_1_verifier\" type=\"hidden\" id=\"avia_7_1_verifier\" value=\"212846782\"\/><label for=\"avia_7_1\">Para mayor seguridad, responde la siguiente pregunta <abbr class=\"required\" title=\"requerido\">*<\/abbr><\/label><input name=\"avia_7_1\" class=\"text_input captcha\" type=\"text\" id=\"avia_7_1\" value=\"\"\/><\/p><p class=\"form_element \"><input type=\"hidden\" value=\"1\" name=\"avia_generated_form1\" \/><input type=\"submit\" value=\"Enviar solicitud\" class=\"button\"  data-sending-label=\"Enviando\"\/><\/p><\/fieldset><\/form><div id=\"ajaxresponse_1\" class=\"ajaxresponse ajaxresponse_1 hidden\"><\/div><\/div>\n\n<style type=\"text\/css\" data-created_by=\"avia_inline_auto\" id=\"style-css-av-1q4cr-896ac9f45ed1aed5dba3042df28e68c0\">\n.flex_column.av-1q4cr-896ac9f45ed1aed5dba3042df28e68c0{\nborder-radius:0px 0px 0px 0px;\npadding:0px 0px 0px 0px;\n}\n<\/style>\n<div  class='flex_column av-1q4cr-896ac9f45ed1aed5dba3042df28e68c0 av_one_full  avia-builder-el-9  el_after_av_one_half  el_before_av_textblock  first flex_column_div av-zero-column-padding  column-top-margin'     ><section  class='av_textblock_section av-rkg7-82a70192a653137a57f249cc1afefec7 '   itemscope=\"itemscope\" itemtype=\"https:\/\/schema.org\/CreativeWork\" ><div class='avia_textblock'  itemprop=\"text\" ><h3>Formaci\u00f3n avanzada<\/h3>\n<p><strong>\u201cRichtig Gie\u00dfen\u201d: buenas pr\u00e1cticas de riego<\/strong><\/p>\n<p>Los cultivos necesitan tanto un buen suelo como un riego acorde a la demanda para ser productivas. Los m\u00e9todos de riego incorrectos pueden da\u00f1ar el suelo, los cultivos y adem\u00e1s desperdiciar innecesariamente valiosos recursos h\u00eddricos y energ\u00e9ticos.<\/p>\n<p>En este contexto, el curso de formaci\u00f3n avanzada \u201cRichtig Gie\u00dfen\u201d fue desarrollado por el experimentado especialista en riego Stefan Glaser en colaboraci\u00f3n con la Universidad de Recursos Naturales y Ciencias de la Vida (BOKU) de Viena. Est\u00e1 dirigido tanto a agricultores como a horticultores. El curso proporciona conocimientos sobre el agua en el suelo y m\u00e9todos de irrigaci\u00f3n eficientes.<\/p>\n<\/div><\/section><\/div>\n<section  class='av_textblock_section av-av_textblock-445188a952fb265869ea404d0e52fad7 '   itemscope=\"itemscope\" itemtype=\"https:\/\/schema.org\/CreativeWork\" ><div class='avia_textblock'  itemprop=\"text\" ><\/div><\/section>\n","protected":false},"excerpt":{"rendered":"","protected":false},"author":1,"featured_media":0,"parent":0,"menu_order":0,"comment_status":"closed","ping_status":"closed","template":"","meta":{"footnotes":""},"class_list":["post-2718","page","type-page","status-publish","hentry"],"_links":{"self":[{"href":"https:\/\/www.bodenoekologie.com\/es\/wp-json\/wp\/v2\/pages\/2718"}],"collection":[{"href":"https:\/\/www.bodenoekologie.com\/es\/wp-json\/wp\/v2\/pages"}],"about":[{"href":"https:\/\/www.bodenoekologie.com\/es\/wp-json\/wp\/v2\/types\/page"}],"author":[{"embeddable":true,"href":"https:\/\/www.bodenoekologie.com\/es\/wp-json\/wp\/v2\/users\/1"}],"replies":[{"embeddable":true,"href":"https:\/\/www.bodenoekologie.com\/es\/wp-json\/wp\/v2\/comments?post=2718"}],"version-history":[{"count":5,"href":"https:\/\/www.bodenoekologie.com\/es\/wp-json\/wp\/v2\/pages\/2718\/revisions"}],"predecessor-version":[{"id":7935,"href":"https:\/\/www.bodenoekologie.com\/es\/wp-json\/wp\/v2\/pages\/2718\/revisions\/7935"}],"wp:attachment":[{"href":"https:\/\/www.bodenoekologie.com\/es\/wp-json\/wp\/v2\/media?parent=2718"}],"curies":[{"name":"wp","href":"https:\/\/api.w.org\/{rel}","templated":true}]}}