{"id":2725,"date":"2021-02-23T01:38:59","date_gmt":"2021-02-23T00:38:59","guid":{"rendered":"https:\/\/www.bodenoekologie.com\/?page_id=2725"},"modified":"2021-05-27T12:02:49","modified_gmt":"2021-05-27T10:02:49","slug":"informacion","status":"publish","type":"page","link":"https:\/\/www.bodenoekologie.com\/es\/informacion\/","title":{"rendered":"Informaci\u00f3n"},"content":{"rendered":"\n<style type=\"text\/css\" data-created_by=\"avia_inline_auto\" id=\"style-css-av-av_heading-feb2108fc6f05ba99139521becca6971\">\n#top .av-special-heading.av-av_heading-feb2108fc6f05ba99139521becca6971{\npadding-bottom:10px;\n}\nbody .av-special-heading.av-av_heading-feb2108fc6f05ba99139521becca6971 .av-special-heading-tag .heading-char{\nfont-size:25px;\n}\n.av-special-heading.av-av_heading-feb2108fc6f05ba99139521becca6971 .av-subheading{\nfont-size:15px;\n}\n<\/style>\n<div  class='av-special-heading av-av_heading-feb2108fc6f05ba99139521becca6971 av-special-heading-h1  avia-builder-el-0  el_before_av_hr  avia-builder-el-first '><h1 class='av-special-heading-tag '  itemprop=\"headline\"  >M\u00e1s informaci\u00f3n<\/h1><div class=\"special-heading-border\"><div class=\"special-heading-inner-border\"><\/div><\/div><\/div>\n\n<style type=\"text\/css\" data-created_by=\"avia_inline_auto\" id=\"style-css-av-kp6q9lmx-b5d170c8695c774b9a567fb5d4735fe0\">\n#top .hr.hr-invisible.av-kp6q9lmx-b5d170c8695c774b9a567fb5d4735fe0{\nheight:35px;\n}\n<\/style>\n<div  class='hr av-kp6q9lmx-b5d170c8695c774b9a567fb5d4735fe0 hr-invisible  avia-builder-el-1  el_after_av_heading  el_before_av_one_full '><span class='hr-inner '><span class=\"hr-inner-style\"><\/span><\/span><\/div>\n<div  class='flex_column av-7v7xa-8b76ff16e43e94743e03659584329a82 av_one_full  avia-builder-el-2  el_after_av_hr  el_before_av_hr  first flex_column_div  '     ><style type=\"text\/css\" data-created_by=\"avia_inline_auto\" id=\"style-css-av-k8zozwyv-61c6422463659baca711f64e8f91bc86\">\n.avia-image-container.av-k8zozwyv-61c6422463659baca711f64e8f91bc86 img.avia_image{\nbox-shadow:none;\n}\n.avia-image-container.av-k8zozwyv-61c6422463659baca711f64e8f91bc86 .av-image-caption-overlay-center{\ncolor:#ffffff;\n}\n<\/style>\n<div  class='avia-image-container av-k8zozwyv-61c6422463659baca711f64e8f91bc86 av-styling- av-img-linked avia-align-center  avia-builder-el-3  avia-builder-el-no-sibling '   itemprop=\"image\" itemscope=\"itemscope\" itemtype=\"https:\/\/schema.org\/ImageObject\" ><div class=\"avia-image-container-inner\"><div class=\"avia-image-overlay-wrap\"><a href=\"https:\/\/www.bodenoekologie.com\/es\/aviso-legal\/\" class='avia_image '  aria-label='Soilbook_Banner EN'><img decoding=\"async\" fetchpriority=\"high\" class='wp-image-3394 avia-img-lazy-loading-not-3394 avia_image ' src=\"https:\/\/www.bodenoekologie.com\/wp-content\/uploads\/2021\/05\/Soilbook_Banner-EN.jpg\" alt='' title='Soilbook_Banner EN'  height=\"262\" width=\"793\"  itemprop=\"thumbnailUrl\" srcset=\"https:\/\/www.bodenoekologie.com\/wp-content\/uploads\/2021\/05\/Soilbook_Banner-EN.jpg 793w, https:\/\/www.bodenoekologie.com\/wp-content\/uploads\/2021\/05\/Soilbook_Banner-EN-300x99.jpg 300w, https:\/\/www.bodenoekologie.com\/wp-content\/uploads\/2021\/05\/Soilbook_Banner-EN-768x254.jpg 768w, https:\/\/www.bodenoekologie.com\/wp-content\/uploads\/2021\/05\/Soilbook_Banner-EN-705x233.jpg 705w, https:\/\/www.bodenoekologie.com\/wp-content\/uploads\/2021\/05\/Soilbook_Banner-EN-450x149.jpg 450w\" sizes=\"(max-width: 793px) 100vw, 793px\" \/><\/a><\/div><\/div><\/div><\/div>\n<style type=\"text\/css\" data-created_by=\"avia_inline_auto\" id=\"style-css-av-kp6q9lmx-b5d170c8695c774b9a567fb5d4735fe0\">\n#top .hr.hr-invisible.av-kp6q9lmx-b5d170c8695c774b9a567fb5d4735fe0{\nheight:35px;\n}\n<\/style>\n<div  class='hr av-kp6q9lmx-b5d170c8695c774b9a567fb5d4735fe0 hr-invisible  avia-builder-el-4  el_after_av_one_full  el_before_av_one_half '><span class='hr-inner '><span class=\"hr-inner-style\"><\/span><\/span><\/div><\/p>\n<div  class='flex_column av-7flvy-feae9efb9519e01e66b0be70b7d26006 av_one_half  avia-builder-el-5  el_after_av_hr  el_before_av_one_half  first flex_column_div  '     ><article  class='iconbox iconbox_top av-6suae-4ec0d141d36ce58fe5ff09f2e44886ac  avia-builder-el-6  avia-builder-el-no-sibling  main_color'  itemscope=\"itemscope\" itemtype=\"https:\/\/schema.org\/CreativeWork\" ><div class=\"iconbox_content\"><header class=\"entry-content-header\" aria-label=\"Icon: Informes\"><a href='https:\/\/www.bodenoekologie.com\/es\/aviso-legal\/' title='Informes'  class=\"iconbox_icon heading-color\" aria-hidden='true' data-av_icon='\ue8c9' data-av_iconfont='entypo-fontello'><\/a><h3 class='iconbox_content_title '  itemprop=\"headline\" ><a href='https:\/\/www.bodenoekologie.com\/es\/aviso-legal\/' title='Informes' >Informes<\/a><\/h3><\/header><div class='iconbox_content_container '  itemprop=\"text\" ><p>Aqu\u00ed puede encontrar hojas de resumen informativas sobre an\u00e1lisis de suelos, muestreo, nutrientes, programas de an\u00e1lisis y m\u00e1s.<\/p>\n<div  class='avia-button-wrap av-6f7be-775453fea277e0d3f95cefb506929b9c-wrap avia-button-center  avia-builder-el-7  avia-builder-el-no-sibling '><a href='https:\/\/www.bodenoekologie.com\/labor\/infoblaetter\/'  class='avia-button av-6f7be-775453fea277e0d3f95cefb506929b9c av-link-btn avia-icon_select-no avia-size-small avia-position-center avia-color-theme-color-subtle'   aria-label=\"Weiter\"><span class='avia_iconbox_title' >Weiter<\/span><\/a><\/div>\n<\/div><\/div><footer class=\"entry-footer\"><\/footer><\/article><\/div>\n<div  class='flex_column av-5f8pu-af5991a8a72f54fabbb9798581a7bc83 av_one_half  avia-builder-el-8  el_after_av_one_half  el_before_av_one_half  flex_column_div  '     ><article  class='iconbox iconbox_top av-54cz2-3a92e3319c29eec63280699f1d1c431a  avia-builder-el-9  avia-builder-el-no-sibling  main_color'  itemscope=\"itemscope\" itemtype=\"https:\/\/schema.org\/CreativeWork\" ><div class=\"iconbox_content\"><header class=\"entry-content-header\" aria-label=\"Icon: Conferencias y charlas\"><a href='https:\/\/www.bodenoekologie.com\/es\/aviso-legal\/' title='Conferencias y charlas'  class=\"iconbox_icon heading-color\" aria-hidden='true' data-av_icon='\ue8c9' data-av_iconfont='entypo-fontello'><\/a><h3 class='iconbox_content_title '  itemprop=\"headline\" ><a href='https:\/\/www.bodenoekologie.com\/es\/aviso-legal\/' title='Conferencias y charlas' >Conferencias y charlas<\/a><\/h3><\/header><div class='iconbox_content_container '  itemprop=\"text\" ><p>Aqu\u00ed puede encontrar una selecci\u00f3n de conferencias y charlas sobre una variedad de temas edafol\u00f3gicos de GmbH TB Unterfrauner.<\/p>\n<div  class='avia-button-wrap av-48htu-952722bb9cb70d35c109a7abb4b1e1f1-wrap avia-button-center  avia-builder-el-10  avia-builder-el-no-sibling '><a href='https:\/\/www.bodenoekologie.com\/wissenswertes\/vortraege\/'  class='avia-button av-48htu-952722bb9cb70d35c109a7abb4b1e1f1 av-link-btn avia-icon_select-no avia-size-small avia-position-center avia-color-theme-color-subtle'   aria-label=\"Weiter\"><span class='avia_iconbox_title' >Weiter<\/span><\/a><\/div>\n<\/div><\/div><footer class=\"entry-footer\"><\/footer><\/article><\/div>\n<div  class='flex_column av-3qwkm-de46a0efd8350a4e983b0fc512f08d61 av_one_half  avia-builder-el-11  el_after_av_one_half  el_before_av_one_half  first flex_column_div  column-top-margin'     ><article  class='iconbox iconbox_top av-bpxe-e15144623d14f332a9151aa5c53b9100  avia-builder-el-12  avia-builder-el-no-sibling  main_color'  itemscope=\"itemscope\" itemtype=\"https:\/\/schema.org\/CreativeWork\" ><div class=\"iconbox_content\"><header class=\"entry-content-header\" aria-label=\"Icon: Publicaciones y proyectos\"><a href='https:\/\/www.bodenoekologie.com\/es\/aviso-legal\/' title='Publicaciones y proyectos'  class=\"iconbox_icon heading-color\" aria-hidden='true' data-av_icon='\ue8c9' data-av_iconfont='entypo-fontello'><\/a><h3 class='iconbox_content_title '  itemprop=\"headline\" ><a href='https:\/\/www.bodenoekologie.com\/es\/aviso-legal\/' title='Publicaciones y proyectos' >Publicaciones y proyectos<\/a><\/h3><\/header><div class='iconbox_content_container '  itemprop=\"text\" ><p>Aqu\u00ed puede encontrar informaci\u00f3n sobre las actividades y colaboraciones de la oficina t\u00e9cnica en proyectos, estudios y publicaciones.<\/p>\n<div  class='avia-button-wrap av-2r8uq-a34ebaf43e6dde61f4ed21bdcdc7f8ad-wrap avia-button-center  avia-builder-el-13  avia-builder-el-no-sibling '><a href='https:\/\/www.bodenoekologie.com\/wissenswertes\/publikationen\/'  class='avia-button av-2r8uq-a34ebaf43e6dde61f4ed21bdcdc7f8ad av-link-btn avia-icon_select-no avia-size-small avia-position-center avia-color-theme-color-subtle'   aria-label=\"Weiter\"><span class='avia_iconbox_title' >Weiter<\/span><\/a><\/div>\n<\/div><\/div><footer class=\"entry-footer\"><\/footer><\/article><\/div>\n<div  class='flex_column av-1v01u-fd9fced34f4c4e075003cc694d5d711c av_one_half  avia-builder-el-14  el_after_av_one_half  avia-builder-el-last  flex_column_div  column-top-margin'     ><article  class='iconbox iconbox_top av-1eaw6-c5c2fb8bedee9e33348aed122d651362  avia-builder-el-15  avia-builder-el-no-sibling  main_color'  itemscope=\"itemscope\" itemtype=\"https:\/\/schema.org\/CreativeWork\" ><div class=\"iconbox_content\"><header class=\"entry-content-header\" aria-label=\"Icon: Tesis de diploma\"><a href='https:\/\/www.bodenoekologie.com\/es\/aviso-legal\/' title='Tesis de diploma'  class=\"iconbox_icon heading-color\" aria-hidden='true' data-av_icon='\ue8c9' data-av_iconfont='entypo-fontello'><\/a><h3 class='iconbox_content_title '  itemprop=\"headline\" ><a href='https:\/\/www.bodenoekologie.com\/es\/aviso-legal\/' title='Tesis de diploma' >Tesis de diploma<\/a><\/h3><\/header><div class='iconbox_content_container '  itemprop=\"text\" ><p>Aqu\u00ed puede encontrar informaci\u00f3n breve sobre el contenido y los autores de las tesis de diploma que la oficina ha supervisado.<\/p>\n<div  class='avia-button-wrap av-11jk2-5a57a348a7922d5d9b3b56833a7d58a1-wrap avia-button-center  avia-builder-el-16  avia-builder-el-no-sibling '><a href='https:\/\/www.bodenoekologie.com\/wissenswertes\/diplomarbeiten\/'  class='avia-button av-11jk2-5a57a348a7922d5d9b3b56833a7d58a1 av-link-btn avia-icon_select-no avia-size-small avia-position-center avia-color-theme-color-subtle'   aria-label=\"Weiter\"><span class='avia_iconbox_title' >Weiter<\/span><\/a><\/div>\n<\/div><\/div><footer class=\"entry-footer\"><\/footer><\/article><\/div>\n","protected":false},"excerpt":{"rendered":"","protected":false},"author":1,"featured_media":0,"parent":0,"menu_order":0,"comment_status":"open","ping_status":"open","template":"","meta":{"footnotes":""},"class_list":["post-2725","page","type-page","status-publish","hentry"],"_links":{"self":[{"href":"https:\/\/www.bodenoekologie.com\/es\/wp-json\/wp\/v2\/pages\/2725"}],"collection":[{"href":"https:\/\/www.bodenoekologie.com\/es\/wp-json\/wp\/v2\/pages"}],"about":[{"href":"https:\/\/www.bodenoekologie.com\/es\/wp-json\/wp\/v2\/types\/page"}],"author":[{"embeddable":true,"href":"https:\/\/www.bodenoekologie.com\/es\/wp-json\/wp\/v2\/users\/1"}],"replies":[{"embeddable":true,"href":"https:\/\/www.bodenoekologie.com\/es\/wp-json\/wp\/v2\/comments?post=2725"}],"version-history":[{"count":5,"href":"https:\/\/www.bodenoekologie.com\/es\/wp-json\/wp\/v2\/pages\/2725\/revisions"}],"predecessor-version":[{"id":7936,"href":"https:\/\/www.bodenoekologie.com\/es\/wp-json\/wp\/v2\/pages\/2725\/revisions\/7936"}],"wp:attachment":[{"href":"https:\/\/www.bodenoekologie.com\/es\/wp-json\/wp\/v2\/media?parent=2725"}],"curies":[{"name":"wp","href":"https:\/\/api.w.org\/{rel}","templated":true}]}}