{"id":2855,"date":"2021-02-24T18:45:50","date_gmt":"2021-02-24T17:45:50","guid":{"rendered":"https:\/\/www.bodenoekologie.com\/bodenproben\/analisis\/"},"modified":"2022-06-15T13:20:26","modified_gmt":"2022-06-15T11:20:26","slug":"analisis","status":"publish","type":"page","link":"https:\/\/www.bodenoekologie.com\/es\/labor-es\/analisis\/","title":{"rendered":"El An\u00e1lisis Fraccionado"},"content":{"rendered":"\n<style type=\"text\/css\" data-created_by=\"avia_inline_auto\" id=\"style-css-av-av_heading-8e0e00d2d38002d6395b650b48ca0f49\">\n#top .av-special-heading.av-av_heading-8e0e00d2d38002d6395b650b48ca0f49{\npadding-bottom:10px;\n}\nbody .av-special-heading.av-av_heading-8e0e00d2d38002d6395b650b48ca0f49 .av-special-heading-tag .heading-char{\nfont-size:25px;\n}\n.av-special-heading.av-av_heading-8e0e00d2d38002d6395b650b48ca0f49 .av-subheading{\nfont-size:15px;\n}\n<\/style>\n<div  class='av-special-heading av-av_heading-8e0e00d2d38002d6395b650b48ca0f49 av-special-heading-h1  avia-builder-el-0  el_before_av_textblock  avia-builder-el-first '><h1 class='av-special-heading-tag '  itemprop=\"headline\"  >El An\u00e1lisis Fraccionado<\/h1><div class=\"special-heading-border\"><div class=\"special-heading-inner-border\"><\/div><\/div><\/div>\n<section  class='av_textblock_section av-6pejp-0a95b2c3d7beba57b02bded6ae1e4d24 '   itemscope=\"itemscope\" itemtype=\"https:\/\/schema.org\/CreativeWork\" ><div class='avia_textblock'  itemprop=\"text\" ><p>Para poder evaluar adecuadamente la fertilidad del suelo y deducir las medidas de melioraci\u00f3n adecuadas, analizamos suelos en <strong>nuestro laboratorio<\/strong> con el m\u00e9todo del <strong>An\u00e1lisis Fraccionado<\/strong> (estandardizado seg\u00fan norma \u00d6NORM S2122-1). Desarrollado por el edaf\u00f3logo austriaco Profesor Husz, el an\u00e1lisis describe la <strong>complejidad de la fertilidad del suelo<\/strong> mediante la determinaci\u00f3n de 120 par\u00e1metros individuales.<\/p>\n<p>Los nutrientes y contaminantes potenciales se miden en sus diferentes niveles de <strong>disponibilidad<\/strong> <strong>(= fracciones<\/strong>): fracci\u00f3n hidrosoluble, intercambiable y de reserva. Como resultado, se pueden detectar las proporciones de nutrientes y las sustancias de reserva que se pueden movilizar. Estamos perfeccionando constantemente el m\u00e9todo, integrando los resultados actuales de la investigaci\u00f3n y los requisitos de la <strong>pr\u00e1ctica agr\u00edcola<\/strong>.<\/p>\n<p>La siguiente tabla representa los par\u00e1metros y los m\u00e9todos de an\u00e1lisis.<\/p>\n<\/div><\/section>\n\n<style type=\"text\/css\" data-created_by=\"avia_inline_auto\" id=\"style-css-av-6atut-0ef16ad696fa896f3d2a957a6c72038e\">\n.avia-image-container.av-6atut-0ef16ad696fa896f3d2a957a6c72038e img.avia_image{\nbox-shadow:none;\n}\n.avia-image-container.av-6atut-0ef16ad696fa896f3d2a957a6c72038e .av-image-caption-overlay-center{\ncolor:#ffffff;\n}\n<\/style>\n<div  class='avia-image-container av-6atut-0ef16ad696fa896f3d2a957a6c72038e av-styling- av-img-linked avia-align-center  avia-builder-el-2  el_after_av_textblock  el_before_av_textblock '   itemprop=\"image\" itemscope=\"itemscope\" itemtype=\"https:\/\/schema.org\/ImageObject\" ><div class=\"avia-image-container-inner\"><div class=\"avia-image-overlay-wrap\"><a href=\"https:\/\/www.bodenoekologie.com\/wp-content\/uploads\/2016\/05\/Screen-shot-2016-05-12-at-10.49.21-1030x528.png\" data-srcset=\"https:\/\/www.bodenoekologie.com\/wp-content\/uploads\/2016\/05\/Screen-shot-2016-05-12-at-10.49.21-1030x528.png 1030w, https:\/\/www.bodenoekologie.com\/wp-content\/uploads\/2016\/05\/Screen-shot-2016-05-12-at-10.49.21-300x154.png 300w, https:\/\/www.bodenoekologie.com\/wp-content\/uploads\/2016\/05\/Screen-shot-2016-05-12-at-10.49.21-705x362.png 705w, https:\/\/www.bodenoekologie.com\/wp-content\/uploads\/2016\/05\/Screen-shot-2016-05-12-at-10.49.21-450x231.png 450w, https:\/\/www.bodenoekologie.com\/wp-content\/uploads\/2016\/05\/Screen-shot-2016-05-12-at-10.49.21.png 1111w\" data-sizes=\"(max-width: 1030px) 100vw, 1030px\" class='avia_image '  aria-label='Screen shot 2016-05-12 at 10.49.21'><img decoding=\"async\" fetchpriority=\"high\" class='wp-image-2858 avia-img-lazy-loading-not-2858 avia_image ' src=\"https:\/\/www.bodenoekologie.com\/wp-content\/uploads\/2016\/05\/Screen-shot-2016-05-12-at-10.49.21-1030x528.png\" alt='' title='Screen shot 2016-05-12 at 10.49.21'  height=\"528\" width=\"1030\"  itemprop=\"thumbnailUrl\" srcset=\"https:\/\/www.bodenoekologie.com\/wp-content\/uploads\/2016\/05\/Screen-shot-2016-05-12-at-10.49.21-1030x528.png 1030w, https:\/\/www.bodenoekologie.com\/wp-content\/uploads\/2016\/05\/Screen-shot-2016-05-12-at-10.49.21-300x154.png 300w, https:\/\/www.bodenoekologie.com\/wp-content\/uploads\/2016\/05\/Screen-shot-2016-05-12-at-10.49.21-705x362.png 705w, https:\/\/www.bodenoekologie.com\/wp-content\/uploads\/2016\/05\/Screen-shot-2016-05-12-at-10.49.21-450x231.png 450w, https:\/\/www.bodenoekologie.com\/wp-content\/uploads\/2016\/05\/Screen-shot-2016-05-12-at-10.49.21.png 1111w\" sizes=\"(max-width: 1030px) 100vw, 1030px\" \/><\/a><\/div><\/div><\/div>\n<section  class='av_textblock_section av-5n0zl-835dd9077675874e8278e2361098cf5d '   itemscope=\"itemscope\" itemtype=\"https:\/\/schema.org\/CreativeWork\" ><div class='avia_textblock'  itemprop=\"text\" ><p><em>Descripci\u00f3n resumida del \u00abAn\u00e1lisis fraccionado\u00bb<\/em><\/p>\n<\/div><\/section>\n\n<style type=\"text\/css\" data-created_by=\"avia_inline_auto\" id=\"style-css-av-56osl-76d5fda2befc4619bd88c2147b082384\">\n#top .hr.hr-invisible.av-56osl-76d5fda2befc4619bd88c2147b082384{\nheight:50px;\n}\n<\/style>\n<div  class='hr av-56osl-76d5fda2befc4619bd88c2147b082384 hr-invisible  avia-builder-el-4  el_after_av_textblock  el_before_av_textblock '><span class='hr-inner '><span class=\"hr-inner-style\"><\/span><\/span><\/div>\n<section  class='av_textblock_section av-490lp-e339b5f898c31b45967eb253088f344c '   itemscope=\"itemscope\" itemtype=\"https:\/\/schema.org\/CreativeWork\" ><div class='avia_textblock'  itemprop=\"text\" ><h3>Elementos solubles en agua<\/h3>\n<p>La fracci\u00f3n m\u00e1s m\u00f3vil de las sustancias es la \u00abfracci\u00f3n hidrosoluble\u00bb. Se trata de sustancias que se disuelven en los poros llenos de agua despu\u00e9s de un evento de precipitaci\u00f3n. Pueden ser absorbidas directamente por las ra\u00edces de las plantas o arrastradas con el lixiviado.<\/p>\n<p>Los elementos solubles en agua de un suelo determinan la concentraci\u00f3n de sustancias en la soluci\u00f3n del suelo. La soluci\u00f3n del suelo es el medio m\u00e1s importante para la nutrici\u00f3n de las plantas y debe tener una composici\u00f3n ideal de nutrientes individuales, ya que las plantas solo tienen la habilidad para seleccionar una cantidad limitada de nutrientes.<\/p>\n\n<style type=\"text\/css\" data-created_by=\"avia_inline_auto\" id=\"style-css-av-4586l-f7206de5c976a6c1b128db4fd9eff850\">\n.av_font_icon.av-4586l-f7206de5c976a6c1b128db4fd9eff850{\ncolor:#aba00d;\nborder-color:#aba00d;\n}\n.av_font_icon.av-4586l-f7206de5c976a6c1b128db4fd9eff850 .av-icon-char{\nfont-size:20px;\nline-height:20px;\n}\n<\/style>\n<span  class='av_font_icon av-4586l-f7206de5c976a6c1b128db4fd9eff850 avia_animate_when_visible av-icon-style- avia-icon-pos-left avia-icon-animate'><span class='av-icon-char' aria-hidden='true' data-av_icon='\ue84c' data-av_iconfont='entypo-fontello' ><\/span><\/span>\n<p><a href=\"https:\/\/www.bodenoekologie.com\/wp-content\/uploads\/2021\/05\/Infosheet-Water-soluble-Elements_2021-05.pdf\" target=\"_blank\" rel=\"noopener\">Informe Elementos solubles en agua (en ingl\u00e9s)<\/a><\/p>\n<h3>Elementos intercambiables<\/h3>\n<p>La \u00abfracci\u00f3n intercambiable\u00bb compromete las sustancias que se adhieren a las superficies cargadas negativa o positivamente de las part\u00edculas de arcilla y humus debido a la diferencia de carga. Estas sustancias pueden ser desplazadas de las superficies por otras part\u00edculas cargadas y posteriormente enriquecer la soluci\u00f3n del suelo. Esta fracci\u00f3n es una de las m\u00e1s importantes para la nutrici\u00f3n de las plantas.<\/p>\n\n<style type=\"text\/css\" data-created_by=\"avia_inline_auto\" id=\"style-css-av-32ysh-188228ebf42035151354ecb79fd286e9\">\n.av_font_icon.av-32ysh-188228ebf42035151354ecb79fd286e9{\ncolor:#aba00d;\nborder-color:#aba00d;\n}\n.av_font_icon.av-32ysh-188228ebf42035151354ecb79fd286e9 .av-icon-char{\nfont-size:20px;\nline-height:20px;\n}\n<\/style>\n<span  class='av_font_icon av-32ysh-188228ebf42035151354ecb79fd286e9 avia_animate_when_visible av-icon-style- avia-icon-pos-left avia-icon-animate'><span class='av-icon-char' aria-hidden='true' data-av_icon='\ue84c' data-av_iconfont='entypo-fontello' ><\/span><\/span>\n<p><a href=\"https:\/\/www.bodenoekologie.com\/wp-content\/uploads\/2021\/05\/Infosheet-Exchangeable-Elements_2021-05.pdf\" target=\"_blank\" rel=\"noopener\">Informe Elementos intercambiables (en ingl\u00e9s)<\/a><\/p>\n<h3>Elementos disponibles para plantas<\/h3>\n<p>Los elementos del suelo que est\u00e1n disponibles para las plantas son aquellos que est\u00e1n en forma accesible para la nutrici\u00f3n de las plantas durante la etapa de crecimiento. Representan la suma de elementos hidrosolubles e intercambiables.<\/p>\n\n<style type=\"text\/css\" data-created_by=\"avia_inline_auto\" id=\"style-css-av-2lkpl-0a646683f8be5e077c201d051b729efe\">\n.av_font_icon.av-2lkpl-0a646683f8be5e077c201d051b729efe{\ncolor:#aba00d;\nborder-color:#aba00d;\n}\n.av_font_icon.av-2lkpl-0a646683f8be5e077c201d051b729efe .av-icon-char{\nfont-size:20px;\nline-height:20px;\n}\n<\/style>\n<span  class='av_font_icon av-2lkpl-0a646683f8be5e077c201d051b729efe avia_animate_when_visible av-icon-style- avia-icon-pos-left avia-icon-animate'><span class='av-icon-char' aria-hidden='true' data-av_icon='\ue84c' data-av_iconfont='entypo-fontello' ><\/span><\/span>\n<p><a href=\"https:\/\/www.bodenoekologie.com\/wp-content\/uploads\/2021\/05\/Infosheet-Plant-available-Elements_2021-05.pdf\" target=\"_blank\" rel=\"noopener\">Informe Elementos disponibles para plantas (en ingl\u00e9s)<\/a><\/p>\n<h3>Elementos de suministro subsiguiente \/ fracci\u00f3n de reserva<\/h3>\n<p>Los elementos de la fracci\u00f3n de reserva \/ elementos de \u201csuministro subsiguiente\u201d se convierten en elementos disponibles para las plantas mediante procesos de meteorizaci\u00f3n natural dentro los 10 a 15 a\u00f1os. Por razones ecol\u00f3gicas y econ\u00f3micas, puede ser razonable movilizar estas reservas en lugar de suministrar fertilizantes.<\/p>\n\n<style type=\"text\/css\" data-created_by=\"avia_inline_auto\" id=\"style-css-av-22v95-510029ba99ab434d371ed032fa1d3cbb\">\n.av_font_icon.av-22v95-510029ba99ab434d371ed032fa1d3cbb{\ncolor:#aba00d;\nborder-color:#aba00d;\n}\n.av_font_icon.av-22v95-510029ba99ab434d371ed032fa1d3cbb .av-icon-char{\nfont-size:20px;\nline-height:20px;\n}\n<\/style>\n<span  class='av_font_icon av-22v95-510029ba99ab434d371ed032fa1d3cbb avia_animate_when_visible av-icon-style- avia-icon-pos-left avia-icon-animate'><span class='av-icon-char' aria-hidden='true' data-av_icon='\ue84c' data-av_iconfont='entypo-fontello' ><\/span><\/span>\n<p><a href=\"https:\/\/www.bodenoekologie.com\/wp-content\/uploads\/2021\/05\/Infosheet-Reserve-Fraction_2021-05.pdf\" target=\"_blank\" rel=\"noopener\">Informe Elementos de suministro subsiguente (en ingl\u00e9s)<\/a><\/p>\n<h3>An\u00e1lisis de las reservas de f\u00f3sforo (P)<\/h3>\n<p>Los estudios (p.ej., K\u00f6ster y Nieder 2007), as\u00ed como nuestras propias investigaciones, muestran que la mayor\u00eda de los suelos agr\u00edcolas utilizados, poseen enormes reservas de f\u00f3sforo (hasta 3000 kg \/ ha en 30 cm de profundidad). Estos dep\u00f3sitos solo est\u00e1n en parte disponibles de forma inmediata. Conocer los diferentes tipos de enlaces qu\u00edmicos del f\u00f3sforo permite recomendar actividades espec\u00edficas para movilizar el P e integrarlo nuevamente en el ciclo biol\u00f3gico.<\/p>\n<p>En este sentido, estamos analizando y evaluando las siguientes cinco fuentes\/fracciones de P en el suelo:<\/p>\n<ol>\n<li>F\u00f3sforo soluble en agua<\/li>\n<li>F\u00f3sforo intercambiable<\/li>\n<li>Reserva de f\u00f3sforo mineral<\/li>\n<li>Reserva de f\u00f3sforo org\u00e1nico<\/li>\n<li>Contenido total de f\u00f3sforo<\/li>\n<\/ol>\n\n<style type=\"text\/css\" data-created_by=\"avia_inline_auto\" id=\"style-css-av-1llq5-bc0f43789dff3f78a8d01a1e22560a5c\">\n.av_font_icon.av-1llq5-bc0f43789dff3f78a8d01a1e22560a5c{\ncolor:#aba00d;\nborder-color:#aba00d;\n}\n.av_font_icon.av-1llq5-bc0f43789dff3f78a8d01a1e22560a5c .av-icon-char{\nfont-size:20px;\nline-height:20px;\n}\n<\/style>\n<span  class='av_font_icon av-1llq5-bc0f43789dff3f78a8d01a1e22560a5c avia_animate_when_visible av-icon-style- avia-icon-pos-left avia-icon-animate'><span class='av-icon-char' aria-hidden='true' data-av_icon='\ue84c' data-av_iconfont='entypo-fontello' ><\/span><\/span>\n<p><a href=\"https:\/\/www.bodenoekologie.com\/wp-content\/uploads\/2021\/05\/Infosheet-Phosphorus-in-soils_2021-05.pdf\" target=\"_blank\" rel=\"noopener\">Informe An\u00e1lisis de las reservas de f\u00f3sforo (en ingl\u00e9s)<\/a><\/p>\n<h3>Literatura<\/h3>\n<p>K\u00f6ster W., R. Nieder (2007). Wann ist eine Grundd\u00fcngung mit Phosphor, Kalium und Magnesium wirtschaftlich vertretbar? www.beratung-mal-anders.de<br \/>\n\u00d6NORM S 2122-1 (2013). Erden aus Abf\u00e4llen. Teil 1: Fraktionierte Analyse\u00a0 &#8211; Untersuchungsmethoden.<\/p>\n<\/div><\/section>\n\n<style type=\"text\/css\" data-created_by=\"avia_inline_auto\" id=\"style-css-av-1453l-8c4453a1290bc7205182da3bfbda6dd4\">\n.av_promobox.av-1453l-8c4453a1290bc7205182da3bfbda6dd4{\ncolor:#fcfbf2;\nbackground:#571921;\nborder-color:#571921;\n}\n<\/style>\n<div  class='av_promobox av-1453l-8c4453a1290bc7205182da3bfbda6dd4 avia-button-yes  avia-builder-el-11  el_after_av_textblock  avia-builder-el-last '><div class='avia-promocontent'><p>\n\u00bfQuiere pedir un an\u00e1lisis del suelo?<\/p>\n<\/div><div  class='avia-button-wrap av-1453l-cde855bb11508e2d9be6305b0911feb7-wrap avia-button-right '><a href='https:\/\/www.bodenoekologie.com\/es\/?page_id=2888'  class='avia-button av-1453l-cde855bb11508e2d9be6305b0911feb7 av-link-btn avia-icon_select-no avia-size-medium avia-position-right avia-color-theme-color-subtle'   aria-label=\"Al formulario de pedido\"><span class='avia_iconbox_title' >Al formulario de pedido<\/span><\/a><\/div><\/div>\n","protected":false},"excerpt":{"rendered":"","protected":false},"author":1,"featured_media":0,"parent":2707,"menu_order":3,"comment_status":"closed","ping_status":"closed","template":"","meta":{"footnotes":""},"class_list":["post-2855","page","type-page","status-publish","hentry"],"_links":{"self":[{"href":"https:\/\/www.bodenoekologie.com\/es\/wp-json\/wp\/v2\/pages\/2855"}],"collection":[{"href":"https:\/\/www.bodenoekologie.com\/es\/wp-json\/wp\/v2\/pages"}],"about":[{"href":"https:\/\/www.bodenoekologie.com\/es\/wp-json\/wp\/v2\/types\/page"}],"author":[{"embeddable":true,"href":"https:\/\/www.bodenoekologie.com\/es\/wp-json\/wp\/v2\/users\/1"}],"replies":[{"embeddable":true,"href":"https:\/\/www.bodenoekologie.com\/es\/wp-json\/wp\/v2\/comments?post=2855"}],"version-history":[{"count":5,"href":"https:\/\/www.bodenoekologie.com\/es\/wp-json\/wp\/v2\/pages\/2855\/revisions"}],"predecessor-version":[{"id":5357,"href":"https:\/\/www.bodenoekologie.com\/es\/wp-json\/wp\/v2\/pages\/2855\/revisions\/5357"}],"up":[{"embeddable":true,"href":"https:\/\/www.bodenoekologie.com\/es\/wp-json\/wp\/v2\/pages\/2707"}],"wp:attachment":[{"href":"https:\/\/www.bodenoekologie.com\/es\/wp-json\/wp\/v2\/media?parent=2855"}],"curies":[{"name":"wp","href":"https:\/\/api.w.org\/{rel}","templated":true}]}}