{"id":2910,"date":"2021-02-24T18:57:53","date_gmt":"2021-02-24T17:57:53","guid":{"rendered":"https:\/\/www.bodenoekologie.com\/aviso-legal\/"},"modified":"2024-02-10T01:53:35","modified_gmt":"2024-02-10T00:53:35","slug":"aviso-legal","status":"publish","type":"page","link":"https:\/\/www.bodenoekologie.com\/es\/aviso-legal\/","title":{"rendered":"Aviso legal"},"content":{"rendered":"<section  class='av_textblock_section av-24zjo-3a30699528725e34ebf807f4f0b16624 '   itemscope=\"itemscope\" itemtype=\"https:\/\/schema.org\/CreativeWork\" ><div class='avia_textblock'  itemprop=\"text\" ><h3 style=\"text-align: left;\">TB Unterfrauner GmbH<\/h3>\n<p style=\"text-align: left;\">Umseerstrasse 39<br \/>\n3040 Neulengbach<br \/>\n\u00d6sterreich<\/p>\n<p style=\"text-align: left;\">M\u00f3vil: +43 676 364 10 30<br \/>\n<a href=\"mailto:office@bodenoekologie.com\"> office@bodenoekologie.com<\/a><\/p>\n<p>N\u00famero de identificaci\u00f3n del impuesto (UID): AT U69409936<br \/>\nFN: 430626z<br \/>\nEORI-Number: ATEOS1000103831<\/p>\n<p>Forma jur\u00eddica:<br \/>\nSociedad de responsabilidad limitada<\/p>\n<p>Director ejecutivo:<br \/>\nDI Hansj\u00f6rg Unterfrauner<\/p>\n<p>Objeto social:<br \/>\nOficina t\u00e9cnica de ingenier\u00eda (consultor\u00eda) en el \u00e1mbito de la ecolog\u00eda del paisaje<\/p>\n<p>Miembro de la C\u00e1mara de Comercio de Viena<\/p>\n<\/div><\/section>\n<div  class='hr av-1qbb0-e1475447341318bbfabbf5c75251bf57 hr-default  avia-builder-el-1  el_after_av_textblock  el_before_av_textblock '><span class='hr-inner '><span class=\"hr-inner-style\"><\/span><\/span><\/div>\n<section  class='av_textblock_section av-14bhg-5b18d1d090f84cd4684d04480ea9c8e3 '   itemscope=\"itemscope\" itemtype=\"https:\/\/schema.org\/CreativeWork\" ><div class='avia_textblock'  itemprop=\"text\" ><p style=\"text-align: center;\">Dise\u00f1o web &amp; V\u00eddeo de image.: <a href=\"http:\/\/8660.at\" target=\"_blank\" rel=\"noopener\">holzer.work<\/a><\/p>\n<\/div><\/section>\n","protected":false},"excerpt":{"rendered":"","protected":false},"author":1,"featured_media":0,"parent":0,"menu_order":0,"comment_status":"closed","ping_status":"closed","template":"","meta":{"footnotes":""},"class_list":["post-2910","page","type-page","status-publish","hentry"],"_links":{"self":[{"href":"https:\/\/www.bodenoekologie.com\/es\/wp-json\/wp\/v2\/pages\/2910"}],"collection":[{"href":"https:\/\/www.bodenoekologie.com\/es\/wp-json\/wp\/v2\/pages"}],"about":[{"href":"https:\/\/www.bodenoekologie.com\/es\/wp-json\/wp\/v2\/types\/page"}],"author":[{"embeddable":true,"href":"https:\/\/www.bodenoekologie.com\/es\/wp-json\/wp\/v2\/users\/1"}],"replies":[{"embeddable":true,"href":"https:\/\/www.bodenoekologie.com\/es\/wp-json\/wp\/v2\/comments?post=2910"}],"version-history":[{"count":6,"href":"https:\/\/www.bodenoekologie.com\/es\/wp-json\/wp\/v2\/pages\/2910\/revisions"}],"predecessor-version":[{"id":7794,"href":"https:\/\/www.bodenoekologie.com\/es\/wp-json\/wp\/v2\/pages\/2910\/revisions\/7794"}],"wp:attachment":[{"href":"https:\/\/www.bodenoekologie.com\/es\/wp-json\/wp\/v2\/media?parent=2910"}],"curies":[{"name":"wp","href":"https:\/\/api.w.org\/{rel}","templated":true}]}}