{"id":2954,"date":"2021-02-24T19:09:49","date_gmt":"2021-02-24T18:09:49","guid":{"rendered":"https:\/\/www.bodenoekologie.com\/muestras-especiales-2\/soilbook\/"},"modified":"2022-04-18T19:35:05","modified_gmt":"2022-04-18T17:35:05","slug":"soilbook","status":"publish","type":"page","link":"https:\/\/www.bodenoekologie.com\/es\/formacion\/soilbook\/","title":{"rendered":"SOILBOOK"},"content":{"rendered":"\n<style type=\"text\/css\" data-created_by=\"avia_inline_auto\" id=\"style-css-av-av_heading-55175d7215be3f4b1bda3318efd0af22\">\n#top .av-special-heading.av-av_heading-55175d7215be3f4b1bda3318efd0af22{\npadding-bottom:10px;\n}\nbody .av-special-heading.av-av_heading-55175d7215be3f4b1bda3318efd0af22 .av-special-heading-tag .heading-char{\nfont-size:25px;\n}\n.av-special-heading.av-av_heading-55175d7215be3f4b1bda3318efd0af22 .av-subheading{\nfont-size:15px;\n}\n<\/style>\n<div  class='av-special-heading av-av_heading-55175d7215be3f4b1bda3318efd0af22 av-special-heading-h1  avia-builder-el-0  el_before_av_textblock  avia-builder-el-first '><h1 class='av-special-heading-tag '  itemprop=\"headline\"  >SOILBOOK, el libro especial de los suelos<\/h1><div class=\"special-heading-border\"><div class=\"special-heading-inner-border\"><\/div><\/div><\/div>\n<section  class='av_textblock_section av-4qpmj8-c27447029a3c1952e3c309e5e61bb456 '   itemscope=\"itemscope\" itemtype=\"https:\/\/schema.org\/CreativeWork\" ><div class='avia_textblock'  itemprop=\"text\" ><p>Un aspecto importante de nuestra labor es la sensibilizaci\u00f3n sobre temas relacionados con el suelo. Adem\u00e1s de la formaci\u00f3n y la educaci\u00f3n, nos comprometemos a desarrollar continuamente herramientas y m\u00e9todos innovadores para ilustrar el enorme significado de los suelos para la humanidad y los ecosistemas. Por ejemplo, proporcionamos informaci\u00f3n sobre el suelo y una visi\u00f3n espectacular y \u00fanica con la iniciativa \u201c<a href=\"https:\/\/www.bodenoekologie.com\/es\/formacion\/suelo-3d\/\"><strong>Suelo en 3D<\/strong><\/a>\u201d. Otro proyecto es la <strong>transcripci\u00f3n gr\u00e1fica<\/strong> de un seminario sobre la interacci\u00f3n de la fertilidad del suelo y el cambio clim\u00e1tico con Hans Unterfrauner y Robert Six est\u00e1 disponible como JPG para todos los interesados. Adem\u00e1s, preparamos de forma creativa los temas como el <strong>muestreo de suelo<\/strong>, los <strong>nutrientes<\/strong>, <strong>f\u00f3sforo<\/strong> en el suelo y los <strong>sistemas de amortiguaci\u00f3n<\/strong> con el fin de imprimirlos en portavasos.<\/p>\n<p>Con <strong>SOILBOOK<\/strong>, otra modalidad interactiva desarrollada por TB Unterfrauner GmbH est\u00e1 ahora disponible para todos los que quieran unirse a la misi\u00f3n de <strong>crear conciencia<\/strong> sobre la <strong>variedad <\/strong>y los <strong>problemas relacionados con el tema del SUELO<\/strong>. A trav\u00e9s de SOILBOOK, los usuarios registrados pueden subir nuevos cap\u00edtulos al libro de los suelos, documentando perfiles de suelos en cualquier momento y en cualquier lugar, as\u00ed como navegar por las contribuciones de otros usuarios. Disponemos de una amplia variedad de herramientas para la descripci\u00f3n de perfiles de suelo, la incorporaci\u00f3n de datos geogr\u00e1ficos, descripci\u00f3n de caracter\u00edsticas espec\u00edficas y detalles de uso (agr\u00edcola) del suelo.<\/p>\n<\/div><\/section>\n\n<style type=\"text\/css\" data-created_by=\"avia_inline_auto\" id=\"style-css-av-kbuncnj4-469d388c68f16009508f88849b956b03\">\n.avia-video.av-kbuncnj4-469d388c68f16009508f88849b956b03{\nbackground-image:url(https:\/\/www.bodenoekologie.com\/wp-content\/uploads\/2020\/06\/SOILBOOK_Thumbs_02A.jpg);\n}\n<\/style>\n<div  class='avia-video av-kbuncnj4-469d388c68f16009508f88849b956b03 avia-video-16-9 av-preview-image avia-video-load-always av-lazyload-immediate av-lazyload-video-embed'  itemprop=\"video\" itemtype=\"https:\/\/schema.org\/VideoObject\"  data-original_url='https:\/\/www.youtube.com\/watch?v=zQYPsoHdcOw'><script type='text\/html' class='av-video-tmpl'><div class='avia-iframe-wrap'><iframe loading=\"lazy\" title=\"SOILBOOK (en)\" width=\"1333\" height=\"1000\" src=\"https:\/\/www.youtube.com\/embed\/zQYPsoHdcOw?feature=oembed&autoplay=0&loop=0&controls=1&mute=0\" frameborder=\"0\" allow=\"accelerometer; autoplay; clipboard-write; encrypted-media; gyroscope; picture-in-picture\" allowfullscreen><\/iframe><\/div><\/script><div class='av-click-to-play-overlay'><div class=\"avia_playpause_icon\"><\/div><\/div><\/div>\n\n<style type=\"text\/css\" data-created_by=\"avia_inline_auto\" id=\"style-css-av-3v8to4-b8ee83a6264d3388f45ee0f8dbbfd8aa\">\n#top .hr.hr-invisible.av-3v8to4-b8ee83a6264d3388f45ee0f8dbbfd8aa{\nheight:30px;\n}\n<\/style>\n<div  class='hr av-3v8to4-b8ee83a6264d3388f45ee0f8dbbfd8aa hr-invisible  avia-builder-el-3  el_after_av_video  el_before_av_heading '><span class='hr-inner '><span class=\"hr-inner-style\"><\/span><\/span><\/div>\n\n<style type=\"text\/css\" data-created_by=\"avia_inline_auto\" id=\"style-css-av-av_heading-aa94044e8fe80da0f528b9a8f6a42497\">\n#top .av-special-heading.av-av_heading-aa94044e8fe80da0f528b9a8f6a42497{\npadding-bottom:10px;\n}\nbody .av-special-heading.av-av_heading-aa94044e8fe80da0f528b9a8f6a42497 .av-special-heading-tag .heading-char{\nfont-size:25px;\n}\n.av-special-heading.av-av_heading-aa94044e8fe80da0f528b9a8f6a42497 .av-subheading{\nfont-size:15px;\n}\n<\/style>\n<div  class='av-special-heading av-av_heading-aa94044e8fe80da0f528b9a8f6a42497 av-special-heading-h2  avia-builder-el-4  el_after_av_hr  el_before_av_textblock '><h2 class='av-special-heading-tag '  itemprop=\"headline\"  >Motivaci\u00f3n<\/h2><div class=\"special-heading-border\"><div class=\"special-heading-inner-border\"><\/div><\/div><\/div>\n<section  class='av_textblock_section av-3s60h0-84fe55b6a29128da15eac04098931a88 '   itemscope=\"itemscope\" itemtype=\"https:\/\/schema.org\/CreativeWork\" ><div class='avia_textblock'  itemprop=\"text\" ><p>\u00bfSab\u00edas que el 5 de diciembre es el d\u00eda mundial del suelo? Probablemente no, ya que el suelo no tiene un grupo representativo influyente que garantice transmitir al p\u00fablico los problemas relacionados con el suelo de manera efectiva. Al contrario, la conciencia y la comprensi\u00f3n del valor del suelo como recurso finito es muy baja.<\/p>\n<p>Seg\u00fan la informaci\u00f3n de la FAO, anualmente se pierden 24 mil millones de toneladas de suelo f\u00e9rtil. Por otro lado, la formaci\u00f3n de 1 cent\u00edmetro de suelo f\u00e9rtil puede tardar entre 100 y 300 a\u00f1os.<\/p>\n<p>El suelo es crucial para la continua existencia de la humanidad y cumple diversas funciones:<\/p>\n<ul>\n<li>Funci\u00f3n de producci\u00f3n (alimentos, forraje)<\/li>\n<li>Funci\u00f3n de filtro, buffer y transformaci\u00f3n<\/li>\n<li>Funci\u00f3n del h\u00e1bitat (diversidad biol\u00f3gica)<\/li>\n<li>Protecci\u00f3n activa contra inundaciones y de las aguas subterr\u00e1neas<\/li>\n<li>Protecci\u00f3n del clima (dep\u00f3sito de carbono)<\/li>\n<\/ul>\n<p>En este contexto, el equipo de TB Unterfrauner GmbH desarroll\u00f3 la idea de un libro de los suelos digital y de uso no comercial en el a\u00f1o 2019. Donde se anima a todos a contribuir para mantener SOILBOOK en desarrollo continuo. El objetivo principal de SOILBOOK es promover el inter\u00e9s sobre los problemas del suelo y la amplia gama de sus variedades. En la primavera de 2020, esta idea se realiz\u00f3 a trav\u00e9s de <a href=\"http:\/\/www.soilbook.info\">www.soilbook.info<\/a>. El libro de suelos digital est\u00e1 disponible para todos y es completamente gratuito. Se puede contribuir agregando contenido o simplemente navegar a trav\u00e9s de los perfiles de suelo existentes.<\/p>\n<h2>\u00a1Seamos los portavoces de los suelos y juntos creamos conciencia sobre la importancia de los suelos!<\/h2>\n<\/div><\/section>\n\n<style type=\"text\/css\" data-created_by=\"avia_inline_auto\" id=\"style-css-av-k8sowtmd-9395df368506a3275a6a5f41ba56993b\">\n#top .hr.hr-invisible.av-k8sowtmd-9395df368506a3275a6a5f41ba56993b{\nheight:30px;\n}\n<\/style>\n<div  class='hr av-k8sowtmd-9395df368506a3275a6a5f41ba56993b hr-invisible  avia-builder-el-6  el_after_av_textblock  el_before_av_image '><span class='hr-inner '><span class=\"hr-inner-style\"><\/span><\/span><\/div>\n\n<style type=\"text\/css\" data-created_by=\"avia_inline_auto\" id=\"style-css-av-k8rebigf-5be9f5189377f9750f7833734a6ace66\">\n.avia-image-container.av-k8rebigf-5be9f5189377f9750f7833734a6ace66 img.avia_image{\nbox-shadow:none;\n}\n.avia-image-container.av-k8rebigf-5be9f5189377f9750f7833734a6ace66 .av-image-caption-overlay-center{\ncolor:#ffffff;\n}\n<\/style>\n<div  class='avia-image-container av-k8rebigf-5be9f5189377f9750f7833734a6ace66 av-styling- av-img-linked avia-align-center  avia-builder-el-7  el_after_av_hr  el_before_av_hr '   itemprop=\"image\" itemscope=\"itemscope\" itemtype=\"https:\/\/schema.org\/ImageObject\" ><div class=\"avia-image-container-inner\"><div class=\"avia-image-overlay-wrap\"><a href=\"http:\/\/soilbook.info\" class='avia_image ' target=\"_blank\" rel=\"noopener noreferrer\" aria-label='Abb_Soilbook_Startseite_bearbeitet'><img decoding=\"async\" fetchpriority=\"high\" class='wp-image-3056 avia-img-lazy-loading-not-3056 avia_image ' src=\"https:\/\/www.bodenoekologie.com\/wp-content\/uploads\/2021\/03\/Abb_Soilbook_Startseite_bearbeitet-1030x501.jpg\" alt='' title='Abb_Soilbook_Startseite_bearbeitet'  height=\"501\" width=\"1030\"  itemprop=\"thumbnailUrl\" srcset=\"https:\/\/www.bodenoekologie.com\/wp-content\/uploads\/2021\/03\/Abb_Soilbook_Startseite_bearbeitet-1030x501.jpg 1030w, https:\/\/www.bodenoekologie.com\/wp-content\/uploads\/2021\/03\/Abb_Soilbook_Startseite_bearbeitet-300x146.jpg 300w, https:\/\/www.bodenoekologie.com\/wp-content\/uploads\/2021\/03\/Abb_Soilbook_Startseite_bearbeitet-768x374.jpg 768w, https:\/\/www.bodenoekologie.com\/wp-content\/uploads\/2021\/03\/Abb_Soilbook_Startseite_bearbeitet-1536x747.jpg 1536w, https:\/\/www.bodenoekologie.com\/wp-content\/uploads\/2021\/03\/Abb_Soilbook_Startseite_bearbeitet-1500x730.jpg 1500w, https:\/\/www.bodenoekologie.com\/wp-content\/uploads\/2021\/03\/Abb_Soilbook_Startseite_bearbeitet-705x343.jpg 705w, https:\/\/www.bodenoekologie.com\/wp-content\/uploads\/2021\/03\/Abb_Soilbook_Startseite_bearbeitet-450x219.jpg 450w, https:\/\/www.bodenoekologie.com\/wp-content\/uploads\/2021\/03\/Abb_Soilbook_Startseite_bearbeitet.jpg 1708w\" sizes=\"(max-width: 1030px) 100vw, 1030px\" \/><\/a><\/div><\/div><\/div>\n\n<style type=\"text\/css\" data-created_by=\"avia_inline_auto\" id=\"style-css-av-k8soxbvr-290f9c8db734faa3eca57a59719be623\">\n#top .hr.hr-invisible.av-k8soxbvr-290f9c8db734faa3eca57a59719be623{\nheight:20px;\n}\n<\/style>\n<div  class='hr av-k8soxbvr-290f9c8db734faa3eca57a59719be623 hr-invisible  avia-builder-el-8  el_after_av_image  el_before_av_video '><span class='hr-inner '><span class=\"hr-inner-style\"><\/span><\/span><\/div>\n<div  class='avia-video av-av_video-2f6a5a428c634a424278a73ff171ed8c avia-video-16:9 av-no-preview-image avia-video-load-always av-lazyload-immediate av-lazyload-video-embed'  itemprop=\"video\" itemtype=\"https:\/\/schema.org\/VideoObject\"  data-original_url=''><script type='text\/html' class='av-video-tmpl'><\/script><div class='av-click-to-play-overlay'><div class=\"avia_playpause_icon\"><\/div><\/div><\/div>\n","protected":false},"excerpt":{"rendered":"","protected":false},"author":1,"featured_media":0,"parent":2718,"menu_order":3,"comment_status":"closed","ping_status":"closed","template":"","meta":{"footnotes":""},"class_list":["post-2954","page","type-page","status-publish","hentry"],"_links":{"self":[{"href":"https:\/\/www.bodenoekologie.com\/es\/wp-json\/wp\/v2\/pages\/2954"}],"collection":[{"href":"https:\/\/www.bodenoekologie.com\/es\/wp-json\/wp\/v2\/pages"}],"about":[{"href":"https:\/\/www.bodenoekologie.com\/es\/wp-json\/wp\/v2\/types\/page"}],"author":[{"embeddable":true,"href":"https:\/\/www.bodenoekologie.com\/es\/wp-json\/wp\/v2\/users\/1"}],"replies":[{"embeddable":true,"href":"https:\/\/www.bodenoekologie.com\/es\/wp-json\/wp\/v2\/comments?post=2954"}],"version-history":[{"count":5,"href":"https:\/\/www.bodenoekologie.com\/es\/wp-json\/wp\/v2\/pages\/2954\/revisions"}],"predecessor-version":[{"id":5101,"href":"https:\/\/www.bodenoekologie.com\/es\/wp-json\/wp\/v2\/pages\/2954\/revisions\/5101"}],"up":[{"embeddable":true,"href":"https:\/\/www.bodenoekologie.com\/es\/wp-json\/wp\/v2\/pages\/2718"}],"wp:attachment":[{"href":"https:\/\/www.bodenoekologie.com\/es\/wp-json\/wp\/v2\/media?parent=2954"}],"curies":[{"name":"wp","href":"https:\/\/api.w.org\/{rel}","templated":true}]}}