{"id":2965,"date":"2021-02-24T19:11:05","date_gmt":"2021-02-24T18:11:05","guid":{"rendered":"https:\/\/www.bodenoekologie.com\/muestras-especiales-2\/informes\/"},"modified":"2022-06-15T13:07:10","modified_gmt":"2022-06-15T11:07:10","slug":"informes","status":"publish","type":"page","link":"https:\/\/www.bodenoekologie.com\/es\/labor-es\/informes\/","title":{"rendered":"Informes"},"content":{"rendered":"\n<style type=\"text\/css\" data-created_by=\"avia_inline_auto\" id=\"style-css-av-av_heading-bc8d634fc104ec26324171e1a7c2bc16\">\n#top .av-special-heading.av-av_heading-bc8d634fc104ec26324171e1a7c2bc16{\npadding-bottom:10px;\n}\nbody .av-special-heading.av-av_heading-bc8d634fc104ec26324171e1a7c2bc16 .av-special-heading-tag .heading-char{\nfont-size:25px;\n}\n.av-special-heading.av-av_heading-bc8d634fc104ec26324171e1a7c2bc16 .av-subheading{\nfont-size:15px;\n}\n<\/style>\n<div  class='av-special-heading av-av_heading-bc8d634fc104ec26324171e1a7c2bc16 av-special-heading-h1  avia-builder-el-0  el_before_av_hr  avia-builder-el-first '><h1 class='av-special-heading-tag '  itemprop=\"headline\"  >Informes<\/h1><div class=\"special-heading-border\"><div class=\"special-heading-inner-border\"><\/div><\/div><\/div>\n<div  class='hr av-2gzvrf-5d0804bf7da288c6bc1a1f71316556dd hr-default  avia-builder-el-1  el_after_av_heading  el_before_av_textblock '><span class='hr-inner '><span class=\"hr-inner-style\"><\/span><\/span><\/div>\n<section  class='av_textblock_section av-27zumz-c4f1684c44a18e7e163d56853f7fdc73 '   itemscope=\"itemscope\" itemtype=\"https:\/\/schema.org\/CreativeWork\" ><div class='avia_textblock'  itemprop=\"text\" ><h3>Hojas informativas sobre la anal\u00edtica<\/h3>\n<\/div><\/section>\n<div  class='av_promobox av-22ud63-1da504c4c2a5ce0c2a6061554ab45620 avia-button-yes  avia-builder-el-3  el_after_av_textblock  el_before_av_promobox '><div class='avia-promocontent'><\/p>\n<h3>Elementos solubles en agua<\/h3>\n<p>Los elementos solubles en agua de un suelo determinan las concentraciones de elementos en la soluci\u00f3n del suelo, el medio m\u00e1s importante para la nutrici\u00f3n de las plantas &#8230;<\/p>\n<\/div><div  class='avia-button-wrap av-22ud63-3b56390b4648ad1271890d3965bada13-wrap avia-button-right '><a href='https:\/\/www.bodenoekologie.com\/wp-content\/uploads\/2021\/05\/Infosheet-Water-soluble-Elements_2021-05.pdf' class='avia-button av-22ud63-3b56390b4648ad1271890d3965bada13 av-link-btn avia-icon_select-yes-left-icon avia-size-large avia-position-right avia-color-theme-color' target=\"_blank\" rel=\"noopener noreferrer\" aria-label=\"pdf (en ingl\u00e9s)\"><span class='avia_button_icon avia_button_icon_left' aria-hidden='true' data-av_icon='\ue84c' data-av_iconfont='entypo-fontello'><\/span><span class='avia_iconbox_title' >pdf (en ingl\u00e9s)<\/span><\/a><\/div><\/div>\n<div  class='av_promobox av-1y2q5n-88c586e8d34f08f0fa9ecdc152aef52f avia-button-yes  avia-builder-el-4  el_after_av_promobox  el_before_av_promobox '><div class='avia-promocontent'><\/p>\n<h3>Elementos intercambiables<\/h3>\n<p>Las part\u00edculas org\u00e1nicas y minerales tienen superficies cargadas, donde se acumulan los cationes.<br \/>\nEn determinadas condiciones, estos cationes se pueden desplazar (= intercambiar)&#8230;<\/p>\n<\/div><div  class='avia-button-wrap av-1y2q5n-28dd5cbe8a1c7645d98c14c84a1f152c-wrap avia-button-right '><a href='https:\/\/www.bodenoekologie.com\/wp-content\/uploads\/2021\/05\/Infosheet-Exchangeable-Elements_2021-05.pdf' class='avia-button av-1y2q5n-28dd5cbe8a1c7645d98c14c84a1f152c av-link-btn avia-icon_select-yes-left-icon avia-size-large avia-position-right avia-color-theme-color' target=\"_blank\" rel=\"noopener noreferrer\" aria-label=\"pdf (en ingl\u00e9s)\"><span class='avia_button_icon avia_button_icon_left' aria-hidden='true' data-av_icon='\ue84c' data-av_iconfont='entypo-fontello'><\/span><span class='avia_iconbox_title' >pdf (en ingl\u00e9s)<\/span><\/a><\/div><\/div>\n<div  class='av_promobox av-1qvcyr-6442589641d499b8161521e3fcd9f1eb avia-button-yes  avia-builder-el-5  el_after_av_promobox  el_before_av_promobox '><div class='avia-promocontent'><\/p>\n<h3>Elementos disponibles para la planta<\/h3>\n<p>Los elementos disponibles para las plantas son accesibles durante la temporada de crecimiento&#8230;<\/p>\n<\/div><div  class='avia-button-wrap av-1qvcyr-2b8adbbea12a5a29b9b2a25913db17b9-wrap avia-button-right '><a href='https:\/\/www.bodenoekologie.com\/wp-content\/uploads\/2021\/05\/Infosheet-Plant-available-Elements_2021-05.pdf' class='avia-button av-1qvcyr-2b8adbbea12a5a29b9b2a25913db17b9 av-link-btn avia-icon_select-yes-left-icon avia-size-large avia-position-right avia-color-theme-color' target=\"_blank\" rel=\"noopener noreferrer\" aria-label=\"pdf (en ingl\u00e9s)\"><span class='avia_button_icon avia_button_icon_left' aria-hidden='true' data-av_icon='\ue84c' data-av_iconfont='entypo-fontello'><\/span><span class='avia_iconbox_title' >pdf (en ingl\u00e9s)<\/span><\/a><\/div><\/div>\n<div  class='av_promobox av-1mjd83-8863cc5ec25c2cc46772160eff51dc14 avia-button-yes  avia-builder-el-6  el_after_av_promobox  el_before_av_promobox '><div class='avia-promocontent'><\/p>\n<h3>Elementos de suministro subsiguiente \/ fracci\u00f3n de reserva<\/h3>\n<p>La fracci\u00f3n de reserva incluye elementos que se vuelven disponibles para las plantas a trav\u00e9s de procesos de meteorizaci\u00f3n dentro de 10 a 15 a\u00f1os&#8230;<\/p>\n<\/div><div  class='avia-button-wrap av-1mjd83-039267d235eb217cdcac532b709926c1-wrap avia-button-right '><a href='https:\/\/www.bodenoekologie.com\/wp-content\/uploads\/2021\/05\/Infosheet-Reserve-Fraction_2021-05.pdf' class='avia-button av-1mjd83-039267d235eb217cdcac532b709926c1 av-link-btn avia-icon_select-yes-left-icon avia-size-large avia-position-right avia-color-theme-color' target=\"_blank\" rel=\"noopener noreferrer\" aria-label=\"pdf (en ingl\u00e9s)\"><span class='avia_button_icon avia_button_icon_left' aria-hidden='true' data-av_icon='\ue84c' data-av_iconfont='entypo-fontello'><\/span><span class='avia_iconbox_title' >pdf (en ingl\u00e9s)<\/span><\/a><\/div><\/div>\n<div  class='av_promobox av-1d0tfn-d8fde8c775a0a7710c1d322a297bcca6 avia-button-yes  avia-builder-el-7  el_after_av_promobox  el_before_av_hr '><div class='avia-promocontent'><\/p>\n<h3>F\u00f3sforo en el suelo<\/h3>\n<p>Varios estudios, as\u00ed como nuestras propias investigaciones, muestran que la mayor\u00eda de los suelos utilizados en la agricultura tienen enormes reservas de f\u00f3sforo. Estas reservas se pueden movilizar intencionalmente&#8230;<\/p>\n<\/div><div  class='avia-button-wrap av-1d0tfn-a1f5c4c527c7eef06d96a705989fb11b-wrap avia-button-right '><a href='https:\/\/www.bodenoekologie.com\/wp-content\/uploads\/2021\/05\/Infosheet-Phosphorus-in-soils_2021-05.pdf' class='avia-button av-1d0tfn-a1f5c4c527c7eef06d96a705989fb11b av-link-btn avia-icon_select-yes-left-icon avia-size-large avia-position-right avia-color-theme-color' target=\"_blank\" rel=\"noopener noreferrer\" aria-label=\"pdf (en ingl\u00e9s)\"><span class='avia_button_icon avia_button_icon_left' aria-hidden='true' data-av_icon='\ue84c' data-av_iconfont='entypo-fontello'><\/span><span class='avia_iconbox_title' >pdf (en ingl\u00e9s)<\/span><\/a><\/div><\/div>\n<div  class='hr av-1ab58b-db4a7732a9691f0295e9785845680dcc hr-default  avia-builder-el-8  el_after_av_promobox  el_before_av_textblock '><span class='hr-inner '><span class=\"hr-inner-style\"><\/span><\/span><\/div>\n<section  class='av_textblock_section av-12w0pv-6194cfe8f1d45d2c47979df72e49a388 '   itemscope=\"itemscope\" itemtype=\"https:\/\/schema.org\/CreativeWork\" ><div class='avia_textblock'  itemprop=\"text\" ><h3>Informaci\u00f3n sobre programas anal\u00edticos<\/h3>\n<\/div><\/section>\n<div  class='av_promobox av-v1s83-9350794d19647f4463b35cd65e31e70b avia-button-yes  avia-builder-el-10  el_after_av_textblock  el_before_av_promobox '><div class='avia-promocontent'><\/p>\n<h3>Caracterizaci\u00f3n b\u00e1sica<\/h3>\n<p>Con la Caracterizaci\u00f3n B\u00e1sica se pueden registrar y evaluar sistem\u00e1ticamente los procesos din\u00e1micos del suelo. De los resultados obtenidos se derivan medidas y recomendaciones de mejora para optimizar y preservar de forma sostenible la fertilidad del suelo. Este programa anal\u00edtico se recomienda para describir el statu quo de la fertilidad del suelo. Adem\u00e1s, se pueden evaluar los cambios en las pr\u00e1cticas agr\u00edcolas, las estrategias de fertilizaci\u00f3n, etc.<\/p>\n<\/div><div  class='avia-button-wrap av-v1s83-fe957749149118ccbb6ecd7f80ee329c-wrap avia-button-right '><a href='https:\/\/www.bodenoekologie.com\/wp-content\/uploads\/2022\/04\/Infosheet_Initial-Sampling.pdf' class='avia-button av-v1s83-fe957749149118ccbb6ecd7f80ee329c av-link-btn avia-icon_select-yes-left-icon avia-size-large avia-position-right avia-color-theme-color' target=\"_blank\" rel=\"noopener noreferrer\" aria-label=\"pdf (en ingl\u00e9s)\"><span class='avia_button_icon avia_button_icon_left' aria-hidden='true' data-av_icon='\ue84c' data-av_iconfont='entypo-fontello'><\/span><span class='avia_iconbox_title' >pdf (en ingl\u00e9s)<\/span><\/a><\/div><\/div>\n<div  class='av_promobox av-2wu6b-dbdbc4dda820fb999f0fd15d3de33e95 avia-button-yes  avia-builder-el-11  el_after_av_promobox  el_before_av_promobox '><div class='avia-promocontent'><\/p>\n<h3>Remuestreo<\/h3>\n<p>El remuestreo (despu\u00e9s de 3-5 a\u00f1os) permite controlar el desarrollo de su suelo o evaluar las medidas de mejora aplicadas. El remuestreo s\u00f3lo es posible despu\u00e9s del Muestreo inicial (Caracterizaci\u00f3n B\u00e1sica). Se ofrecen dos programas anal\u00edticos para el remuestreo.<\/p>\n<\/div><div  class='avia-button-wrap av-2wu6b-d6067a76ee236f918c8866497a2006c8-wrap avia-button-right '><a href='https:\/\/www.bodenoekologie.com\/wp-content\/uploads\/2022\/04\/Infosheet_Resampling.pdf' class='avia-button av-2wu6b-d6067a76ee236f918c8866497a2006c8 av-link-btn avia-icon_select-yes-left-icon avia-size-large avia-position-right avia-color-theme-color' target=\"_blank\" rel=\"noopener noreferrer\" aria-label=\"pdf (en ingl\u00e9s)\"><span class='avia_button_icon avia_button_icon_left' aria-hidden='true' data-av_icon='\ue84c' data-av_iconfont='entypo-fontello'><\/span><span class='avia_iconbox_title' >pdf (en ingl\u00e9s)<\/span><\/a><\/div><\/div>\n<div  class='av_promobox av-j1nwb-161d995ef3c729d245d1fe3d9441ed35 avia-button-yes  avia-builder-el-12  el_after_av_promobox  el_before_av_hr '><div class='avia-promocontent'><\/p>\n<h3>Estudio \/ Evaluaci\u00f3n del suelo<\/h3>\n<p>Un peritaje del suelo examina, entre otras cosas, la idoneidad del terreno y de las zonas agr\u00edcolas para un uso previsto. Se eval\u00faan los par\u00e1metros f\u00edsicos y qu\u00edmicos y se valora un lugar con respecto a sus funciones del suelo&#8230;<\/p>\n<\/div><div  class='avia-button-wrap av-j1nwb-ad38c5f3c4f78ccd885953036fc54935-wrap avia-button-right '><a href='https:\/\/www.bodenoekologie.com\/wp-content\/uploads\/2022\/04\/Infosheet_Soil-Assessment.pdf' class='avia-button av-j1nwb-ad38c5f3c4f78ccd885953036fc54935 av-link-btn avia-icon_select-yes-left-icon avia-size-large avia-position-right avia-color-theme-color' target=\"_blank\" rel=\"noopener noreferrer\" aria-label=\"pdf (en ingl\u00e9s)\"><span class='avia_button_icon avia_button_icon_left' aria-hidden='true' data-av_icon='\ue84c' data-av_iconfont='entypo-fontello'><\/span><span class='avia_iconbox_title' >pdf (en ingl\u00e9s)<\/span><\/a><\/div><\/div>\n<div  class='hr av-1ab58b-db4a7732a9691f0295e9785845680dcc hr-default  avia-builder-el-13  el_after_av_promobox  el_before_av_textblock '><span class='hr-inner '><span class=\"hr-inner-style\"><\/span><\/span><\/div>\n<section  class='av_textblock_section av-hlmfv-5849281c9c5759aa992bf13d3de38357 '   itemscope=\"itemscope\" itemtype=\"https:\/\/schema.org\/CreativeWork\" ><div class='avia_textblock'  itemprop=\"text\" ><h3>Bibliograf\u00eda<\/h3>\n<\/div><\/section>\n<div  class='av_promobox av-9tmyr-dbf1e04b6232fcf55670f30f5357aed5 avia-button-yes  avia-builder-el-15  el_after_av_textblock  avia-builder-el-last '><div class='avia-promocontent'><\/p>\n<h3>Bodenpraktiker (Stand 2022)<\/h3>\n<p>\n<\/div><div  class='avia-button-wrap av-9tmyr-d8079f251bec54eecaa58c159ac68b27-wrap avia-button-right '><a href='https:\/\/www.bodenoekologie.com\/wp-content\/uploads\/2022\/03\/2022-Literaturliste.pdf' class='avia-button av-9tmyr-d8079f251bec54eecaa58c159ac68b27 av-link-btn avia-icon_select-yes-left-icon avia-size-large avia-position-right avia-color-theme-color' target=\"_blank\" rel=\"noopener noreferrer\" aria-label=\"pdf (en alem\u00e1n)\"><span class='avia_button_icon avia_button_icon_left' aria-hidden='true' data-av_icon='\ue84c' data-av_iconfont='entypo-fontello'><\/span><span class='avia_iconbox_title' >pdf (en alem\u00e1n)<\/span><\/a><\/div><\/div>\n","protected":false},"excerpt":{"rendered":"","protected":false},"author":1,"featured_media":0,"parent":2707,"menu_order":5,"comment_status":"closed","ping_status":"closed","template":"","meta":{"footnotes":""},"class_list":["post-2965","page","type-page","status-publish","hentry"],"_links":{"self":[{"href":"https:\/\/www.bodenoekologie.com\/es\/wp-json\/wp\/v2\/pages\/2965"}],"collection":[{"href":"https:\/\/www.bodenoekologie.com\/es\/wp-json\/wp\/v2\/pages"}],"about":[{"href":"https:\/\/www.bodenoekologie.com\/es\/wp-json\/wp\/v2\/types\/page"}],"author":[{"embeddable":true,"href":"https:\/\/www.bodenoekologie.com\/es\/wp-json\/wp\/v2\/users\/1"}],"replies":[{"embeddable":true,"href":"https:\/\/www.bodenoekologie.com\/es\/wp-json\/wp\/v2\/comments?post=2965"}],"version-history":[{"count":5,"href":"https:\/\/www.bodenoekologie.com\/es\/wp-json\/wp\/v2\/pages\/2965\/revisions"}],"predecessor-version":[{"id":5349,"href":"https:\/\/www.bodenoekologie.com\/es\/wp-json\/wp\/v2\/pages\/2965\/revisions\/5349"}],"up":[{"embeddable":true,"href":"https:\/\/www.bodenoekologie.com\/es\/wp-json\/wp\/v2\/pages\/2707"}],"wp:attachment":[{"href":"https:\/\/www.bodenoekologie.com\/es\/wp-json\/wp\/v2\/media?parent=2965"}],"curies":[{"name":"wp","href":"https:\/\/api.w.org\/{rel}","templated":true}]}}