{"id":2968,"date":"2021-02-24T19:12:11","date_gmt":"2021-02-24T18:12:11","guid":{"rendered":"https:\/\/www.bodenoekologie.com\/muestras-especiales-2\/conferencias-y-charlas\/"},"modified":"2021-07-05T12:51:08","modified_gmt":"2021-07-05T10:51:08","slug":"conferencias-y-charlas","status":"publish","type":"page","link":"https:\/\/www.bodenoekologie.com\/es\/informacion\/conferencias-y-charlas\/","title":{"rendered":"Conferencias y charlas"},"content":{"rendered":"\n<style type=\"text\/css\" data-created_by=\"avia_inline_auto\" id=\"style-css-av-av_heading-8acfe2ffd87f06c44f1008aedb55df97\">\n#top .av-special-heading.av-av_heading-8acfe2ffd87f06c44f1008aedb55df97{\npadding-bottom:10px;\n}\nbody .av-special-heading.av-av_heading-8acfe2ffd87f06c44f1008aedb55df97 .av-special-heading-tag .heading-char{\nfont-size:25px;\n}\n.av-special-heading.av-av_heading-8acfe2ffd87f06c44f1008aedb55df97 .av-subheading{\nfont-size:15px;\n}\n<\/style>\n<div  class='av-special-heading av-av_heading-8acfe2ffd87f06c44f1008aedb55df97 av-special-heading-h1  avia-builder-el-0  el_before_av_promobox  avia-builder-el-first '><h1 class='av-special-heading-tag '  itemprop=\"headline\"  >Conferencias y charlas<\/h1><div class=\"special-heading-border\"><div class=\"special-heading-inner-border\"><\/div><\/div><\/div>\n<div  class='av_promobox av-1qitkt-810e308894eaab35d6c7cbd066d4bcf4 avia-button-yes  avia-builder-el-1  el_after_av_heading  el_before_av_promobox '><div class='avia-promocontent'><\/p>\n<h3>17\u00b0 Simposio P-K: Resumen (2021)<\/h3>\n<p>Jornada por el suelo con DSV<br \/>\nBalance h\u00eddrico &#8211; Erosi\u00f3n &#8211; Medidas<br \/>\nEstr\u00e9s h\u00eddrico<br \/>\nAcidificaci\u00f3n<br \/>\nNitr\u00f3geno y esti\u00e9rcol l\u00edquido<\/p>\n<\/div><div  class='avia-button-wrap av-1qitkt-62121b443c7fc1fb721ba3e2584e545f-wrap avia-button-right '><a href='https:\/\/www.bodenoekologie.com\/wp-content\/uploads\/2021\/07\/2021_17.PK-Symposium_ES.pdf' class='avia-button av-1qitkt-62121b443c7fc1fb721ba3e2584e545f av-link-btn avia-icon_select-yes-left-icon avia-size-large avia-position-right avia-color-theme-color' target=\"_blank\" rel=\"noopener noreferrer\" aria-label=\"pdf\"><span class='avia_button_icon avia_button_icon_left' aria-hidden='true' data-av_icon='\ue84c' data-av_iconfont='entypo-fontello'><\/span><span class='avia_iconbox_title' >pdf<\/span><\/a><\/div><\/div>\n<div  class='av_promobox av-1qitkt-9e2c4ca0bcb43d8bf52706f2f1f96010 avia-button-yes  avia-builder-el-2  el_after_av_promobox  el_before_av_promobox '><div class='avia-promocontent'><\/p>\n<h3>Sistemas de abono sostenibles y respetuosos con el clima.<\/h3>\n<p>Online (Webex) Centro de Competencia 3N e.V. \/ 17.11.2020<br \/>\n(Centro de Competencia de Baja Sajonia &#8211; Red de Recursos Renovables y Bioeconom\u00eda e.V.)<\/p>\n<\/div><div  class='avia-button-wrap av-1qitkt-cd27d24d644a36502421f63d2e501f8c-wrap avia-button-right '><a href='https:\/\/www.bodenoekologie.com\/wp-content\/uploads\/2020\/11\/Unterfrauner_Klimaschonende-D\u00fcngesysteme.pdf' class='avia-button av-1qitkt-cd27d24d644a36502421f63d2e501f8c av-link-btn avia-icon_select-yes-left-icon avia-size-large avia-position-right avia-color-theme-color' target=\"_blank\" rel=\"noopener noreferrer\" aria-label=\"pdf (en alem\u00e1n)\"><span class='avia_button_icon avia_button_icon_left' aria-hidden='true' data-av_icon='\ue84c' data-av_iconfont='entypo-fontello'><\/span><span class='avia_iconbox_title' >pdf (en alem\u00e1n)<\/span><\/a><\/div><\/div>\n<div  class='av_promobox av-1qitkt-4c1464a219512468f898adbe94db579f avia-button-yes  avia-builder-el-3  el_after_av_promobox  el_before_av_promobox '><div class='avia-promocontent'><\/p>\n<h3>Hacia una mejor comprensi\u00f3n del sistema del suelo y de los desaf\u00edos.<\/h3>\n<p>Evento organizado por \u201cDSV-Saaten\u201d con los reconocidos cient\u00edficos de suelo Hans Unterfrauner, Dr. Gernot Bodner y Dra. Jana Epperlein sobre el tema \u00abHacia una mejor comprensi\u00f3n del sistema del suelo\u00bb, transmitido en vivo el 09 de octubre de 2020.<\/p>\n<\/div><div  class='avia-button-wrap av-1qitkt-853b62a8ba708a7b54c9574ab0a7b358-wrap avia-button-right '><a href='https:\/\/www.youtube.com\/watch?v=SxdulG5Nb14' class='avia-button av-1qitkt-853b62a8ba708a7b54c9574ab0a7b358 av-link-btn avia-icon_select-yes-left-icon avia-size-large avia-position-right avia-color-theme-color' target=\"_blank\" rel=\"noopener noreferrer\" aria-label=\"link (en alem\u00e1n)\"><span class='avia_button_icon avia_button_icon_left' aria-hidden='true' data-av_icon='\ue84c' data-av_iconfont='entypo-fontello'><\/span><span class='avia_iconbox_title' >link (en alem\u00e1n)<\/span><\/a><\/div><\/div>\n<div  class='av_promobox av-1qitkt-561abfde27b3c51faa9d0b4968899a1a avia-button-yes  avia-builder-el-4  el_after_av_promobox  el_before_av_promobox '><div class='avia-promocontent'><\/p>\n<h3>La Ministra de Agricultura de Baja Sajonia, Barbara Otte-Kienast, se informa sobre sistemas de fertilizantes sostenibles y amigables con el clima en Wilstedt<\/h3>\n<p>3N Kompetenzzentrum Niedersachsen, 22.07.2020<\/p>\n<\/div><div  class='avia-button-wrap av-1qitkt-6a04b966ccb854b6b81436d2159ad944-wrap avia-button-right '><a href='https:\/\/www.bodenoekologie.com\/wp-content\/uploads\/2020\/07\/2020-07Landwirtschaftsministerin-Barbara-Otte-Kinast-informiert-sich-\u00fcber-nachhaltige-und-klimaschonende-D\u00fcngesysteme-in-Wilstedt-_-3N-Kompetenzzentrum.pdf' class='avia-button av-1qitkt-6a04b966ccb854b6b81436d2159ad944 av-link-btn avia-icon_select-yes-left-icon avia-size-large avia-position-right avia-color-theme-color' target=\"_blank\" rel=\"noopener noreferrer\" aria-label=\"pdf (en alem\u00e1n)\"><span class='avia_button_icon avia_button_icon_left' aria-hidden='true' data-av_icon='\ue84c' data-av_iconfont='entypo-fontello'><\/span><span class='avia_iconbox_title' >pdf (en alem\u00e1n)<\/span><\/a><\/div><\/div>\n<div  class='av_promobox av-1qitkt-12426594ca94fd9755731b0938cafbe3 avia-button-yes  avia-builder-el-5  el_after_av_promobox  el_before_av_promobox '><div class='avia-promocontent'><\/p>\n<h3>16\u00b0 Simposio P-K: Resumen (2020)<\/h3>\n<p>Situaci\u00f3n agr\u00edcola<br \/>\nSuelo &#8211; Clima &#8211; Agua<br \/>\nAn\u00e1lisis fraccionado<br \/>\nAzufre &#8211; Nitr\u00f3geno &#8211; Aplicaci\u00f3n de esti\u00e9rcol<br \/>\nSistema de fertilizaci\u00f3n AKRA en pr\u00e1ctica<\/p>\n<\/div><div  class='avia-button-wrap av-1qitkt-f409a9f2d255390ba069492b8da18f95-wrap avia-button-right '><a href='https:\/\/www.bodenoekologie.com\/wp-content\/uploads\/2021\/05\/2020_16.PK-Symposium_ES.pdf' class='avia-button av-1qitkt-f409a9f2d255390ba069492b8da18f95 av-link-btn avia-icon_select-yes-left-icon avia-size-large avia-position-right avia-color-theme-color' target=\"_blank\" rel=\"noopener noreferrer\" aria-label=\"pdf\"><span class='avia_button_icon avia_button_icon_left' aria-hidden='true' data-av_icon='\ue84c' data-av_iconfont='entypo-fontello'><\/span><span class='avia_iconbox_title' >pdf<\/span><\/a><\/div><\/div>\n<div  class='av_promobox av-1qitkt-533ee76c53c10da5696ef8f2f56b5a04 avia-button-yes  avia-builder-el-6  el_after_av_promobox  el_before_av_promobox '><div class='avia-promocontent'><\/p>\n<h3>15\u00b0 Simposio P-K: Resumen (2019)<\/h3>\n<p>Cambio clim\u00e1tico: soluciones pr\u00e1cticas para la agricultura.<br \/>\nCon el AN\u00c1LISIS FRACCIONADO y el SISTEMA DE FERTILIZACI\u00d3N AKRA hac\u00eda el \u00e9xito<\/p>\n<\/div><div  class='avia-button-wrap av-1qitkt-005e1a71f95e1fb6af64e6c940f8e934-wrap avia-button-right '><a href='https:\/\/www.bodenoekologie.com\/wp-content\/uploads\/2021\/05\/2019_15.PK-Symposium_ES.pdf' class='avia-button av-1qitkt-005e1a71f95e1fb6af64e6c940f8e934 av-link-btn avia-icon_select-yes-left-icon avia-size-large avia-position-right avia-color-theme-color' target=\"_blank\" rel=\"noopener noreferrer\" aria-label=\"pdf\"><span class='avia_button_icon avia_button_icon_left' aria-hidden='true' data-av_icon='\ue84c' data-av_iconfont='entypo-fontello'><\/span><span class='avia_iconbox_title' >pdf<\/span><\/a><\/div><\/div>\n<div  class='av_promobox av-1khhi5-f08308cecdb377194bc0ca8a6340df9b avia-button-yes  avia-builder-el-7  el_after_av_promobox  el_before_av_promobox '><div class='avia-promocontent'><\/p>\n<h3>14\u00b0 Simposio P-K: Resumen (2018)<\/h3>\n<p>Fertilidad del suelo\/nutrici\u00f3n de cultivo &#8211; an\u00e1lisis fraccionado +<br \/>\nSistema AKRA (perspectiva combinada)<\/p>\n<\/div><div  class='avia-button-wrap av-1khhi5-8139da6c11e5afa31a9d28d2b09ad0a7-wrap avia-button-right '><a href='https:\/\/www.bodenoekologie.com\/wp-content\/uploads\/2021\/03\/2018_14.PK-Symposium_ES.pdf' class='avia-button av-1khhi5-8139da6c11e5afa31a9d28d2b09ad0a7 av-link-btn avia-icon_select-yes-left-icon avia-size-large avia-position-right avia-color-theme-color' target=\"_blank\" rel=\"noopener noreferrer\" aria-label=\"pdf\"><span class='avia_button_icon avia_button_icon_left' aria-hidden='true' data-av_icon='\ue84c' data-av_iconfont='entypo-fontello'><\/span><span class='avia_iconbox_title' >pdf<\/span><\/a><\/div><\/div>\n<div  class='av_promobox av-4z3sd-8ae090040b37713c45276e9ee92fbe57 avia-button-yes  avia-builder-el-8  el_after_av_promobox  el_before_av_promobox '><div class='avia-promocontent'><\/p>\n<h3>13\u00b0 Simposio P-K: Potasio (Data-Mitos-Hechos), Resumen (2017)<\/h3>\n<p>El potasio en general, el ciclo de potasio, almacenamiento de potasio en el suelo, an\u00e1lisis y evaluaci\u00f3n de las reservas de potasio en el suelo, potasio dentro de la planta, estrategias para el cultivo&#8230;<\/p>\n<\/div><div  class='avia-button-wrap av-4z3sd-b7403c967d5eba009df032b543bd4d7a-wrap avia-button-right '><a href='https:\/\/www.bodenoekologie.com\/wp-content\/uploads\/2021\/03\/2017_13.PK-Symposium_ES.pdf' class='avia-button av-4z3sd-b7403c967d5eba009df032b543bd4d7a av-link-btn avia-icon_select-yes-left-icon avia-size-large avia-position-right avia-color-theme-color' target=\"_blank\" rel=\"noopener noreferrer\" aria-label=\"pdf\"><span class='avia_button_icon avia_button_icon_left' aria-hidden='true' data-av_icon='\ue84c' data-av_iconfont='entypo-fontello'><\/span><span class='avia_iconbox_title' >pdf<\/span><\/a><\/div><\/div>\n<div  class='av_promobox av-16jd45-c5859a611ca99e57218ad69ac67b0fa7 avia-button-yes  avia-builder-el-9  el_after_av_promobox  el_before_av_promobox '><div class='avia-promocontent'><\/p>\n<h3>Acidificaci\u00f3n del suelo, din\u00e1mica, peligros (2014)<\/h3>\n<p>Causas y efectos de acidificaci\u00f3n, medici\u00f3n de acidificaci\u00f3n y medidas contra la acidificaci\u00f3n&#8230;<\/p>\n<\/div><div  class='avia-button-wrap av-16jd45-bdb700b5a60e7755a4bc0a52f871f357-wrap avia-button-right '><a href='http:\/\/www.bodenoekologie.com\/wp-content\/uploads\/2015\/08\/2014_Boden_Versauerung_Dynamik_Gefaehrdung_2015_08_05.pdf' class='avia-button av-16jd45-bdb700b5a60e7755a4bc0a52f871f357 av-link-btn avia-icon_select-yes-left-icon avia-size-large avia-position-right avia-color-theme-color' target=\"_blank\" rel=\"noopener noreferrer\" aria-label=\"pdf (en alem\u00e1n)\"><span class='avia_button_icon avia_button_icon_left' aria-hidden='true' data-av_icon='\ue84c' data-av_iconfont='entypo-fontello'><\/span><span class='avia_iconbox_title' >pdf (en alem\u00e1n)<\/span><\/a><\/div><\/div>\n<div  class='av_promobox av-10bu1p-dfadb057aa9ddd61e599ff71590c5993 avia-button-yes  avia-builder-el-10  el_after_av_promobox  el_before_av_promobox '><div class='avia-promocontent'><\/p>\n<h3>F\u00f3sforo en el suelo: \u00bfOculto? \u00bfInutilizado? (2013)<\/h3>\n<p>Factores de conversi\u00f3n, excedentes de P y K, donde se almacena el f\u00f3sforo en el suelo, evaluaci\u00f3n&#8230;<\/p>\n<\/div><div  class='avia-button-wrap av-10bu1p-95c1330df2b581bcc512cc57fef23694-wrap avia-button-right '><a href='http:\/\/www.bodenoekologie.com\/wp-content\/uploads\/2015\/08\/2013_Phosphor_im_Boden_2015_08_05.pdf' class='avia-button av-10bu1p-95c1330df2b581bcc512cc57fef23694 av-link-btn avia-icon_select-yes-left-icon avia-size-large avia-position-right avia-color-theme-color' target=\"_blank\" rel=\"noopener noreferrer\" aria-label=\"pdf (en alem\u00e1n)\"><span class='avia_button_icon avia_button_icon_left' aria-hidden='true' data-av_icon='\ue84c' data-av_iconfont='entypo-fontello'><\/span><span class='avia_iconbox_title' >pdf (en alem\u00e1n)<\/span><\/a><\/div><\/div>\n<div  class='av_promobox av-xo9gl-591f122e67f09a62e7233f3465ea3bdc avia-button-yes  avia-builder-el-11  el_after_av_promobox  el_before_av_promobox '><div class='avia-promocontent'><\/p>\n<h3>Fertilidad del suelo (2013)<\/h3>\n<p>Definir, documentar, evaluar la fertilidad del suelo. El t\u00e9rmino \u201cfertilidad del suelo\u201d se utiliza principalmente en la agricultura y es ampliamente discutido en la literatura&#8230;<\/p>\n<\/div><div  class='avia-button-wrap av-xo9gl-d27d83d25ff36c1510da39e70a033074-wrap avia-button-right '><a href='http:\/\/www.bodenoekologie.com\/wp-content\/uploads\/2015\/08\/2013_Bodenfruchtbarkeit_2015_08_05.pdf' class='avia-button av-xo9gl-d27d83d25ff36c1510da39e70a033074 av-link-btn avia-icon_select-yes-left-icon avia-size-large avia-position-right avia-color-theme-color' target=\"_blank\" rel=\"noopener noreferrer\" aria-label=\"pdf (en alem\u00e1n)\"><span class='avia_button_icon avia_button_icon_left' aria-hidden='true' data-av_icon='\ue84c' data-av_iconfont='entypo-fontello'><\/span><span class='avia_iconbox_title' >pdf (en alem\u00e1n)<\/span><\/a><\/div><\/div>\n<div  class='av_promobox av-s1xid-fa534849698ceeebf9c475d10f9abf0b avia-button-yes  avia-builder-el-12  el_after_av_promobox  el_before_av_promobox '><div class='avia-promocontent'><\/p>\n<h3>F\u00f3sforo en el suelo: \u00bfHay raz\u00f3n para entrar en p\u00e1nico? (2012)<\/h3>\n<p>Tablas de conversi\u00f3n, evaluaci\u00f3n de tres enfoques para aumentar el f\u00f3sforo a lo largo de 40 a\u00f1os, Din\u00e1mica del f\u00f3sforo en el suelo, formas de enlaces de P, an\u00e1lisis y movilizaci\u00f3n de P&#8230;<\/p>\n<\/div><div  class='avia-button-wrap av-s1xid-bee01f981185d74e7deb8efa26582696-wrap avia-button-right '><a href='http:\/\/www.bodenoekologie.com\/wp-content\/uploads\/2015\/08\/2012_Phosphor_kein_Grund_zur_Panik_2015_08_05.pdf' class='avia-button av-s1xid-bee01f981185d74e7deb8efa26582696 av-link-btn avia-icon_select-yes-left-icon avia-size-large avia-position-right avia-color-theme-color' target=\"_blank\" rel=\"noopener noreferrer\" aria-label=\"pdf (en alem\u00e1n)\"><span class='avia_button_icon avia_button_icon_left' aria-hidden='true' data-av_icon='\ue84c' data-av_iconfont='entypo-fontello'><\/span><span class='avia_iconbox_title' >pdf (en alem\u00e1n)<\/span><\/a><\/div><\/div>\n<div  class='av_promobox av-ktk1x-452f47c3642a604e6c95f9735dba1541 avia-button-yes  avia-builder-el-13  el_after_av_promobox  el_before_av_promobox '><div class='avia-promocontent'><\/p>\n<h3>Pruebas de suelo \u201ch\u00e1galo usted mismo\u201d (2011)<\/h3>\n<p>Pruebas para determinar si el suelo est\u00e1 en riesgo de erosi\u00f3n y sedimentaci\u00f3n\/encenagamiento. Medici\u00f3n de la acidez y la actividad biol\u00f3gica. Los an\u00e1lisis del suelo deben llevarse a cabo simult\u00e1neamente y de diferentes tipos de suelo, con el fin de mostrar de una mejor manera las diferencias relativas&#8230;<\/p>\n<\/div><div  class='avia-button-wrap av-ktk1x-4dc5ebc1fa66f8f9658d66775cb88e0c-wrap avia-button-right '><a href='http:\/\/www.bodenoekologie.com\/wp-content\/uploads\/2015\/07\/2011_Bodentests_selber_machen.pdf' class='avia-button av-ktk1x-4dc5ebc1fa66f8f9658d66775cb88e0c av-link-btn avia-icon_select-yes-left-icon avia-size-large avia-position-right avia-color-theme-color' target=\"_blank\" rel=\"noopener noreferrer\" aria-label=\"pdf (en alem\u00e1n)\"><span class='avia_button_icon avia_button_icon_left' aria-hidden='true' data-av_icon='\ue84c' data-av_iconfont='entypo-fontello'><\/span><span class='avia_iconbox_title' >pdf (en alem\u00e1n)<\/span><\/a><\/div><\/div>\n<div  class='av_promobox av-ecq3x-089989794933dcd0a0cf2f64e95c38ba avia-button-yes  avia-builder-el-14  el_after_av_promobox  el_before_av_promobox '><div class='avia-promocontent'><\/p>\n<h3>Lodos de biog\u00e1s y fertilidad del suelo (2010)<\/h3>\n<p>Impactos en el suelo: experimento, evaluaci\u00f3n y resumen&#8230;<\/p>\n<\/div><div  class='avia-button-wrap av-ecq3x-d7f3fa751f46a17af8549fc8957c30fb-wrap avia-button-right '><a href='http:\/\/www.bodenoekologie.com\/wp-content\/uploads\/2015\/08\/2010_Biogasguellen_Bodenfruchtbarkeit1.pdf' class='avia-button av-ecq3x-d7f3fa751f46a17af8549fc8957c30fb av-link-btn avia-icon_select-yes-left-icon avia-size-large avia-position-right avia-color-theme-color' target=\"_blank\" rel=\"noopener noreferrer\" aria-label=\"pdf (en alem\u00e1n)\"><span class='avia_button_icon avia_button_icon_left' aria-hidden='true' data-av_icon='\ue84c' data-av_iconfont='entypo-fontello'><\/span><span class='avia_iconbox_title' >pdf (en alem\u00e1n)<\/span><\/a><\/div><\/div>\n<div  class='av_promobox av-ab0ql-1df1a91b384c5b3a3e3500851575542e avia-button-yes  avia-builder-el-15  el_after_av_promobox  avia-builder-el-last '><div class='avia-promocontent'><\/p>\n<h3>Estudios modelo del antagonismo Fe-P en columnas de suelo con respeto a la fertilizaci\u00f3n con lodos de biog\u00e1s (2010)<\/h3>\n<p>El antagonismo entre Fe-P debido a un exceso en la desulfuraci\u00f3n&#8230;<\/p>\n<\/div><div  class='avia-button-wrap av-ab0ql-5830bf2bc8ef36d74250f13667f658dd-wrap avia-button-right '><a href='http:\/\/www.bodenoekologie.com\/wp-content\/uploads\/2015\/08\/2010_Biogasguellen_Fe-P_Antagonismus.pdf' class='avia-button av-ab0ql-5830bf2bc8ef36d74250f13667f658dd av-link-btn avia-icon_select-yes-left-icon avia-size-large avia-position-right avia-color-theme-color' target=\"_blank\" rel=\"noopener noreferrer\" aria-label=\"pdf (en alem\u00e1n)\"><span class='avia_button_icon avia_button_icon_left' aria-hidden='true' data-av_icon='\ue84c' data-av_iconfont='entypo-fontello'><\/span><span class='avia_iconbox_title' >pdf (en alem\u00e1n)<\/span><\/a><\/div><\/div>\n","protected":false},"excerpt":{"rendered":"","protected":false},"author":1,"featured_media":0,"parent":2725,"menu_order":2,"comment_status":"open","ping_status":"closed","template":"","meta":{"footnotes":""},"class_list":["post-2968","page","type-page","status-publish","hentry"],"_links":{"self":[{"href":"https:\/\/www.bodenoekologie.com\/es\/wp-json\/wp\/v2\/pages\/2968"}],"collection":[{"href":"https:\/\/www.bodenoekologie.com\/es\/wp-json\/wp\/v2\/pages"}],"about":[{"href":"https:\/\/www.bodenoekologie.com\/es\/wp-json\/wp\/v2\/types\/page"}],"author":[{"embeddable":true,"href":"https:\/\/www.bodenoekologie.com\/es\/wp-json\/wp\/v2\/users\/1"}],"replies":[{"embeddable":true,"href":"https:\/\/www.bodenoekologie.com\/es\/wp-json\/wp\/v2\/comments?post=2968"}],"version-history":[{"count":5,"href":"https:\/\/www.bodenoekologie.com\/es\/wp-json\/wp\/v2\/pages\/2968\/revisions"}],"predecessor-version":[{"id":3485,"href":"https:\/\/www.bodenoekologie.com\/es\/wp-json\/wp\/v2\/pages\/2968\/revisions\/3485"}],"up":[{"embeddable":true,"href":"https:\/\/www.bodenoekologie.com\/es\/wp-json\/wp\/v2\/pages\/2725"}],"wp:attachment":[{"href":"https:\/\/www.bodenoekologie.com\/es\/wp-json\/wp\/v2\/media?parent=2968"}],"curies":[{"name":"wp","href":"https:\/\/api.w.org\/{rel}","templated":true}]}}