{"id":2974,"date":"2021-02-24T19:15:36","date_gmt":"2021-02-24T18:15:36","guid":{"rendered":"https:\/\/www.bodenoekologie.com\/muestras-especiales-2\/tesis-de-diploma\/"},"modified":"2021-11-24T12:07:45","modified_gmt":"2021-11-24T11:07:45","slug":"tesis-de-diploma","status":"publish","type":"page","link":"https:\/\/www.bodenoekologie.com\/es\/informacion\/tesis-de-diploma\/","title":{"rendered":"Tesis de diploma"},"content":{"rendered":"\n<style type=\"text\/css\" data-created_by=\"avia_inline_auto\" id=\"style-css-av-av_heading-e2f43de27fd4e833078873a9137c161d\">\n#top .av-special-heading.av-av_heading-e2f43de27fd4e833078873a9137c161d{\npadding-bottom:10px;\n}\nbody .av-special-heading.av-av_heading-e2f43de27fd4e833078873a9137c161d .av-special-heading-tag .heading-char{\nfont-size:25px;\n}\n.av-special-heading.av-av_heading-e2f43de27fd4e833078873a9137c161d .av-subheading{\nfont-size:15px;\n}\n<\/style>\n<div  class='av-special-heading av-av_heading-e2f43de27fd4e833078873a9137c161d av-special-heading-h1  avia-builder-el-0  el_before_av_promobox  avia-builder-el-first '><h1 class='av-special-heading-tag '  itemprop=\"headline\"  >Tesis de diploma <span class='special_amp'>&amp;<\/span> de maestr\u00eda<\/h1><div class=\"special-heading-border\"><div class=\"special-heading-inner-border\"><\/div><\/div><\/div>\n<div  class='av_promobox av-17cen5-98d4d2b88fc2fdfeb27737187818bc03 avia-button-yes  avia-builder-el-1  el_after_av_heading  el_before_av_promobox '><div class='avia-promocontent'><p>\nHaupt, Helen (2021). Subsurface drip irrigation in organic peppermint cultivation: Efficient water use and sustainable yield increase. Master Thesis, University of Natural Resources and Life Sciences, Vienna.<\/p>\n<\/div><div  class='avia-button-wrap av-17cen5-7a4ee658568ce551103ab0af13926d03-wrap avia-button-right '><a href='https:\/\/www.bodenoekologie.com\/wp-content\/uploads\/2021\/11\/Haupt-2021-Bewaesserung-im-Bio-Pfefferminzanbau.pdf' class='avia-button av-17cen5-7a4ee658568ce551103ab0af13926d03 av-link-btn avia-icon_select-yes-left-icon avia-size-large avia-position-right avia-color-theme-color' target=\"_blank\" rel=\"noopener noreferrer\" aria-label=\"pdf (en alem\u00e1n)\"><span class='avia_button_icon avia_button_icon_left' aria-hidden='true' data-av_icon='\ue84c' data-av_iconfont='entypo-fontello'><\/span><span class='avia_iconbox_title' >pdf (en alem\u00e1n)<\/span><\/a><\/div><\/div>\n<div  class='av_promobox av-17cen5-ce29dac5e229ae96515beb748f6f1a08 avia-button-yes  avia-builder-el-2  el_after_av_promobox  el_before_av_promobox '><div class='avia-promocontent'><p>\nWedenig, Johannes Tobias (2017). Auswirkungen der Produktionsweise \u00abGesch\u00fctzter Bio-Fruchtgem\u00fcsebau\u00bb auf chemische Bodenparameter. N\u00e4hrstoffbilanzierung und Bodenanalysen. Master\u2019s Thesis, University of Natural Resources and Life Sciences, Vienna.<\/p>\n<\/div><div  class='avia-button-wrap av-17cen5-b33991b4132ae26ad2e25b33e385f5c1-wrap avia-button-right '><a href='http:\/\/www.bodenoekologie.com\/wp-content\/uploads\/2017\/08\/Wedenig_2017.pdf' class='avia-button av-17cen5-b33991b4132ae26ad2e25b33e385f5c1 av-link-btn avia-icon_select-yes-left-icon avia-size-large avia-position-right avia-color-theme-color' target=\"_blank\" rel=\"noopener noreferrer\" aria-label=\"pdf (en alem\u00e1n)\"><span class='avia_button_icon avia_button_icon_left' aria-hidden='true' data-av_icon='\ue84c' data-av_iconfont='entypo-fontello'><\/span><span class='avia_iconbox_title' >pdf (en alem\u00e1n)<\/span><\/a><\/div><\/div>\n<div  class='av_promobox av-1346pd-19f33fbb2de20d1305979aef9728a3fb avia-button-yes  avia-builder-el-3  el_after_av_promobox  el_before_av_promobox '><div class='avia-promocontent'><p>\nMessenb\u00f6ck, Karoline (2017). Ver\u00e4nderung der Bodenphysik durch den Anbau von Biogem\u00fcse unter Folie und Glas. Bachelorarbeit, University of Vienna.<\/p>\n<\/div><div  class='avia-button-wrap av-1346pd-5b1161ca441c5e13f2591ccf103fb47c-wrap avia-button-right '><a href='http:\/\/www.bodenoekologie.com\/wp-content\/uploads\/2017\/09\/Messenboeck-Karoline_2017_Bodenphysik-Biogemuese-im-geschuetzten-Anbau.pdf' class='avia-button av-1346pd-5b1161ca441c5e13f2591ccf103fb47c av-link-btn avia-icon_select-yes-left-icon avia-size-large avia-position-right avia-color-theme-color' target=\"_blank\" rel=\"noopener noreferrer\" aria-label=\"pdf (en alem\u00e1n)\"><span class='avia_button_icon avia_button_icon_left' aria-hidden='true' data-av_icon='\ue84c' data-av_iconfont='entypo-fontello'><\/span><span class='avia_iconbox_title' >pdf (en alem\u00e1n)<\/span><\/a><\/div><\/div>\n<div  class='av_promobox av-uwurd-8c1613fa6615d9105309a8048953eb09 avia-button-yes  avia-builder-el-4  el_after_av_promobox  el_before_av_promobox '><div class='avia-promocontent'><p>\nDeltedesco, Evi (2015). Effect of quicklime and limestone on microbial activity in agricultural soils. Master\u2019s Thesis, Institute of Soil Research, University of Natural Resources and Life Sciences, Vienna.<\/p>\n<\/div><div  class='avia-button-wrap av-uwurd-2db0ca8303f1896fd001f2efbde6ea3d-wrap avia-button-right '><a href='http:\/\/www.bodenoekologie.com\/wp-content\/uploads\/2017\/09\/Deltedesco-Evi-2015.pdf' class='avia-button av-uwurd-2db0ca8303f1896fd001f2efbde6ea3d av-link-btn avia-icon_select-yes-left-icon avia-size-large avia-position-right avia-color-theme-color' target=\"_blank\" rel=\"noopener noreferrer\" aria-label=\"pdf (en ingl\u00e9s)\"><span class='avia_button_icon avia_button_icon_left' aria-hidden='true' data-av_icon='\ue84c' data-av_iconfont='entypo-fontello'><\/span><span class='avia_iconbox_title' >pdf (en ingl\u00e9s)<\/span><\/a><\/div><\/div>\n<div  class='av_promobox av-rfj6p-1b3a2c96139e64e3d315322d3bc37d42 avia-button-yes  avia-builder-el-5  el_after_av_promobox  el_before_av_promobox '><div class='avia-promocontent'><p>\nW\u00fcnscher, Rosemarie (2013): A Comparison of Different Phosphorus Extraction Methods with the Phosphorus Uptake of Wheat. Master\u2019s Thesis, Institute of Soil Research, University of Natural Resources and Life Sciences, Vienna.<\/p>\n<\/div><div  class='avia-button-wrap av-rfj6p-ac4b070ffe2a292a3c80e8cecd3a86a5-wrap avia-button-right '><a href='http:\/\/www.bodenoekologie.com\/wp-content\/uploads\/2015\/07\/Wuenscher_2013_fulltext_11499.pdf' class='avia-button av-rfj6p-ac4b070ffe2a292a3c80e8cecd3a86a5 av-link-btn avia-icon_select-yes-left-icon avia-size-large avia-position-right avia-color-theme-color' target=\"_blank\" rel=\"noopener noreferrer\" aria-label=\"pdf (en ingl\u00e9s)\"><span class='avia_button_icon avia_button_icon_left' aria-hidden='true' data-av_icon='\ue84c' data-av_iconfont='entypo-fontello'><\/span><span class='avia_iconbox_title' >pdf (en ingl\u00e9s)<\/span><\/a><\/div><\/div>\n<div  class='av_promobox av-mf4l5-caea2e45dce43c903c760d35f5b0bc53 avia-button-yes  avia-builder-el-6  el_after_av_promobox  el_before_av_promobox '><div class='avia-promocontent'><p>\nPichler, Gerd (2012): \u00d6kologische Bodenbewertung und moderne D\u00fcngeberatung. Ableitung eines Prognosemodells f\u00fcr die Absch\u00e4tzung der Wirkung von Meliorationsma\u00dfnahmen auf den Bodenzustand. Master Thesis im Rahmen des Universit\u00e4tslehrganges \u201eGeographical Information Science &amp; Systems\u201c (UNIGIS MSc) am Zentrum f\u00fcr GeoInformatik (Z_GIS) der Paris Lodron-Universit\u00e4t Salzburg.<\/p>\n<\/div><div  class='avia-button-wrap av-mf4l5-a29afdf6a2b630216ebd5e6f9016eab6-wrap avia-button-right '><a href='http:\/\/unigis.sbg.ac.at\/files\/Mastertheses\/Full\/1508.pdf' class='avia-button av-mf4l5-a29afdf6a2b630216ebd5e6f9016eab6 av-link-btn avia-icon_select-yes-left-icon avia-size-large avia-position-right avia-color-theme-color' target=\"_blank\" rel=\"noopener noreferrer\" aria-label=\"pdf (en alem\u00e1n)\"><span class='avia_button_icon avia_button_icon_left' aria-hidden='true' data-av_icon='\ue84c' data-av_iconfont='entypo-fontello'><\/span><span class='avia_iconbox_title' >pdf (en alem\u00e1n)<\/span><\/a><\/div><\/div>\n<div  class='av_promobox av-hlfi1-6a40a31e4a9627c45551de53b3345dff avia-button-yes  avia-builder-el-7  el_after_av_promobox  el_before_av_promobox '><div class='avia-promocontent'><p>\nHudribusch, Angela (2012): \u201eUntersuchung des oberfl\u00e4chennahen Bodenwasserhaushaltes einer ausgew\u00e4hlten landwirtschaftlichen Nutzfl\u00e4che nach Melioration mit Holzkohle.\u201c Master\u2019s Thesis, University of Vienna.<\/p>\n<\/div><div  class='avia-button-wrap av-hlfi1-9fce04203f8fc7a4225703a31848f8ae-wrap avia-button-right '><a href='http:\/\/othes.univie.ac.at\/24678\/' class='avia-button av-hlfi1-9fce04203f8fc7a4225703a31848f8ae av-link-btn avia-icon_select-yes-left-icon avia-size-large avia-position-right avia-color-theme-color' target=\"_blank\" rel=\"noopener noreferrer\" aria-label=\"Abstract, pdf (en alem\u00e1n)\"><span class='avia_button_icon avia_button_icon_left' aria-hidden='true' data-av_icon='\ue84c' data-av_iconfont='entypo-fontello'><\/span><span class='avia_iconbox_title' >Abstract, pdf (en alem\u00e1n)<\/span><\/a><\/div><\/div>\n<div  class='av_promobox av-7d8vd-348b90fd220a81fc0267ca9347aa0489 avia-button-yes  avia-builder-el-8  el_after_av_promobox  avia-builder-el-last '><div class='avia-promocontent'><p>\nDiringer, Stefan (2010): Gibt es in der Bodenphysik M\u00f6glichkeiten Einzelparameter durch einen einzelnen Summenparameter zu charakterisieren? Master\u2019s Thesis, University of Vienna.<\/p>\n<\/div><div  class='avia-button-wrap av-7d8vd-e2a871e39e86d849024eb876e3246552-wrap avia-button-right '><a href='http:\/\/othes.univie.ac.at\/11359\/' class='avia-button av-7d8vd-e2a871e39e86d849024eb876e3246552 av-link-btn avia-icon_select-yes-left-icon avia-size-large avia-position-right avia-color-theme-color' target=\"_blank\" rel=\"noopener noreferrer\" aria-label=\"Abstract\"><span class='avia_button_icon avia_button_icon_left' aria-hidden='true' data-av_icon='\ue84c' data-av_iconfont='entypo-fontello'><\/span><span class='avia_iconbox_title' >Abstract<\/span><\/a><\/div><\/div>\n","protected":false},"excerpt":{"rendered":"","protected":false},"author":1,"featured_media":0,"parent":2725,"menu_order":4,"comment_status":"open","ping_status":"closed","template":"","meta":{"footnotes":""},"class_list":["post-2974","page","type-page","status-publish","hentry"],"_links":{"self":[{"href":"https:\/\/www.bodenoekologie.com\/es\/wp-json\/wp\/v2\/pages\/2974"}],"collection":[{"href":"https:\/\/www.bodenoekologie.com\/es\/wp-json\/wp\/v2\/pages"}],"about":[{"href":"https:\/\/www.bodenoekologie.com\/es\/wp-json\/wp\/v2\/types\/page"}],"author":[{"embeddable":true,"href":"https:\/\/www.bodenoekologie.com\/es\/wp-json\/wp\/v2\/users\/1"}],"replies":[{"embeddable":true,"href":"https:\/\/www.bodenoekologie.com\/es\/wp-json\/wp\/v2\/comments?post=2974"}],"version-history":[{"count":5,"href":"https:\/\/www.bodenoekologie.com\/es\/wp-json\/wp\/v2\/pages\/2974\/revisions"}],"predecessor-version":[{"id":3536,"href":"https:\/\/www.bodenoekologie.com\/es\/wp-json\/wp\/v2\/pages\/2974\/revisions\/3536"}],"up":[{"embeddable":true,"href":"https:\/\/www.bodenoekologie.com\/es\/wp-json\/wp\/v2\/pages\/2725"}],"wp:attachment":[{"href":"https:\/\/www.bodenoekologie.com\/es\/wp-json\/wp\/v2\/media?parent=2974"}],"curies":[{"name":"wp","href":"https:\/\/api.w.org\/{rel}","templated":true}]}}