{"id":4353,"date":"2022-03-31T18:23:06","date_gmt":"2022-03-31T16:23:06","guid":{"rendered":"https:\/\/www.bodenoekologie.com\/?page_id=4353"},"modified":"2024-04-17T10:05:52","modified_gmt":"2024-04-17T08:05:52","slug":"fort-weiterbildung-es","status":"publish","type":"page","link":"https:\/\/www.bodenoekologie.com\/es\/formacion\/fort-weiterbildung-es\/","title":{"rendered":"Formaci\u00f3n y Educaci\u00f3n"},"content":{"rendered":"\n<style type=\"text\/css\" data-created_by=\"avia_inline_auto\" id=\"style-css-av-8hg5j-962aecaa35181b1bfe5bc66a926b4683\">\n.avia-image-container.av-8hg5j-962aecaa35181b1bfe5bc66a926b4683 img.avia_image{\nbox-shadow:none;\n}\n.avia-image-container.av-8hg5j-962aecaa35181b1bfe5bc66a926b4683 .av-image-caption-overlay-center{\ncolor:#ffffff;\n}\n<\/style>\n<div  class='avia-image-container av-8hg5j-962aecaa35181b1bfe5bc66a926b4683 av-styling- avia-align-center  avia-builder-el-0  el_before_av_one_third  avia-builder-el-first '   itemprop=\"image\" itemscope=\"itemscope\" itemtype=\"https:\/\/schema.org\/ImageObject\" ><div class=\"avia-image-container-inner\"><div class=\"avia-image-overlay-wrap\"><img decoding=\"async\" fetchpriority=\"high\" class='wp-image-4197 avia-img-lazy-loading-not-4197 avia_image ' src=\"https:\/\/www.bodenoekologie.com\/wp-content\/uploads\/2022\/03\/Hero_Abbildung_neu-1500x430.jpg\" alt='' title='Hero_Abbildung_neu'  height=\"430\" width=\"1500\"  itemprop=\"thumbnailUrl\" srcset=\"https:\/\/www.bodenoekologie.com\/wp-content\/uploads\/2022\/03\/Hero_Abbildung_neu-1500x429.jpg 1500w, https:\/\/www.bodenoekologie.com\/wp-content\/uploads\/2022\/03\/Hero_Abbildung_neu-300x86.jpg 300w, https:\/\/www.bodenoekologie.com\/wp-content\/uploads\/2022\/03\/Hero_Abbildung_neu-1030x295.jpg 1030w, https:\/\/www.bodenoekologie.com\/wp-content\/uploads\/2022\/03\/Hero_Abbildung_neu-768x220.jpg 768w, https:\/\/www.bodenoekologie.com\/wp-content\/uploads\/2022\/03\/Hero_Abbildung_neu-705x202.jpg 705w, https:\/\/www.bodenoekologie.com\/wp-content\/uploads\/2022\/03\/Hero_Abbildung_neu-450x129.jpg 450w, https:\/\/www.bodenoekologie.com\/wp-content\/uploads\/2022\/03\/Hero_Abbildung_neu.jpg 1503w\" sizes=\"(max-width: 1500px) 100vw, 1500px\" \/><\/div><\/div><\/div>\n<div class='flex_column_table av-av_one_third-9f3d2d0ce474beac12c1e28985e695c8 sc-av_one_third av-equal-height-column-flextable'>\n<style type=\"text\/css\" data-created_by=\"avia_inline_auto\" id=\"style-css-av-av_one_third-9f3d2d0ce474beac12c1e28985e695c8\">\n#top .flex_column_table.av-equal-height-column-flextable.av-av_one_third-9f3d2d0ce474beac12c1e28985e695c8{\nmargin-top:10px;\nmargin-bottom:5px;\n}\n.flex_column.av-av_one_third-9f3d2d0ce474beac12c1e28985e695c8{\nwidth:26.666666666667%;\nmargin-left:0;\n}\n#top .flex_column_table.av-equal-height-column-flextable.av-av_one_third-9f3d2d0ce474beac12c1e28985e695c8 .av-flex-placeholder{\nwidth:10%;\n}\n<\/style>\n<div  class='flex_column av-av_one_third-9f3d2d0ce474beac12c1e28985e695c8 av_one_third  avia-builder-el-1  el_after_av_image  el_before_av_one_third  first flex_column_table_cell av-equal-height-column av-align-middle  '     ><style type=\"text\/css\" data-created_by=\"avia_inline_auto\" id=\"style-css-av-lv3ih2bn-d8e7da4a34471941f3ab152de1488df1\">\n#top .avia-animated-number.av-lv3ih2bn-d8e7da4a34471941f3ab152de1488df1 .avia-animated-number-title{\nfont-size:50px;\n}\n#top .avia-animated-number.av-lv3ih2bn-d8e7da4a34471941f3ab152de1488df1 .avia-animated-number-content{\nfont-size:20px;\n}\n.avia-animated-number.av-lv3ih2bn-d8e7da4a34471941f3ab152de1488df1 .avia-animated-number-circle-inner{\nborder-style:none;\nbackground-color:rgba(181,183,45,0.25);\nbox-shadow:none;\n}\n\n@media only screen and (min-width: 990px){ \n#top .avia-animated-number.av-lv3ih2bn-d8e7da4a34471941f3ab152de1488df1 .avia-animated-number-content{\nfont-size:20px;\n}\n}\n<\/style>\n<div  class=\"avia-animated-number av-lv3ih2bn-d8e7da4a34471941f3ab152de1488df1 av-force-default-color avia_animate_when_visible  avia-builder-el-2  avia-builder-el-no-sibling  av-display-circle \" data-timer=\"3000\"><span class='avia-animated-number-circle '><span class='avia-animated-number-circle-inner'><\/span><\/span><strong class=\"heading avia-animated-number-title\"><span class=\"avia-single-number __av-single-number\" data-number_format=\"\" data-number=\"136\" data-start_from=\"0\">136<\/span><\/strong><div class=\"avia-animated-number-content\"><p>eventos<\/p>\n<\/div><\/div><\/div><div class='av-flex-placeholder'><\/div>\n<style type=\"text\/css\" data-created_by=\"avia_inline_auto\" id=\"style-css-av-av_one_third-a093cbde3e5f694982bac2ef59a0cf99\">\n#top .flex_column_table.av-equal-height-column-flextable.av-av_one_third-a093cbde3e5f694982bac2ef59a0cf99{\nmargin-top:10px;\nmargin-bottom:5px;\n}\n.flex_column.av-av_one_third-a093cbde3e5f694982bac2ef59a0cf99{\nwidth:26.666666666667%;\nmargin-left:0;\n}\n#top .flex_column_table.av-equal-height-column-flextable.av-av_one_third-a093cbde3e5f694982bac2ef59a0cf99 .av-flex-placeholder{\nwidth:10%;\n}\n<\/style>\n<div  class='flex_column av-av_one_third-a093cbde3e5f694982bac2ef59a0cf99 av_one_third  avia-builder-el-3  el_after_av_one_third  el_before_av_one_third  flex_column_table_cell av-equal-height-column av-align-middle  '     ><style type=\"text\/css\" data-created_by=\"avia_inline_auto\" id=\"style-css-av-lv3ih987-d1e5b263b45c705bbe9e27a7af44b71d\">\n#top .avia-animated-number.av-lv3ih987-d1e5b263b45c705bbe9e27a7af44b71d .avia-animated-number-title{\nfont-size:50px;\n}\n#top .avia-animated-number.av-lv3ih987-d1e5b263b45c705bbe9e27a7af44b71d .avia-animated-number-content{\nfont-size:20px;\n}\n.avia-animated-number.av-lv3ih987-d1e5b263b45c705bbe9e27a7af44b71d .avia-animated-number-circle-inner{\nborder-style:none;\nbackground-color:rgba(181,183,45,0.25);\nbox-shadow:none;\n}\n\n@media only screen and (min-width: 990px){ \n#top .avia-animated-number.av-lv3ih987-d1e5b263b45c705bbe9e27a7af44b71d .avia-animated-number-content{\nfont-size:20px;\n}\n}\n<\/style>\n<div  class=\"avia-animated-number av-lv3ih987-d1e5b263b45c705bbe9e27a7af44b71d av-force-default-color avia_animate_when_visible  avia-builder-el-4  avia-builder-el-no-sibling  av-display-circle \" data-timer=\"3000\"><span class='avia-animated-number-circle '><span class='avia-animated-number-circle-inner'><\/span><\/span><strong class=\"heading avia-animated-number-title\"><span class=\"avia-single-number __av-single-number\" data-number_format=\"\" data-number=\"6\" data-start_from=\"0\">6<\/span><\/strong><div class=\"avia-animated-number-content\"><p>paises<\/p>\n<\/div><\/div><\/div><div class='av-flex-placeholder'><\/div>\n<style type=\"text\/css\" data-created_by=\"avia_inline_auto\" id=\"style-css-av-av_one_third-a093cbde3e5f694982bac2ef59a0cf99\">\n#top .flex_column_table.av-equal-height-column-flextable.av-av_one_third-a093cbde3e5f694982bac2ef59a0cf99{\nmargin-top:10px;\nmargin-bottom:5px;\n}\n.flex_column.av-av_one_third-a093cbde3e5f694982bac2ef59a0cf99{\nwidth:26.666666666667%;\nmargin-left:0;\n}\n#top .flex_column_table.av-equal-height-column-flextable.av-av_one_third-a093cbde3e5f694982bac2ef59a0cf99 .av-flex-placeholder{\nwidth:10%;\n}\n<\/style>\n<div  class='flex_column av-av_one_third-a093cbde3e5f694982bac2ef59a0cf99 av_one_third  avia-builder-el-5  el_after_av_one_third  el_before_av_heading  flex_column_table_cell av-equal-height-column av-align-middle  '     ><style type=\"text\/css\" data-created_by=\"avia_inline_auto\" id=\"style-css-av-lv3ihijq-1dea32516f73b29c0d1d6b5eb22ba106\">\n#top .avia-animated-number.av-lv3ihijq-1dea32516f73b29c0d1d6b5eb22ba106 .avia-animated-number-title{\nfont-size:50px;\n}\n#top .avia-animated-number.av-lv3ihijq-1dea32516f73b29c0d1d6b5eb22ba106 .avia-animated-number-content{\nfont-size:20px;\n}\n.avia-animated-number.av-lv3ihijq-1dea32516f73b29c0d1d6b5eb22ba106 .avia-animated-number-circle-inner{\nborder-style:none;\nbackground-color:rgba(181,183,45,0.25);\nbox-shadow:none;\n}\n\n@media only screen and (min-width: 990px){ \n#top .avia-animated-number.av-lv3ihijq-1dea32516f73b29c0d1d6b5eb22ba106 .avia-animated-number-content{\nfont-size:20px;\n}\n}\n<\/style>\n<div  class=\"avia-animated-number av-lv3ihijq-1dea32516f73b29c0d1d6b5eb22ba106 av-force-default-color avia_animate_when_visible  avia-builder-el-6  avia-builder-el-no-sibling  av-display-circle \" data-timer=\"3000\"><span class='avia-animated-number-circle '><span class='avia-animated-number-circle-inner'><\/span><\/span><strong class=\"heading avia-animated-number-title\"><span class=\"avia-single-number __av-single-number\" data-number_format=\"\" data-number=\"3200\" data-start_from=\"0\">3200<\/span><\/strong><div class=\"avia-animated-number-content\"><p>participantes<\/p>\n<\/div><\/div><\/div><\/div><!--close column table wrapper. Autoclose: 1 -->\n<style type=\"text\/css\" data-created_by=\"avia_inline_auto\" id=\"style-css-av-av_heading-ec1adad241cb2b789b18122fd7d8eaf6\">\n#top .av-special-heading.av-av_heading-ec1adad241cb2b789b18122fd7d8eaf6{\npadding-bottom:10px;\n}\nbody .av-special-heading.av-av_heading-ec1adad241cb2b789b18122fd7d8eaf6 .av-special-heading-tag .heading-char{\nfont-size:25px;\n}\n.av-special-heading.av-av_heading-ec1adad241cb2b789b18122fd7d8eaf6 .av-subheading{\nfont-size:15px;\n}\n<\/style>\n<div  class='av-special-heading av-av_heading-ec1adad241cb2b789b18122fd7d8eaf6 av-special-heading-h3  avia-builder-el-7  el_after_av_one_third  el_before_av_textblock '><h3 class='av-special-heading-tag '  itemprop=\"headline\"  >Ofrecemos\u2026<\/h3><div class=\"special-heading-border\"><div class=\"special-heading-inner-border\"><\/div><\/div><\/div><\/p>\n<section  class='av_textblock_section av-7lnh7-4eae118d9bfe4251b2b2bc8b0cdb1f50 '   itemscope=\"itemscope\" itemtype=\"https:\/\/schema.org\/CreativeWork\" ><div class='avia_textblock'  itemprop=\"text\" ><p>\u2026charlas de expertos, jornadas de campo, webinarios, seminarios y talleres avanzados sobre diferentes temas de edafolog\u00eda y ecolog\u00eda para organizaciones, asociaciones, clubes, escuelas, etc. \u2026<\/p>\n<\/div><\/section>\n<div  class='flex_column av-70gcz-fccd05cea5d0403b5938bf3412265fb2 av_one_half  avia-builder-el-9  el_after_av_textblock  el_before_av_one_half  first flex_column_div  column-top-margin'     ><section  class='av_textblock_section av-64px7-91edb9d7ce15253293f54184d53a9c2d '   itemscope=\"itemscope\" itemtype=\"https:\/\/schema.org\/CreativeWork\" ><div class='avia_textblock'  itemprop=\"text\" ><h3>Selecci\u00f3n de contenidos y enfoques principales:<\/h3>\n<ul>\n<li>Fertilidad del suelo<\/li>\n<li>Biolog\u00eda del suelo<\/li>\n<li>Din\u00e1mica de nutrientes<\/li>\n<li>Din\u00e1mica del f\u00f3sfor<\/li>\n<li>Acidificaci\u00f3n del suelo<\/li>\n<li>\u00bfEst\u00e1 mi suelo preparado para el cambio clim\u00e1tico?<\/li>\n<li>Pur\u00edn de biog\u00e1s: impacto en la fertilidad del suelo<\/li>\n<li>M\u00e9todos de an\u00e1lisis<\/li>\n<li>Balance de radiaci\u00f3n y energ\u00eda del suelo<\/li>\n<li>Din\u00e1mica de nutrientes de diferentes cultivos<\/li>\n<li>Perfiles de nutrientes<\/li>\n<li>Evaluaci\u00f3n de suelos<\/li>\n<li>Muestreo de suelo<\/li>\n<li>Pruebas de suelo sencillos<\/li>\n<li>Ciencia del suelo de campo<\/li>\n<li>Descripci\u00f3n de perfiles de suelo<\/li>\n<li>\u2026<\/li>\n<\/ul>\n<p>Los contenidos se adaptan respecto a los conocimientos previos de los participantes.<\/p>\n<p>En las jornadas de campo y los seminarios se elaboran temas de forma interactiva en la teor\u00eda y la pr\u00e1ctica, se discuten los perfiles de los suelos y se obtienen diversos par\u00e1metros a partir de pruebas sencillas de suelo.<\/p>\n<p><strong>\u00bfEst\u00e1 interesado en un evento? P\u00f3ngase en contacto con nosotros.<\/strong><\/p>\n<\/div><\/section><\/div>\n\n<style type=\"text\/css\" data-created_by=\"avia_inline_auto\" id=\"style-css-av-5l4d7-b6736cdd0b5a3aa33ab92fd20feb1d06\">\n.flex_column.av-5l4d7-b6736cdd0b5a3aa33ab92fd20feb1d06{\nborder-radius:0px 0px 0px 0px;\npadding:0px 0px 0px 0px;\n}\n<\/style>\n<div  class='flex_column av-5l4d7-b6736cdd0b5a3aa33ab92fd20feb1d06 av_one_half  avia-builder-el-11  el_after_av_one_half  el_before_av_one_full  flex_column_div av-zero-column-padding  column-top-margin'     ><form action=\"https:\/\/www.bodenoekologie.com\/es\/formacion\/fort-weiterbildung-es\/\" method=\"post\" data-fields-with-error=\"Found errors in the following field(s):\" class=\"avia_ajax_form av-form-labels-hidden   avia-builder-el-12  avia-builder-el-no-sibling   \" data-avia-form-id=\"1\" data-avia-redirect='' ><h3 class=''>Solicitud<\/h3><fieldset><p class='  first_form  form_element form_fullwidth' id='element_avia_1_1'><label for=\"avia_1_1\">Empresa o entidad<\/label> <input name=\"avia_1_1\" class=\"text_input \" type=\"text\" id=\"avia_1_1\" value=\"\"  placeholder='Empresa o entidad'\/><\/p><p class='  first_form  form_element form_fullwidth' id='element_avia_2_1'><label for=\"avia_2_1\">Su nombre <abbr class=\"required\" title=\"requerido\">*<\/abbr><\/label> <input name=\"avia_2_1\" class=\"text_input is_empty\" type=\"text\" id=\"avia_2_1\" value=\"\"  placeholder='Su nombre*'\/><\/p><p class='  first_form  form_element form_fullwidth' id='element_avia_3_1'><label for=\"avia_3_1\">Correo electr\u00f3nico <abbr class=\"required\" title=\"requerido\">*<\/abbr><\/label> <input name=\"avia_3_1\" class=\"text_input is_email\" type=\"text\" id=\"avia_3_1\" value=\"\"  placeholder='Correo electr\u00f3nico*'\/><\/p><p class='  first_form  form_element form_fullwidth' id='element_avia_4_1'><label for=\"avia_4_1\">N\u00famero de tel\u00e9fono <abbr class=\"required\" title=\"requerido\">*<\/abbr><\/label> <input name=\"avia_4_1\" class=\"text_input is_phone\" type=\"text\" id=\"avia_4_1\" value=\"\"  placeholder='N\u00famero de tel\u00e9fono*'\/><\/p><p class='  first_form  form_element form_fullwidth' id='element_avia_5_1'><label for=\"avia_5_1\" class=\"textare_label hidden textare_label_avia_5_1\">Su petici\u00f3n\u2026 <abbr class=\"required\" title=\"requerido\">*<\/abbr><\/label><textarea  placeholder='Su petici\u00f3n\u2026*' name=\"avia_5_1\" class=\"text_area is_empty\" cols=\"40\" rows=\"7\" id=\"avia_5_1\" ><\/textarea><\/p><p class=\"hidden\"><input type=\"text\" name=\"avia_6_1\" class=\"hidden \" id=\"avia_6_1\" value=\"\" \/><\/p><p class='   form_element form_fullwidth' id='element_avia_7_1'><span class='value_verifier_label'>5 + 3 = ?<\/span><input name=\"avia_7_1_verifier\" type=\"hidden\" id=\"avia_7_1_verifier\" value=\"354551438\"\/><label for=\"avia_7_1\">Para mayor seguridad, responde la siguiente pregunta <abbr class=\"required\" title=\"requerido\">*<\/abbr><\/label><input name=\"avia_7_1\" class=\"text_input captcha\" type=\"text\" id=\"avia_7_1\" value=\"\"\/><\/p><p class=\"form_element \"><input type=\"hidden\" value=\"1\" name=\"avia_generated_form1\" \/><input type=\"submit\" value=\"Enviar solicitud\" class=\"button\"  data-sending-label=\"Enviando\"\/><\/p><\/fieldset><\/form><div id=\"ajaxresponse_1\" class=\"ajaxresponse ajaxresponse_1 hidden\"><\/div><\/div>\n\n<style type=\"text\/css\" data-created_by=\"avia_inline_auto\" id=\"style-css-av-1q4cr-896ac9f45ed1aed5dba3042df28e68c0\">\n.flex_column.av-1q4cr-896ac9f45ed1aed5dba3042df28e68c0{\nborder-radius:0px 0px 0px 0px;\npadding:0px 0px 0px 0px;\n}\n<\/style>\n<div  class='flex_column av-1q4cr-896ac9f45ed1aed5dba3042df28e68c0 av_one_full  avia-builder-el-13  el_after_av_one_half  avia-builder-el-last  first flex_column_div av-zero-column-padding  column-top-margin'     ><section  class='av_textblock_section av-rkg7-82a70192a653137a57f249cc1afefec7 '   itemscope=\"itemscope\" itemtype=\"https:\/\/schema.org\/CreativeWork\" ><div class='avia_textblock'  itemprop=\"text\" ><h3>Formaci\u00f3n avanzada<\/h3>\n<p><strong>\u201cRichtig Gie\u00dfen\u201d: buenas pr\u00e1cticas de riego<\/strong><\/p>\n<p>Los cultivos necesitan tanto un buen suelo como un riego acorde a la demanda para ser productivas. Los m\u00e9todos de riego incorrectos pueden da\u00f1ar el suelo, los cultivos y adem\u00e1s desperdiciar innecesariamente valiosos recursos h\u00eddricos y energ\u00e9ticos.<\/p>\n<p>En este contexto, el curso de formaci\u00f3n avanzada \u201cRichtig Gie\u00dfen\u201d fue desarrollado por el experimentado especialista en riego Stefan Glaser en colaboraci\u00f3n con la Universidad de Recursos Naturales y Ciencias de la Vida (BOKU) de Viena. Est\u00e1 dirigido tanto a agricultores como a horticultores. El curso proporciona conocimientos sobre el agua en el suelo y m\u00e9todos de irrigaci\u00f3n eficientes.<\/p>\n<\/div><\/section><\/div>\n","protected":false},"excerpt":{"rendered":"","protected":false},"author":1,"featured_media":0,"parent":2718,"menu_order":1,"comment_status":"closed","ping_status":"closed","template":"","meta":{"footnotes":""},"class_list":["post-4353","page","type-page","status-publish","hentry"],"_links":{"self":[{"href":"https:\/\/www.bodenoekologie.com\/es\/wp-json\/wp\/v2\/pages\/4353"}],"collection":[{"href":"https:\/\/www.bodenoekologie.com\/es\/wp-json\/wp\/v2\/pages"}],"about":[{"href":"https:\/\/www.bodenoekologie.com\/es\/wp-json\/wp\/v2\/types\/page"}],"author":[{"embeddable":true,"href":"https:\/\/www.bodenoekologie.com\/es\/wp-json\/wp\/v2\/users\/1"}],"replies":[{"embeddable":true,"href":"https:\/\/www.bodenoekologie.com\/es\/wp-json\/wp\/v2\/comments?post=4353"}],"version-history":[{"count":8,"href":"https:\/\/www.bodenoekologie.com\/es\/wp-json\/wp\/v2\/pages\/4353\/revisions"}],"predecessor-version":[{"id":7940,"href":"https:\/\/www.bodenoekologie.com\/es\/wp-json\/wp\/v2\/pages\/4353\/revisions\/7940"}],"up":[{"embeddable":true,"href":"https:\/\/www.bodenoekologie.com\/es\/wp-json\/wp\/v2\/pages\/2718"}],"wp:attachment":[{"href":"https:\/\/www.bodenoekologie.com\/es\/wp-json\/wp\/v2\/media?parent=4353"}],"curies":[{"name":"wp","href":"https:\/\/api.w.org\/{rel}","templated":true}]}}