{"id":4362,"date":"2022-03-31T18:26:22","date_gmt":"2022-03-31T16:26:22","guid":{"rendered":"https:\/\/www.bodenoekologie.com\/?page_id=4362"},"modified":"2026-02-16T16:00:20","modified_gmt":"2026-02-16T15:00:20","slug":"spezialproben-es","status":"publish","type":"page","link":"https:\/\/www.bodenoekologie.com\/es\/analisis\/spezialproben-es\/","title":{"rendered":"Muestras especiales"},"content":{"rendered":"<section  class='av_textblock_section av-ls9164hi-db9bafcd2b864868c260cba1ecf9a429 '   itemscope=\"itemscope\" itemtype=\"https:\/\/schema.org\/CreativeWork\" ><div class='avia_textblock'  itemprop=\"text\" ><h1>Muestras especiales<\/h1>\n<\/div><\/section>\n<div  class='togglecontainer av-kyvrdohb-7a75a44581df9a7a18cc176268211227  avia-builder-el-1  el_after_av_textblock  el_before_av_hr  toggle_close_all' >\n<section class='av_toggle_section av-mlpas5hr-7c271c577495da7495d7746a0ce7d095'  itemscope=\"itemscope\" itemtype=\"https:\/\/schema.org\/CreativeWork\" ><div role=\"tablist\" class=\"single_toggle\" data-tags=\"{Todo} \"  ><p id='toggle-toggle-id-1' data-fake-id='#toggle-id-1' class='toggler  av-title-above '  itemprop=\"headline\"  role='tab' tabindex='0' aria-controls='toggle-id-1' data-slide-speed=\"200\" data-title=\"Muestras de agua\" data-title-open=\"\" data-aria_collapsed=\"Click to expand: Muestras de agua\" data-aria_expanded=\"Click to collapse: Muestras de agua\">Muestras de agua<span class=\"toggle_icon\"><span class=\"vert_icon\"><\/span><span class=\"hor_icon\"><\/span><\/span><\/p><div id='toggle-id-1' aria-labelledby='toggle-toggle-id-1' role='region' class='toggle_wrap  av-title-above'  ><div class='toggle_content invers-color '  itemprop=\"text\" ><h3>Muestras de agua<\/h3>\n<p>La evaluaci\u00f3n del agua potable, el agua de pozo o el agua de riego proporciona informaci\u00f3n importante sobre los ingredientes y el estado \u00e1cido (valor de pH).<\/p>\n<h4>Anal\u00edtica<\/h4>\n<p>Se analizan los siguientes par\u00e1metros:<\/p>\n<p><strong>Par\u00e1metros b\u00e1sicos: <\/strong>conductividad el\u00e9ctrica (contenido de sal), valor de pH<\/p>\n<p><strong>Sustancias solubles en agua<\/strong> (nutrientes, oligoelementos, sustancias potencialmente t\u00f3xicas): Ca, Mg, K, Na, Al, Ba, P, Fe, Mn, Cu, Zn, Co, Mo, B, As, Ni, Cr, Pb, Cd, Tl, V.<\/p>\n<p><strong>Precauci\u00f3n: <\/strong>\u00a1NO se realiza una caracterizaci\u00f3n y evaluaci\u00f3n epidemiol\u00f3gica\/sanitaria!<\/p>\n<h4>Muestreo<\/h4>\n<p>Debe tomarse una muestra compuesta representativa. Deje correr el agua durante unos 10 minutos.<\/p>\n<p>Luego tome un recipiente de muestra limpio y enju\u00e1guelo repetidamente con el agua a muestrear. Finalmente, llene hasta el borde el recipiente de la muestra de agua. Se puede utilizar como recipiente una botella limpia y vac\u00eda de agua mineral.<\/p>\n<p>Si es necesario evaluar las muestras con respecto a los requisitos legales, los proveedores de servicios certificados deben tomar las muestras.<\/p>\n<h2>Bajo pedido<\/h2>\n<\/div><\/div><\/div><\/section>\n<section class='av_toggle_section av-mlpavk6o-80822dc1dfb2ca52bb9ec0f2db0022fd'  itemscope=\"itemscope\" itemtype=\"https:\/\/schema.org\/CreativeWork\" ><div role=\"tablist\" class=\"single_toggle\" data-tags=\"{Todo} \"  ><p id='toggle-toggle-id-2' data-fake-id='#toggle-id-2' class='toggler  av-title-above '  itemprop=\"headline\"  role='tab' tabindex='0' aria-controls='toggle-id-2' data-slide-speed=\"200\" data-title=\"Sustratos\/Tierras\" data-title-open=\"\" data-aria_collapsed=\"Click to expand: Sustratos\/Tierras\" data-aria_expanded=\"Click to collapse: Sustratos\/Tierras\">Sustratos\/Tierras<span class=\"toggle_icon\"><span class=\"vert_icon\"><\/span><span class=\"hor_icon\"><\/span><\/span><\/p><div id='toggle-id-2' aria-labelledby='toggle-toggle-id-2' role='region' class='toggle_wrap  av-title-above'  ><div class='toggle_content invers-color '  itemprop=\"text\" ><h3>Sustratos\/Tierras (actualmente s\u00f3lo bajo petici\u00f3n)<\/h3>\n<p>Los suelos \/ tierras de cultivo est\u00e1n compuestos de diferentes materiales. Se utilizan en horticultura (p.ej., suelo de plantaci\u00f3n, suelo de abono) y agricultura (p.ej., suelos para macizos de flores, arbustos, arbustos, \u00e1rboles).<\/p>\n<h4>Anal\u00edtica<\/h4>\n<p>Debido a los requisitos similares que deben cumplir suelos \/ tierras de cultivo, las anal\u00edticas corresponden a las anal\u00edticas de suelos naturales.<\/p>\n<h4>Muestreo<\/h4>\n<p>Debe tomarse una muestra compuesta representativa. Si es necesario evaluar las muestras con respecto a los requisitos legales, los proveedores de servicios certificados deben tomar las muestras.<\/p>\n<h4>Caracterizaci\u00f3n b\u00e1sica \/ Propiedades permanentes<\/h4>\n<ul>\n<li><strong>Par\u00e1metros b\u00e1sicos \/ Complejo adsorbente<\/strong>: Textura del suelo (KH), color, turbidez, pH<sub>KCl<\/sub>, pH en agua, contenido de cal, conductividad el\u00e9ctrica (CE), Corg (= contenido de materia org\u00e1nica del suelo), calidad de la materia org\u00e1nica del suelo (C\/N, C\/P, C\/S), capacidad de intercambio cati\u00f3nico (CEC<sub>actual<\/sub>, CEC<sub>potencial<\/sub>), saturaci\u00f3n de bases, relaciones de sustancia en el complejo adsorbente (Ca, Mg, K, Na, Al, NH4, Fe, Mn, H, \u00e1cidos potenciales;<\/li>\n<li><strong>Sustancias solubles en agua<\/strong> (nutrientes, oligoelementos, sustancias potencialmente t\u00f3xicas): Ca, Mg, K, Na, NH<sub>4<\/sub>-N, NO<sub>3<\/sub>-N, Al, Ba, P, Si, SO<sub>4<\/sub>, Cl, Fe, Mn, Cu, Zn, Co, Mo, B, As, Ni, Cr, Pb, Cd, Tl, V;<\/li>\n<li><strong>Sustancias intercambiables <\/strong>(nutrientes, oligoelementos, sustancias potencialmente t\u00f3xicas): Ca, Mg, K, Na, NH<sub>4<\/sub>-N, Al, Ba, P, Si, Fe, Mn, Cu, Zn, Co, Mo, B, As, Ni, Cr, Pb, Cd, Tl, V;<\/li>\n<li><strong>Sustancias de reserva<\/strong> (nutrientes, oligoelementos, sustancias potencialmente t\u00f3xicas): Ca, Mg, K, Na, Al, Ba, P, Si, Fe, Mn, Cu, Zn, Co, Mo, B, As, Ni, Cr, Pb, Cd, Ti, V;<\/li>\n<li><strong>5 dep\u00f3sitos de f\u00f3sforo:<\/strong> P soluble en agua, P intercambiable, P soluble en \u00e1cido, P org\u00e1nico, P total.<\/li>\n<\/ul>\n<h2>Bajo pedido<\/h2>\n<\/div><\/div><\/div><\/section>\n<section class='av_toggle_section av-mlpavrtd-e713a48f608fd9b23722f0ffc4feaef2'  itemscope=\"itemscope\" itemtype=\"https:\/\/schema.org\/CreativeWork\" ><div role=\"tablist\" class=\"single_toggle\" data-tags=\"{Todo} \"  ><p id='toggle-toggle-id-3' data-fake-id='#toggle-id-3' class='toggler  av-title-above '  itemprop=\"headline\"  role='tab' tabindex='0' aria-controls='toggle-id-3' data-slide-speed=\"200\" data-title=\"Extractos de plantas\" data-title-open=\"\" data-aria_collapsed=\"Click to expand: Extractos de plantas\" data-aria_expanded=\"Click to collapse: Extractos de plantas\">Extractos de plantas<span class=\"toggle_icon\"><span class=\"vert_icon\"><\/span><span class=\"hor_icon\"><\/span><\/span><\/p><div id='toggle-id-3' aria-labelledby='toggle-toggle-id-3' role='region' class='toggle_wrap  av-title-above'  ><div class='toggle_content invers-color '  itemprop=\"text\" ><h3>Extractos de plantas y purines (actualmente s\u00f3lo bajo petici\u00f3n)<\/h3>\n<p>Los extractos de plantas y los purines pueden producirse a partir de diferentes sustancias org\u00e1nicas y plantas mediante diferentes procesos.<\/p>\n<h4>Anal\u00edtica<\/h4>\n<p><strong>Par\u00e1metros b\u00e1sicos:<\/strong> pH en agua, pH<sub>KCl<\/sub>, conductividad el\u00e9ctrica (EC), N<sub>t<\/sub> (Kjeldahl);<\/p>\n<p><strong>Sustancias solubles en agua<\/strong> (nutrientes, oligoelementos, sustancias potencialmente t\u00f3xicas): Ca, Mg, K, Na, NH<sub>4<\/sub>-N, NO<sub>3<\/sub>-N, Al, Ba, P, Si, SO4, Cl, Fe, Mn, Cu, Zn, Co, Mo, B, As, Ni, Cr, Pb, Cd, Tl, V.<\/p>\n<h4>Muestreo<\/h4>\n<p>Debe tomarse una muestra compuesta representativa.<\/p>\n<p>Si es necesario evaluar las muestras con respecto a los requisitos legales, los proveedores de servicios certificados deben tomar las muestras.<\/p>\n<h2>Bajo pedido<\/h2>\n<\/div><\/div><\/div><\/section>\n<section class='av_toggle_section av-m7979lwr-a94cec6ebf2fdbde531da6921b0fdc6e'  itemscope=\"itemscope\" itemtype=\"https:\/\/schema.org\/CreativeWork\" ><div role=\"tablist\" class=\"single_toggle\" data-tags=\"{Todo} \"  ><p id='toggle-toggle-id-4' data-fake-id='#toggle-id-4' class='toggler  av-title-above '  itemprop=\"headline\"  role='tab' tabindex='0' aria-controls='toggle-id-4' data-slide-speed=\"200\" data-title=\"Compost\" data-title-open=\"\" data-aria_collapsed=\"Click to expand: Compost\" data-aria_expanded=\"Click to collapse: Compost\">Compost<span class=\"toggle_icon\"><span class=\"vert_icon\"><\/span><span class=\"hor_icon\"><\/span><\/span><\/p><div id='toggle-id-4' aria-labelledby='toggle-toggle-id-4' role='region' class='toggle_wrap  av-title-above'  ><div class='toggle_content invers-color '  itemprop=\"text\" ><h3>Compost (actualmente s\u00f3lo bajo petici\u00f3n)<\/h3>\n<p>Los compost son tan diversos como sus materiales de entrada y sus procesos de producci\u00f3n. Si el compost\/los abonos se integran en el proceso de la producci\u00f3n agr\u00edcola, se pueden iniciar una variedad de procesos beneficiosos. Por otro lado, los compost de mala calidad pueden ingresar al suelo sustancias potencialmente t\u00f3xicas.<\/p>\n<h4>Anal\u00edtica<\/h4>\n<p>Se analizan los siguientes par\u00e1metros:<\/p>\n<p><strong>Par\u00e1metros b\u00e1sicos: <\/strong>pH en agua, pH<sub>KCl<\/sub>, Conductividad el\u00e9ctrica (CE), contenido de cal, contenido de materia org\u00e1nica, relaci\u00f3n C \/ N, N<sub>t<\/sub> (Kjeldahl), densidad h\u00fameda;<\/p>\n<p><strong>Sustancias solubles en agua<\/strong> (nutrientes, oligoelementos, sustancias potencialmente t\u00f3xicas): Ca, Mg, K, Na, NH<sub>4<\/sub>-N, NO<sub>3<\/sub>-N, Al, Ba, P, Si, SO<sub>4<\/sub>, Cl, Fe, Mn, Cu, Zn, Co, Mo, B, As, Ni, Cr, Pb, Cd, Tl, V;<\/p>\n<p><strong>\u00abContenido total\u00bb<\/strong> (nutrientes, oligoelementos, sustancias potencialmente t\u00f3xicas): Ca, Mg, K, Na, Al, Ba, P, Fe, Mn, Cu, Zn, Co, Mo, B, As, Ni, Cr, Pb, Cd, Tl, V.<\/p>\n<h4>Muestreo<\/h4>\n<p>Debe tomarse una muestra compuesta representativa. Si es necesario evaluar las muestras con respecto a los requisitos legales, los proveedores de servicios certificados deben tomar las muestras.<\/p>\n<h2>Bajo pedido<\/h2>\n<\/div><\/div><\/div><\/section>\n<section class='av_toggle_section av-mlpaw7ow-7e760fcf439a75801ef3b01378cd5fc7'  itemscope=\"itemscope\" itemtype=\"https:\/\/schema.org\/CreativeWork\" ><div role=\"tablist\" class=\"single_toggle\" data-tags=\"{Todo} \"  ><p id='toggle-toggle-id-5' data-fake-id='#toggle-id-5' class='toggler  av-title-above '  itemprop=\"headline\"  role='tab' tabindex='0' aria-controls='toggle-id-5' data-slide-speed=\"200\" data-title=\"Esti\u00e9rcol l\u00edquido\" data-title-open=\"\" data-aria_collapsed=\"Click to expand: Esti\u00e9rcol l\u00edquido\" data-aria_expanded=\"Click to collapse: Esti\u00e9rcol l\u00edquido\">Esti\u00e9rcol l\u00edquido<span class=\"toggle_icon\"><span class=\"vert_icon\"><\/span><span class=\"hor_icon\"><\/span><\/span><\/p><div id='toggle-id-5' aria-labelledby='toggle-toggle-id-5' role='region' class='toggle_wrap  av-title-above'  ><div class='toggle_content invers-color '  itemprop=\"text\" ><h3>Lodos de depuradora, residuos de biog\u00e1s, esti\u00e9rcol l\u00edquido, esti\u00e9rcol s\u00f3lido, esti\u00e9rcol de pollo seco (actualmente s\u00f3lo bajo petici\u00f3n)<\/h3>\n<p>La composici\u00f3n de estos productos puede ser muy heterog\u00e9nea (seg\u00fan los materiales de entrada y c\u00f3mo se manipula y procesa el producto).<\/p>\n<h4>Anal\u00edtica<\/h4>\n<p>Se analizan los siguientes par\u00e1metros:<\/p>\n<p><strong>Par\u00e1metros b\u00e1sicos: <\/strong>pH en agua, pH<sub>KCl<\/sub>, conductividad el\u00e9ctrica (CE), contenido de cal, contenido de materia org\u00e1nica, relaci\u00f3n C \/ N, N<sub>t<\/sub> (Kjeldahl);<\/p>\n<p><strong>Sustancias solubles en agua<\/strong> (nutrientes, oligoelementos, sustancias potencialmente t\u00f3xicas): Ca, Mg, K, Na, NH<sub>4<\/sub>-N, NO<sub>3<\/sub>-N, Al, Ba, P, Si, SO<sub>4<\/sub>, Cl, Fe, Mn, Cu, Zn, Co, Mo, B, As, Ni, Cr, Pb, Cd, Tl, V;<\/p>\n<p><strong>\u00abContenido total\u00bb <\/strong>(nutrientes, oligoelementos, sustancias potencialmente t\u00f3xicas): Ca, Mg, K, Na, Al, Ba, P, Fe, Mn, Cu, Zn, Co, Mo, B, As, Ni, Cr, Pb, Cd, Tl, V.v<\/p>\n<h4>Muestreo<\/h4>\n<p>Debe tomarse una muestra compuesta representativa. Si es necesario evaluar las muestras con respecto a los requisitos legales, los proveedores de servicios certificados deben tomar las muestras.<\/p>\n<p>Se necesitan al menos 5 litros para realizar la anal\u00edtica.<\/p>\n<p>PRECAUCI\u00d3N: Estos productos pueden producir gases y por lo tanto pueden provocar una fuga del recipiente de muestra. Por lo tanto, recomendamos llenar el recipiente hasta el borde y sellarlo con cuidado. Env\u00ede estas muestras con un servicio expreso (p.ej., DHL, TNT).<\/p>\n<h2>Bajo pedido<\/h2>\n<\/div><\/div><\/div><\/section>\n<\/div>\n\n<style type=\"text\/css\" data-created_by=\"avia_inline_auto\" id=\"style-css-av-l4e61dga-bd8661f4e6b3757edd84a31bdeec36ee\">\n#top .hr.hr-invisible.av-l4e61dga-bd8661f4e6b3757edd84a31bdeec36ee{\nheight:100px;\n}\n<\/style>\n<div  class='hr av-l4e61dga-bd8661f4e6b3757edd84a31bdeec36ee hr-invisible  avia-builder-el-2  el_after_av_toggle_container  el_before_av_textblock '><span class='hr-inner '><span class=\"hr-inner-style\"><\/span><\/span><\/div>\n<section  class='av_textblock_section av-l6w0yx9w-3b47281da9e0c1a1b20b6765e5897893 '   itemscope=\"itemscope\" itemtype=\"https:\/\/schema.org\/CreativeWork\" ><div class='avia_textblock'  itemprop=\"text\" ><h3>\u00bfQuiere pedir muestras especiales?<\/h3>\n<\/div><\/section>\n<div  class='flex_column av-wehyk-dcbb5bf6e21e63f0f899ab2410fbd4a0 av_two_third  avia-builder-el-4  el_after_av_textblock  avia-builder-el-last  first flex_column_div  column-top-margin'     ><form action=\"https:\/\/www.bodenoekologie.com\/es\/analisis\/spezialproben-es\/\" method=\"post\" data-fields-with-error=\"Found errors in the following field(s):\" class=\"avia_ajax_form av-form-labels-hidden   avia-builder-el-5  avia-builder-el-no-sibling   \" data-avia-form-id=\"1\" data-avia-redirect='' ><fieldset><p class='  first_form  form_element form_fullwidth' id='element_avia_1_1'><label for=\"avia_1_1\">Su nombre <abbr class=\"required\" title=\"requerido\">*<\/abbr><\/label> <input name=\"avia_1_1\" class=\"text_input is_empty\" type=\"text\" id=\"avia_1_1\" value=\"\"  placeholder='Su nombre*'\/><\/p><p class='  first_form  form_element form_fullwidth' id='element_avia_2_1'><label for=\"avia_2_1\">Correo electr\u00f3nico <abbr class=\"required\" title=\"requerido\">*<\/abbr><\/label> <input name=\"avia_2_1\" class=\"text_input is_email\" type=\"text\" id=\"avia_2_1\" value=\"\"  placeholder='Correo electr\u00f3nico*'\/><\/p><p class='  first_form  form_element form_fullwidth' id='element_avia_3_1'><label for=\"avia_3_1\" class=\"textare_label hidden textare_label_avia_3_1\">Su petici\u00f3n... <abbr class=\"required\" title=\"requerido\">*<\/abbr><\/label><textarea  placeholder='Su petici\u00f3n...*' name=\"avia_3_1\" class=\"text_area is_empty\" cols=\"40\" rows=\"7\" id=\"avia_3_1\" ><\/textarea><\/p><p class=\"hidden\"><input type=\"text\" name=\"avia_4_1\" class=\"hidden \" id=\"avia_4_1\" value=\"\" \/><\/p><p class='   form_element form_fullwidth' id='element_avia_5_1'><span class='value_verifier_label'>0 + 7 = ?<\/span><input name=\"avia_5_1_verifier\" type=\"hidden\" id=\"avia_5_1_verifier\" value=\"772514751\"\/><label for=\"avia_5_1\">Para mayor seguridad, responde la siguiente pregunta <abbr class=\"required\" title=\"requerido\">*<\/abbr><\/label><input name=\"avia_5_1\" class=\"text_input captcha\" type=\"text\" id=\"avia_5_1\" value=\"\"\/><\/p><p class=\"form_element \"><input type=\"hidden\" value=\"1\" name=\"avia_generated_form1\" \/><input type=\"submit\" value=\"Enviar solicitud\" class=\"button\"  data-sending-label=\"Enviando\"\/><\/p><\/fieldset><\/form><div id=\"ajaxresponse_1\" class=\"ajaxresponse ajaxresponse_1 hidden\"><\/div><\/div>\n","protected":false},"excerpt":{"rendered":"","protected":false},"author":1,"featured_media":0,"parent":2695,"menu_order":3,"comment_status":"closed","ping_status":"closed","template":"","meta":{"footnotes":""},"class_list":["post-4362","page","type-page","status-publish","hentry"],"_links":{"self":[{"href":"https:\/\/www.bodenoekologie.com\/es\/wp-json\/wp\/v2\/pages\/4362"}],"collection":[{"href":"https:\/\/www.bodenoekologie.com\/es\/wp-json\/wp\/v2\/pages"}],"about":[{"href":"https:\/\/www.bodenoekologie.com\/es\/wp-json\/wp\/v2\/types\/page"}],"author":[{"embeddable":true,"href":"https:\/\/www.bodenoekologie.com\/es\/wp-json\/wp\/v2\/users\/1"}],"replies":[{"embeddable":true,"href":"https:\/\/www.bodenoekologie.com\/es\/wp-json\/wp\/v2\/comments?post=4362"}],"version-history":[{"count":8,"href":"https:\/\/www.bodenoekologie.com\/es\/wp-json\/wp\/v2\/pages\/4362\/revisions"}],"predecessor-version":[{"id":10020,"href":"https:\/\/www.bodenoekologie.com\/es\/wp-json\/wp\/v2\/pages\/4362\/revisions\/10020"}],"up":[{"embeddable":true,"href":"https:\/\/www.bodenoekologie.com\/es\/wp-json\/wp\/v2\/pages\/2695"}],"wp:attachment":[{"href":"https:\/\/www.bodenoekologie.com\/es\/wp-json\/wp\/v2\/media?parent=4362"}],"curies":[{"name":"wp","href":"https:\/\/api.w.org\/{rel}","templated":true}]}}