{"id":4366,"date":"2022-03-31T18:27:14","date_gmt":"2022-03-31T16:27:14","guid":{"rendered":"https:\/\/www.bodenoekologie.com\/?page_id=4366"},"modified":"2024-02-05T15:30:31","modified_gmt":"2024-02-05T14:30:31","slug":"gutachten-es","status":"publish","type":"page","link":"https:\/\/www.bodenoekologie.com\/es\/analisis\/gutachten-es\/","title":{"rendered":"Estudio de suelo"},"content":{"rendered":"\n<style type=\"text\/css\" data-created_by=\"avia_inline_auto\" id=\"style-css-av-av_heading-f2667f23190a172e4ca9da3b083ee8be\">\n#top .av-special-heading.av-av_heading-f2667f23190a172e4ca9da3b083ee8be{\npadding-bottom:10px;\n}\nbody .av-special-heading.av-av_heading-f2667f23190a172e4ca9da3b083ee8be .av-special-heading-tag .heading-char{\nfont-size:25px;\n}\n.av-special-heading.av-av_heading-f2667f23190a172e4ca9da3b083ee8be .av-subheading{\nfont-size:15px;\n}\n<\/style>\n<div  class='av-special-heading av-av_heading-f2667f23190a172e4ca9da3b083ee8be av-special-heading-h1  avia-builder-el-0  el_before_av_one_half  avia-builder-el-first '><h1 class='av-special-heading-tag '  itemprop=\"headline\"  >Estudio de suelo<\/h1><div class=\"special-heading-border\"><div class=\"special-heading-inner-border\"><\/div><\/div><\/div>\n\n<style type=\"text\/css\" data-created_by=\"avia_inline_auto\" id=\"style-css-av-bvrlmx-ee3ff3f47eab7121b7df860a6abd3808\">\n.flex_column.av-bvrlmx-ee3ff3f47eab7121b7df860a6abd3808{\nborder-radius:0px 0px 0px 0px;\npadding:0px 0px 0px 0px;\n}\n<\/style>\n<div  class='flex_column av-bvrlmx-ee3ff3f47eab7121b7df860a6abd3808 av_one_half  avia-builder-el-1  el_after_av_heading  el_before_av_one_half  first flex_column_div av-zero-column-padding  '     ><section  class='av_textblock_section av-rnawp-1073e243094f6b1634d809bc8d6e664f '   itemscope=\"itemscope\" itemtype=\"https:\/\/schema.org\/CreativeWork\" ><div class='avia_textblock'  itemprop=\"text\" ><p><strong>Una evaluaci\u00f3n \/ un peritaje profesional del suelo<\/strong> examina, entre otras cosas, la idoneidad de los terrenos y las zonas agr\u00edcolas para el uso previsto del suelo, por ejemplo, antes de celebrar un contrato de arrendamiento o de compra o en el marco de una evaluaci\u00f3n de impacto ambiental (EIA). Dependiendo de la cuesti\u00f3n, se trata de evaluar el lugar\/suelo espec\u00edfico mediante el examen de par\u00e1metros f\u00edsicos y qu\u00edmicos y con respecto a sus funciones (por ejemplo, protecci\u00f3n contra inundaciones, h\u00e1bitat biol\u00f3gico, etc.). Ofrecemos nuestra experiencia cubriendo una amplia gama de cuestiones cient\u00edficas, constructivas y agr\u00edcolas.<\/p>\n<p><strong>Rango de par\u00e1metros:<\/strong><\/p>\n<p>Depende de la pregunta y la cuesti\u00f3n espec\u00edfica.<\/p>\n\n<style type=\"text\/css\" data-created_by=\"avia_inline_auto\" id=\"style-css-av-dwivy-02b37064acc86cb36eb4a4e5b664acbe\">\n.av_font_icon.av-dwivy-02b37064acc86cb36eb4a4e5b664acbe{\ncolor:#aba00d;\nborder-color:#aba00d;\n}\n.av_font_icon.av-dwivy-02b37064acc86cb36eb4a4e5b664acbe .av-icon-char{\nfont-size:20px;\nline-height:20px;\n}\n<\/style>\n<span  class='av_font_icon av-dwivy-02b37064acc86cb36eb4a4e5b664acbe avia_animate_when_visible av-icon-style- avia-icon-pos-left avia-icon-animate'><span class='av-icon-char' aria-hidden='true' data-av_icon='\ue84c' data-av_iconfont='entypo-fontello' ><\/span><\/span>\n<p><a href=\"https:\/\/www.bodenoekologie.com\/wp-content\/uploads\/2021\/05\/Informe-Evaluacion-del-suelo_2021-05.pdf\" target=\"_blank\" rel=\"noopener\">Informe Estudio de suelo (en ingl\u00e9s)<\/a><\/p>\n<\/div><\/section><\/div>\n<style type=\"text\/css\" data-created_by=\"avia_inline_auto\" id=\"style-css-av-bvrlmx-a4e6b0766a4cb0dabaea78a16cc53358\">\n.flex_column.av-bvrlmx-a4e6b0766a4cb0dabaea78a16cc53358{\nborder-radius:0px 0px 0px 0px;\npadding:0px 0px 0px 0px;\n}\n<\/style>\n<div  class='flex_column av-bvrlmx-a4e6b0766a4cb0dabaea78a16cc53358 av_one_half  avia-builder-el-4  el_after_av_one_half  avia-builder-el-last  flex_column_div av-zero-column-padding  '     ><form action=\"https:\/\/www.bodenoekologie.com\/es\/analisis\/gutachten-es\/\" method=\"post\" data-fields-with-error=\"Found errors in the following field(s):\" class=\"avia_ajax_form av-form-labels-hidden   avia-builder-el-5  avia-builder-el-no-sibling   \" data-avia-form-id=\"1\" data-avia-redirect='' ><h3 class=''>Solicitud<\/h3><fieldset><p class='  first_form  form_element form_fullwidth' id='element_avia_1_1'><label for=\"avia_1_1\">Empresa o entidad<\/label> <input name=\"avia_1_1\" class=\"text_input \" type=\"text\" id=\"avia_1_1\" value=\"\"  placeholder='Empresa o entidad'\/><\/p><p class='  first_form  form_element form_fullwidth' id='element_avia_2_1'><label for=\"avia_2_1\">Su nombre <abbr class=\"required\" title=\"requerido\">*<\/abbr><\/label> <input name=\"avia_2_1\" class=\"text_input is_empty\" type=\"text\" id=\"avia_2_1\" value=\"\"  placeholder='Su nombre*'\/><\/p><p class='  first_form  form_element form_fullwidth' id='element_avia_3_1'><label for=\"avia_3_1\">Correo electr\u00f3nico <abbr class=\"required\" title=\"requerido\">*<\/abbr><\/label> <input name=\"avia_3_1\" class=\"text_input is_email\" type=\"text\" id=\"avia_3_1\" value=\"\"  placeholder='Correo electr\u00f3nico*'\/><\/p><p class='  first_form  form_element form_fullwidth' id='element_avia_4_1'><label for=\"avia_4_1\">N\u00famero de tel\u00e9fono <abbr class=\"required\" title=\"requerido\">*<\/abbr><\/label> <input name=\"avia_4_1\" class=\"text_input is_phone\" type=\"text\" id=\"avia_4_1\" value=\"\"  placeholder='N\u00famero de tel\u00e9fono*'\/><\/p><p class='  first_form  form_element form_fullwidth' id='element_avia_5_1'><label for=\"avia_5_1\" class=\"textare_label hidden textare_label_avia_5_1\">Su petici\u00f3n\u2026 <abbr class=\"required\" title=\"requerido\">*<\/abbr><\/label><textarea  placeholder='Su petici\u00f3n\u2026*' name=\"avia_5_1\" class=\"text_area is_empty\" cols=\"40\" rows=\"7\" id=\"avia_5_1\" ><\/textarea><\/p><p class=\"hidden\"><input type=\"text\" name=\"avia_6_1\" class=\"hidden \" id=\"avia_6_1\" value=\"\" \/><\/p><p class='   form_element form_fullwidth' id='element_avia_7_1'><span class='value_verifier_label'>1 + 1 = ?<\/span><input name=\"avia_7_1_verifier\" type=\"hidden\" id=\"avia_7_1_verifier\" value=\"671442775\"\/><label for=\"avia_7_1\">Para mayor seguridad, responde la siguiente pregunta <abbr class=\"required\" title=\"requerido\">*<\/abbr><\/label><input name=\"avia_7_1\" class=\"text_input captcha\" type=\"text\" id=\"avia_7_1\" value=\"\"\/><\/p><p class=\"form_element \"><input type=\"hidden\" value=\"1\" name=\"avia_generated_form1\" \/><input type=\"submit\" value=\"Enviar solicitud\" class=\"button\"  data-sending-label=\"Enviando\"\/><\/p><\/fieldset><\/form><div id=\"ajaxresponse_1\" class=\"ajaxresponse ajaxresponse_1 hidden\"><\/div><\/div><\/p>\n","protected":false},"excerpt":{"rendered":"","protected":false},"author":1,"featured_media":0,"parent":2695,"menu_order":4,"comment_status":"closed","ping_status":"closed","template":"","meta":{"footnotes":""},"class_list":["post-4366","page","type-page","status-publish","hentry"],"_links":{"self":[{"href":"https:\/\/www.bodenoekologie.com\/es\/wp-json\/wp\/v2\/pages\/4366"}],"collection":[{"href":"https:\/\/www.bodenoekologie.com\/es\/wp-json\/wp\/v2\/pages"}],"about":[{"href":"https:\/\/www.bodenoekologie.com\/es\/wp-json\/wp\/v2\/types\/page"}],"author":[{"embeddable":true,"href":"https:\/\/www.bodenoekologie.com\/es\/wp-json\/wp\/v2\/users\/1"}],"replies":[{"embeddable":true,"href":"https:\/\/www.bodenoekologie.com\/es\/wp-json\/wp\/v2\/comments?post=4366"}],"version-history":[{"count":5,"href":"https:\/\/www.bodenoekologie.com\/es\/wp-json\/wp\/v2\/pages\/4366\/revisions"}],"predecessor-version":[{"id":7515,"href":"https:\/\/www.bodenoekologie.com\/es\/wp-json\/wp\/v2\/pages\/4366\/revisions\/7515"}],"up":[{"embeddable":true,"href":"https:\/\/www.bodenoekologie.com\/es\/wp-json\/wp\/v2\/pages\/2695"}],"wp:attachment":[{"href":"https:\/\/www.bodenoekologie.com\/es\/wp-json\/wp\/v2\/media?parent=4366"}],"curies":[{"name":"wp","href":"https:\/\/api.w.org\/{rel}","templated":true}]}}