{"id":6173,"date":"2023-07-17T20:14:04","date_gmt":"2023-07-17T18:14:04","guid":{"rendered":"https:\/\/www.bodenoekologie.com\/labor-es\/zertifizierungen\/"},"modified":"2023-07-24T15:03:12","modified_gmt":"2023-07-24T13:03:12","slug":"zertifizierungen","status":"publish","type":"page","link":"https:\/\/www.bodenoekologie.com\/es\/labor-es\/zertifizierungen\/","title":{"rendered":"Certificaciones"},"content":{"rendered":"\n<style type=\"text\/css\" data-created_by=\"avia_inline_auto\" id=\"style-css-av-av_heading-e7272a8d1ba1d3c5ece30f41bac853ea\">\n#top .av-special-heading.av-av_heading-e7272a8d1ba1d3c5ece30f41bac853ea{\npadding-bottom:10px;\n}\nbody .av-special-heading.av-av_heading-e7272a8d1ba1d3c5ece30f41bac853ea .av-special-heading-tag .heading-char{\nfont-size:25px;\n}\n.av-special-heading.av-av_heading-e7272a8d1ba1d3c5ece30f41bac853ea .av-subheading{\nfont-size:15px;\n}\n<\/style>\n<div  class='av-special-heading av-av_heading-e7272a8d1ba1d3c5ece30f41bac853ea av-special-heading-h1  avia-builder-el-0  el_before_av_textblock  avia-builder-el-first '><h1 class='av-special-heading-tag '  itemprop=\"headline\"  >Certificaciones<\/h1><div class=\"special-heading-border\"><div class=\"special-heading-inner-border\"><\/div><\/div><\/div>\n<section  class='av_textblock_section av-lk76pkiz-9c513852a7a9ace397fab9a32011cb60 '   itemscope=\"itemscope\" itemtype=\"https:\/\/schema.org\/CreativeWork\" ><div class='avia_textblock'  itemprop=\"text\" ><p>\u00a1Siempre hemos trabajado con los m\u00e1s altos <strong>est\u00e1ndares de calidad<\/strong>!<\/p>\n<p>Solo de esta manera fue posible que atraves\u00e1ramos con \u00e9xito el proceso de certificaci\u00f3n ISO 9001 en unos pocos meses e implement\u00e1ramos completamente todos los requisitos de gesti\u00f3n de calidad.<\/p>\n<p>Por lo tanto, estamos muy orgullosos de poder informarles que nuestra gesti\u00f3n de calidad fue <strong>certificada seg\u00fan la norma ISO 9001<\/strong> el 29 de junio de 2023.<\/p>\n<\/div><\/section>\n<div  class='avia-button-wrap av-lkgvkbu0-52627b7b878a98838adac3065b4634e8-wrap avia-button-left  avia-builder-el-2  el_after_av_textblock  el_before_av_hr '><a href='https:\/\/www.bodenoekologie.com\/wp-content\/uploads\/2023\/07\/Spanisch_ZER_0072483_218726.pdf' class='avia-button av-lkgvkbu0-52627b7b878a98838adac3065b4634e8 av-link-btn avia-icon_select-yes-right-icon avia-size-small avia-position-left avia-color-theme-color' target=\"_blank\" rel=\"noopener noreferrer\" aria-label=\"Certificado seg\u00fan la norma ISO 9001\"><span class='avia_iconbox_title' >Certificado seg\u00fan la norma ISO 9001<\/span><span class='avia_button_icon avia_button_icon_right' aria-hidden='true' data-av_icon='\ue87d' data-av_iconfont='entypo-fontello'><\/span><\/a><\/div>\n\n<style type=\"text\/css\" data-created_by=\"avia_inline_auto\" id=\"style-css-av-lkgvni27-47f58459f11384c8a45ecbfc48abe15a\">\n#top .hr.hr-invisible.av-lkgvni27-47f58459f11384c8a45ecbfc48abe15a{\nheight:25px;\n}\n<\/style>\n<div  class='hr av-lkgvni27-47f58459f11384c8a45ecbfc48abe15a hr-invisible  avia-builder-el-3  el_after_av_button  el_before_av_textblock '><span class='hr-inner '><span class=\"hr-inner-style\"><\/span><\/span><\/div>\n<section  class='av_textblock_section av-lk76pkiz-9c513852a7a9ace397fab9a32011cb60 '   itemscope=\"itemscope\" itemtype=\"https:\/\/schema.org\/CreativeWork\" ><div class='avia_textblock'  itemprop=\"text\" ><p>El siguiente paso en nuestra gesti\u00f3n de la calidad es la <strong>acreditaci\u00f3n<\/strong> prevista <strong>seg\u00fan la norma ISO 17025<\/strong>.<\/p>\n<\/div><\/section>\n","protected":false},"excerpt":{"rendered":"","protected":false},"author":1,"featured_media":0,"parent":2707,"menu_order":6,"comment_status":"closed","ping_status":"closed","template":"","meta":{"footnotes":""},"class_list":["post-6173","page","type-page","status-publish","hentry"],"_links":{"self":[{"href":"https:\/\/www.bodenoekologie.com\/es\/wp-json\/wp\/v2\/pages\/6173"}],"collection":[{"href":"https:\/\/www.bodenoekologie.com\/es\/wp-json\/wp\/v2\/pages"}],"about":[{"href":"https:\/\/www.bodenoekologie.com\/es\/wp-json\/wp\/v2\/types\/page"}],"author":[{"embeddable":true,"href":"https:\/\/www.bodenoekologie.com\/es\/wp-json\/wp\/v2\/users\/1"}],"replies":[{"embeddable":true,"href":"https:\/\/www.bodenoekologie.com\/es\/wp-json\/wp\/v2\/comments?post=6173"}],"version-history":[{"count":5,"href":"https:\/\/www.bodenoekologie.com\/es\/wp-json\/wp\/v2\/pages\/6173\/revisions"}],"predecessor-version":[{"id":6225,"href":"https:\/\/www.bodenoekologie.com\/es\/wp-json\/wp\/v2\/pages\/6173\/revisions\/6225"}],"up":[{"embeddable":true,"href":"https:\/\/www.bodenoekologie.com\/es\/wp-json\/wp\/v2\/pages\/2707"}],"wp:attachment":[{"href":"https:\/\/www.bodenoekologie.com\/es\/wp-json\/wp\/v2\/media?parent=6173"}],"curies":[{"name":"wp","href":"https:\/\/api.w.org\/{rel}","templated":true}]}}