{"id":7548,"date":"2024-02-05T16:11:34","date_gmt":"2024-02-05T15:11:34","guid":{"rendered":"https:\/\/www.bodenoekologie.com\/?page_id=7548"},"modified":"2025-12-31T15:20:25","modified_gmt":"2025-12-31T14:20:25","slug":"muestras-de-suelo","status":"publish","type":"page","link":"https:\/\/www.bodenoekologie.com\/es\/analisis\/muestras-de-suelo\/","title":{"rendered":"Muestras de suelo"},"content":{"rendered":"\n<style type=\"text\/css\" data-created_by=\"avia_inline_auto\" id=\"style-css-av-lrkgg43f-05fec30bdd1786ef230bde975bc17278\">\n.avia-image-container.av-lrkgg43f-05fec30bdd1786ef230bde975bc17278 img.avia_image{\nbox-shadow:none;\n}\n.avia-image-container.av-lrkgg43f-05fec30bdd1786ef230bde975bc17278 .av-image-caption-overlay-center{\ncolor:#ffffff;\n}\n<\/style>\n<div  class='avia-image-container av-lrkgg43f-05fec30bdd1786ef230bde975bc17278 av-styling- avia-align-center  avia-builder-el-0  el_before_av_hr  avia-builder-el-first '   itemprop=\"image\" itemscope=\"itemscope\" itemtype=\"https:\/\/schema.org\/ImageObject\" ><div class=\"avia-image-container-inner\"><div class=\"avia-image-overlay-wrap\"><img decoding=\"async\" fetchpriority=\"high\" class='wp-image-283 avia-img-lazy-loading-not-283 avia_image ' src=\"https:\/\/www.bodenoekologie.com\/wp-content\/uploads\/2015\/05\/Hero_Bodenproben.png\" alt='' title='Hero_Bodenproben'  height=\"430\" width=\"1500\"  itemprop=\"thumbnailUrl\" srcset=\"https:\/\/www.bodenoekologie.com\/wp-content\/uploads\/2015\/05\/Hero_Bodenproben.png 1500w, https:\/\/www.bodenoekologie.com\/wp-content\/uploads\/2015\/05\/Hero_Bodenproben-300x86.png 300w, https:\/\/www.bodenoekologie.com\/wp-content\/uploads\/2015\/05\/Hero_Bodenproben-1030x295.png 1030w, https:\/\/www.bodenoekologie.com\/wp-content\/uploads\/2015\/05\/Hero_Bodenproben-705x202.png 705w, https:\/\/www.bodenoekologie.com\/wp-content\/uploads\/2015\/05\/Hero_Bodenproben-450x129.png 450w\" sizes=\"(max-width: 1500px) 100vw, 1500px\" \/><\/div><\/div><\/div>\n\n<style type=\"text\/css\" data-created_by=\"avia_inline_auto\" id=\"style-css-av-lroxrrf2-697f7e451120f2364a50985b1d8ff3cf\">\n#top .hr.hr-invisible.av-lroxrrf2-697f7e451120f2364a50985b1d8ff3cf{\nheight:20px;\n}\n<\/style>\n<div  class='hr av-lroxrrf2-697f7e451120f2364a50985b1d8ff3cf hr-invisible  avia-builder-el-1  el_after_av_image  el_before_av_textblock '><span class='hr-inner '><span class=\"hr-inner-style\"><\/span><\/span><\/div>\n<section  class='av_textblock_section av-lrkepd4m-df234cbcc5f6ea862a4301816d377c3e '   itemscope=\"itemscope\" itemtype=\"https:\/\/schema.org\/CreativeWork\" ><div class='avia_textblock'  itemprop=\"text\" ><h1>Programas anal\u00edticos y toma de muestras<\/h1>\n<p>En esta p\u00e1gina se proporciona informaci\u00f3n sobre nuestros programas anal\u00edticos para muestras de suelo y instrucciones para el muestreo.<\/p>\n<\/div><\/section>\n\n<style type=\"text\/css\" data-created_by=\"avia_inline_auto\" id=\"style-css-av-kyvrdohb-82477177bfd1fca37b7627e91cd42cb7\">\n#top .togglecontainer.av-kyvrdohb-82477177bfd1fca37b7627e91cd42cb7 p.toggler{\ncolor:#571921;\nborder-color:#571921;\n}\n#top .togglecontainer.av-kyvrdohb-82477177bfd1fca37b7627e91cd42cb7 p.toggler.activeTitle{\nbackground-color:#bfba82;\n}\n#top .togglecontainer.av-kyvrdohb-82477177bfd1fca37b7627e91cd42cb7 p.toggler:not(.activeTitle):hover{\nbackground-color:#bfba82;\n}\n#top .togglecontainer.av-kyvrdohb-82477177bfd1fca37b7627e91cd42cb7 p.toggler:not(.activeTitle):hover .toggle_icon, #top .togglecontainer.av-kyvrdohb-82477177bfd1fca37b7627e91cd42cb7 p.toggler:not(.activeTitle):hover .toggle_icon *{\nborder-color: !important;\n}\n#top .togglecontainer.av-kyvrdohb-82477177bfd1fca37b7627e91cd42cb7 p.toggler .toggle_icon{\ncolor:#571921;\nborder-color:#571921;\n}\n#top .togglecontainer.av-kyvrdohb-82477177bfd1fca37b7627e91cd42cb7 p.toggler.activeTitle .toggle_icon, #top .togglecontainer.av-kyvrdohb-82477177bfd1fca37b7627e91cd42cb7 p.toggler.activeTitle .toggle_icon > span{\ncolor:#571921;\nborder-color:#571921;\n}\n#top .togglecontainer.av-kyvrdohb-82477177bfd1fca37b7627e91cd42cb7 .toggle_wrap .toggle_content{\ncolor:#571921;\nborder-color:#571921;\n}\n\n@media only screen and (min-width: 990px){ \n#top .togglecontainer.av-kyvrdohb-82477177bfd1fca37b7627e91cd42cb7 p.toggler{\nfont-size:24px;\n}\n}\n\n@media only screen and (max-width: 479px){ \n#top .togglecontainer.av-kyvrdohb-82477177bfd1fca37b7627e91cd42cb7 p.toggler{\nfont-size:16px;\n}\n}\n<\/style>\n<div  class='togglecontainer av-kyvrdohb-82477177bfd1fca37b7627e91cd42cb7 av-elegant-toggle  avia-builder-el-3  el_after_av_textblock  el_before_av_hr  toggle_close_all' >\n<section class='av_toggle_section av-4i9zjb-e46d5acfe5c1093a9b2129c2ff6a60bc'  itemscope=\"itemscope\" itemtype=\"https:\/\/schema.org\/CreativeWork\" ><div role=\"tablist\" class=\"single_toggle\" data-tags=\"{Todo} \"  ><p id='toggle-erstbeprobung' data-fake-id='#erstbeprobung' class='toggler  av-title-above av-inherit-font-color hasCustomColor av-inherit-border-color'  itemprop=\"headline\"  role='tab' tabindex='0' aria-controls='erstbeprobung' data-slide-speed=\"200\" data-title=\"Muestreo inicial \/ Caracterizaci\u00f3n b\u00e1sica\" data-title-open=\"\" data-aria_collapsed=\"Click to expand: Muestreo inicial \/ Caracterizaci\u00f3n b\u00e1sica\" data-aria_expanded=\"Click to collapse: Muestreo inicial \/ Caracterizaci\u00f3n b\u00e1sica\">Muestreo inicial \/ Caracterizaci\u00f3n b\u00e1sica<span class=\"toggle_icon\"><span class=\"vert_icon\"><\/span><span class=\"hor_icon\"><\/span><\/span><\/p><div id='erstbeprobung' aria-labelledby='toggle-erstbeprobung' role='region' class='toggle_wrap  av-title-above'  ><div class='toggle_content invers-color av-inherit-font-color hasCustomColor av-inherit-border-color'  itemprop=\"text\" ><p>Este programa anal\u00edtico se recomienda para caracterizar el estado actual del suelo. Los resultados se utilizan para deducir medidas y recomendaciones para optimizar y preservar de forma sostenible la fertilidad del suelo y la nutrici\u00f3n de las plantas.<\/p>\n<p>Validez: de 5 a 10 a\u00f1os<\/p>\n<p><strong>Entre otros, recibir\u00e1s la siguiente informaci\u00f3n:<\/strong><\/p>\n<ul>\n<li>\u00bfCu\u00e1l es el suministro actual de nutrientes? \u00bfEst\u00e1n los nutrientes en equilibrio? \u00bfSe pueden movilizar o es necesario fertilizar?<\/li>\n<li>\u00bfEn qu\u00e9 sistema b\u00fafer de acidez se encuentra el suelo actualmente? \u00bfEs necesario el encalado? \u00bfQu\u00e9 cantidad y composici\u00f3n de productos se recomienda?<\/li>\n<li>\u00bfCu\u00e1l es el contenido de humus y su calidad? \u00bfCu\u00e1les son las condiciones ambientales para los organismos del suelo?<\/li>\n<li>\u00bfEst\u00e1 el suelo preparado para el cambio clim\u00e1tico? \u00bfEst\u00e1 asegurada la fertilidad del suelo de forma sostenible? \u00bfSe aprovecha eficientemente el potencial del lugar?<\/li>\n<li>\u00bfSe cumplen las funciones del suelo (por ejemplo, h\u00e1bitat biol\u00f3gico, protecci\u00f3n contra inundaciones)?<\/li>\n<li>\u00bfEl suelo tiene un potencial peligroso? (por ejemplo, sustancias potencialmente t\u00f3xicas)<\/li>\n<\/ul>\n<p><strong>Rango de par\u00e1metros:<\/strong><\/p>\n<p><em>Par\u00e1metros b\u00e1sicos \/ Complejo adsorbente:<\/em> Textura del suelo (KH), color, turbidez, pH<sub>KCl<\/sub>, pH en agua, contenido de cal, conductividad el\u00e9ctrica (EC), C<sub>org<\/sub> (= contenido de materia org\u00e1nica del suelo), calidad de la materia org\u00e1nica del suelo (C\/N, C\/P, C\/S), capacidad de intercambio cati\u00f3nico (CEC<sub>actual<\/sub>, CEC<sub>potencial<\/sub>), saturaci\u00f3n de bases, relaci\u00f3n de sustancias en el complejo adsorbente (Ca, Mg, K, Na, Al, NH<sub>4<\/sub>, Fe, Mn, H, \u00e1cidos potenciales).<\/p>\n<p><em>Elementos en el extracto de agua:<\/em>\u00a0Ca, Mg, K, Na, NH<sub>4<\/sub>-N, NO<sub>3<\/sub>-N, Al, P, Si, SO<sub>4<\/sub>, Cl, Fe, Mn, Cu, Zn, Co, Mo, B, As, Ni, Cr, Pb, Cd, V.<\/p>\n<p><em>Elementos del extracto del intercambiador:<\/em>\u00a0Ca, Mg, K, Na, NH<sub>4<\/sub>-N, Al, P, Si, Fe, Mn, Cu, Zn, Co, Mo, B, As, Ni, Cr, Pb, Cd, V.<\/p>\n<p><em>Elementos de la fracci\u00f3n de reserva:<\/em>\u00a0Ca, Mg, K, Na, Al, P, Si, Fe, Mn, Cu, Zn, Co, Mo, B, As, Ni, Cr, Pb, Cd, V.<\/p>\n<p><em>5 reservas de f\u00f3sforo:<\/em>\u00a0F\u00f3sforo org\u00e1nico, soluble en agua, intercambiable, soluble en \u00e1cido y contenido total.<\/p>\n<p><strong>Consulta (incluida en el precio): <\/strong>Estaremos encantados de ayudarle con cualquier pregunta por tel\u00e9fono, correo electr\u00f3nico y, si es necesario, in situ.<\/p>\n<p><strong>Presentaci\u00f3n de los resultados: <\/strong>Los resultados de los an\u00e1lisis se presentan en dos hojas de resumen (v\u00e9anse las figuras m\u00e1s abajo). Adem\u00e1s, un informe detallado e informativo explica y describe los resultados.<\/p>\n\n<style type=\"text\/css\" data-created_by=\"avia_inline_auto\" id=\"style-css-av-dwivy-1-1-84a230decfaf0289e75839d1055b7e66\">\n.av_font_icon.av-dwivy-1-1-84a230decfaf0289e75839d1055b7e66{\ncolor:#f05a1a;\nborder-color:#f05a1a;\n}\n.av_font_icon.av-dwivy-1-1-84a230decfaf0289e75839d1055b7e66 .av-icon-char{\nfont-size:25px;\nline-height:25px;\n}\n<\/style>\n<span  class='av_font_icon av-dwivy-1-1-84a230decfaf0289e75839d1055b7e66 avia_animate_when_visible av-icon-style- avia-icon-pos-left avia-icon-animate'><span class='av-icon-char' aria-hidden='true' data-av_icon='\ue84c' data-av_iconfont='entypo-fontello' ><\/span><\/span>\n<p><a href=\"..\/wp-content\/uploads\/2023\/08\/Musterbericht_2023-08.pdf\" target=\"_blank\" rel=\"noopener\"><strong>Mostrar un an\u00e1lisis ejemplar para la Caracterizaci\u00f3n B\u00e1sica (en ingl\u00e9s)<\/strong><\/a><\/p>\n<h2>Precio: Neto \u20ac 430,00<\/h2>\n<\/div><\/div><\/div><\/section>\n<section class='av_toggle_section av-2jqjs7-2da35c8c7fc351cf38713917ff651ab6'  itemscope=\"itemscope\" itemtype=\"https:\/\/schema.org\/CreativeWork\" ><div role=\"tablist\" class=\"single_toggle\" data-tags=\"{Todo} \"  ><p id='toggle-folgebeprobung_a' data-fake-id='#folgebeprobung_a' class='toggler  av-title-above av-inherit-font-color hasCustomColor av-inherit-border-color'  itemprop=\"headline\"  role='tab' tabindex='0' aria-controls='folgebeprobung_a' data-slide-speed=\"200\" data-title=\"Remuestreo opci\u00f3n A\" data-title-open=\"\" data-aria_collapsed=\"Click to expand: Remuestreo opci\u00f3n A\" data-aria_expanded=\"Click to collapse: Remuestreo opci\u00f3n A\">Remuestreo opci\u00f3n A<span class=\"toggle_icon\"><span class=\"vert_icon\"><\/span><span class=\"hor_icon\"><\/span><\/span><\/p><div id='folgebeprobung_a' aria-labelledby='toggle-folgebeprobung_a' role='region' class='toggle_wrap  av-title-above'  ><div class='toggle_content invers-color av-inherit-font-color hasCustomColor av-inherit-border-color'  itemprop=\"text\" ><h3>Comparaci\u00f3n de las propiedades del suelo y de la nutrici\u00f3n de las plantas<\/h3>\n<p><strong>Recomendado:<\/strong> de 3 a 5 a\u00f1os despu\u00e9s del Muestreo Inicial<\/p>\n<p>Los programas del remuestreo s\u00f3lo son posibles despu\u00e9s del Muestreo Inicial (Caracterizaci\u00f3n B\u00e1sica) y sirven para supervisar y comprobar los cambios inducidos por la mejora aplicada. El programa de remuestreo A incluye los mismos par\u00e1metros b\u00e1sicos y fracciones que la Caracterizaci\u00f3n B\u00e1sica (Muestreo inicial), los resultados se presentan en base a un breve informe comparativo.<\/p>\n<p><strong>Rango de par\u00e1metros:<\/strong><\/p>\n<p><em>Par\u00e1metros b\u00e1sicos \/ Complejo adsorbente:<\/em> Textura del suelo (KH), color, turbidez, pH<sub>KCl<\/sub>, pH en agua, contenido de cal, conductividad el\u00e9ctrica (EC), C<sub>org<\/sub> (= contenido de materia org\u00e1nica del suelo), calidad de la materia org\u00e1nica del suelo (C\/N, C\/P, C\/S), capacidad de intercambio cati\u00f3nico (CEC<sub>actual<\/sub>, CEC<sub>potencial<\/sub>), saturaci\u00f3n de bases, relaci\u00f3n de sustancias en el complejo adsorbente (Ca, Mg, K, Na, Al, NH<sub>4<\/sub>, Fe, Mn, H, \u00e1cidos potenciales).<\/p>\n<p><em>Elementos en el extracto de agua:<\/em>\u00a0Ca, Mg, K, Na, NH<sub>4<\/sub>-N, NO<sub>3<\/sub>-N, Al, P, Si, SO<sub>4<\/sub>, Cl, Fe, Mn, Cu, Zn, Co, Mo, B, As, Ni, Cr, Pb, Cd, V.<\/p>\n<p><em>Elementos del extracto del intercambiador:<\/em>\u00a0Ca, Mg, K, Na, NH<sub>4<\/sub>-N, Al, P, Si, Fe, Mn, Cu, Zn, Co, Mo, B, As, Ni, Cr, Pb, Cd, V.<\/p>\n<p><em>Elementos de la fracci\u00f3n de reserva:<\/em>\u00a0Ca, Mg, K, Na, Al, P, Si, Fe, Mn, Cu, Zn, Co, Mo, B, As, Ni, Cr, Pb, Cd, V.<\/p>\n<p><em>5 reservas de f\u00f3sforo:<\/em>\u00a0F\u00f3sforo org\u00e1nico, soluble en agua, intercambiable, soluble en \u00e1cido y contenido total.<\/p>\n<p><strong>Consulta (incluida en el precio): <\/strong>Estaremos encantados de ayudarle con cualquier pregunta por tel\u00e9fono, correo electr\u00f3nico y, si es necesario, in situ.<\/p>\n\n<style type=\"text\/css\" data-created_by=\"avia_inline_auto\" id=\"style-css-av-dwivy-6-23009a51581757cdca929c3f60c0b6f4\">\n.av_font_icon.av-dwivy-6-23009a51581757cdca929c3f60c0b6f4{\ncolor:#f05a1a;\nborder-color:#f05a1a;\n}\n.av_font_icon.av-dwivy-6-23009a51581757cdca929c3f60c0b6f4 .av-icon-char{\nfont-size:25px;\nline-height:25px;\n}\n<\/style>\n<span  class='av_font_icon av-dwivy-6-23009a51581757cdca929c3f60c0b6f4 avia_animate_when_visible av-icon-style- avia-icon-pos-left avia-icon-animate'><span class='av-icon-char' aria-hidden='true' data-av_icon='\ue84c' data-av_iconfont='entypo-fontello' ><\/span><\/span>\n<p><a href=\"https:\/\/www.bodenoekologie.com\/wp-content\/uploads\/2022\/10\/0-Folgebeprobung-A-Musterbericht.pdf\" target=\"_blank\" rel=\"noopener\"><strong>Mostrar un an\u00e1lisis ejemplar para el Remuestreo opci\u00f3n A (en ingl\u00e9s)<\/strong><\/a><\/p>\n<h2>Precio: Neto \u20ac 330,00<\/h2>\n<\/div><\/div><\/div><\/section>\n<section class='av_toggle_section av-akivr-afe4b66bca5328039d0a5a068a1ba3b5'  itemscope=\"itemscope\" itemtype=\"https:\/\/schema.org\/CreativeWork\" ><div role=\"tablist\" class=\"single_toggle\" data-tags=\"{Todo} \"  ><p id='toggle-folgebeprobung_b' data-fake-id='#folgebeprobung_b' class='toggler  av-title-above av-inherit-font-color hasCustomColor av-inherit-border-color'  itemprop=\"headline\"  role='tab' tabindex='0' aria-controls='folgebeprobung_b' data-slide-speed=\"200\" data-title=\"Remuestreo opci\u00f3n B\" data-title-open=\"\" data-aria_collapsed=\"Click to expand: Remuestreo opci\u00f3n B\" data-aria_expanded=\"Click to collapse: Remuestreo opci\u00f3n B\">Remuestreo opci\u00f3n B<span class=\"toggle_icon\"><span class=\"vert_icon\"><\/span><span class=\"hor_icon\"><\/span><\/span><\/p><div id='folgebeprobung_b' aria-labelledby='toggle-folgebeprobung_b' role='region' class='toggle_wrap  av-title-above'  ><div class='toggle_content invers-color av-inherit-font-color hasCustomColor av-inherit-border-color'  itemprop=\"text\" ><h4>Comparaci\u00f3n de las propiedades del suelo<\/h4>\n<p><strong>Recomendado:<\/strong> de 3 a 5 a\u00f1os despu\u00e9s del Muestreo Inicial<\/p>\n<p>Los programas del remuestreo s\u00f3lo son posibles despu\u00e9s del Muestreo Inicial (Caracterizaci\u00f3n B\u00e1sica) y sirven para supervisar y comprobar los cambios inducidos por la mejora aplicada. El programa de remuestreo B incluye los mismos par\u00e1metros b\u00e1sicos que la Caracterizaci\u00f3n B\u00e1sica (Muestreo inicial), los resultados se presentan en base a la hoja de informaci\u00f3n \u00abPropiedades del suelo\u00bb.<\/p>\n<p><strong>Rango de par\u00e1metros:<\/strong><\/p>\n<p><em>Par\u00e1metros b\u00e1sicos \/ Complejo adsorbente:<\/em> Textura del suelo (KH), color, turbidez, pH<sub>KCl<\/sub>, pH en agua, contenido de cal, conductividad el\u00e9ctrica (EC), C<sub>org<\/sub> (= contenido de materia org\u00e1nica del suelo), calidad de la materia org\u00e1nica del suelo (C\/N, C\/S), capacidad de intercambio cati\u00f3nico (CEC<sub>actual<\/sub>, CEC<sub>potencial<\/sub>), saturaci\u00f3n de bases, relaci\u00f3n de sustancias en el complejo adsorbente (Ca, Mg, K, Na, Al, NH<sub>4<\/sub>, Fe, Mn, H, \u00e1cidos potenciales).<\/p>\n<p><strong>Consulta (incluida en el precio): <\/strong>Estaremos encantados de ayudarle con cualquier pregunta por tel\u00e9fono, correo electr\u00f3nico y, si es necesario, in situ.<\/p>\n\n<style type=\"text\/css\" data-created_by=\"avia_inline_auto\" id=\"style-css-av-dwivy-6-1-89227b4d8e472880d9b421cbea970d9b\">\n.av_font_icon.av-dwivy-6-1-89227b4d8e472880d9b421cbea970d9b{\ncolor:#f05a1a;\nborder-color:#f05a1a;\n}\n.av_font_icon.av-dwivy-6-1-89227b4d8e472880d9b421cbea970d9b .av-icon-char{\nfont-size:25px;\nline-height:25px;\n}\n<\/style>\n<span  class='av_font_icon av-dwivy-6-1-89227b4d8e472880d9b421cbea970d9b avia_animate_when_visible av-icon-style- avia-icon-pos-left avia-icon-animate'><span class='av-icon-char' aria-hidden='true' data-av_icon='\ue84c' data-av_iconfont='entypo-fontello' ><\/span><\/span>\n<p><a href=\"https:\/\/www.bodenoekologie.com\/wp-content\/uploads\/2022\/10\/0-Folgebeprobung-B-Musterbericht.pdf\" target=\"_blank\" rel=\"noopener\"><strong>Mostrar un an\u00e1lisis ejemplar para el Remuestreo B (en ingl\u00e9s)<\/strong><\/a><\/p>\n<h2>Precio: Neto \u20ac 240,00<\/h2>\n<\/div><\/div><\/div><\/section>\n<section class='av_toggle_section av-97mb4n-1-3bf66d007ad6200de26a3d2612506213'  itemscope=\"itemscope\" itemtype=\"https:\/\/schema.org\/CreativeWork\" ><div role=\"tablist\" class=\"single_toggle\" data-tags=\"{Todo} \"  ><p id='toggle-toggle-id-1' data-fake-id='#toggle-id-1' class='toggler  av-title-above av-inherit-font-color hasCustomColor av-inherit-border-color'  itemprop=\"headline\"  role='tab' tabindex='0' aria-controls='toggle-id-1' data-slide-speed=\"200\" data-title=\"Muestreo\" data-title-open=\"\" data-aria_collapsed=\"Click to expand: Muestreo\" data-aria_expanded=\"Click to collapse: Muestreo\">Muestreo<span class=\"toggle_icon\"><span class=\"vert_icon\"><\/span><span class=\"hor_icon\"><\/span><\/span><\/p><div id='toggle-id-1' aria-labelledby='toggle-toggle-id-1' role='region' class='toggle_wrap  av-title-above'  ><div class='toggle_content invers-color av-inherit-font-color hasCustomColor av-inherit-border-color'  itemprop=\"text\" ><p>El muestreo adecuado del suelo es de gran importancia en el proceso anal\u00edtico, ya que las respectivas medidas para mejorar o preservar la fertilidad del suelo se derivan a base de las muestras de suelo analizadas. S\u00f3lo una muestra representativa puede proporcionar resultados anal\u00edticos s\u00f3lidos.<\/p>\n<h3>El muestreo debe estar bien preparado y llevarse a cabo de la siguiente manera:<\/h3>\n<ul>\n<li>Definir sub\u00e1reas pedol\u00f3gicas homog\u00e9neas (basados en la propia experiencia, mapas de suelos, mapeos de rendimiento de cultivos, im\u00e1genes a\u00e9reas, etc.). Selecci\u00f3n de sub\u00e1reas para muestrear (dependiendo de la extensi\u00f3n del \u00e1rea y la cuesti\u00f3n de inter\u00e9s, se pueden establecer las prioridades).<\/li>\n<li>Especificar el c\u00edrculo de muestreo (alrededor de 10 m a 15 m de di\u00e1metro). Registros del punto central (p.ej., por GPS, mapa).<\/li>\n<li>Se toma una muestra compuesta dentro del c\u00edrculo de muestreo (pala, herramientas de muestreo, perforador de muestras, de 10 a 15 muestras individuales). Precauci\u00f3n: las herramientas niqueladas \/ cromadas \/ revestidas pueden afectar los resultados de la prueba! La profundidad de muestreo se basa en los horizontes gen\u00e9ticos del suelo y no en niveles de profundidad fijos.<\/li>\n<li>Mezclar (homogenizar) de 10 a 15 muestras individuales en un balde limpio, quitar manualmente los \u201celementos perturbadores\u201d (p.ej., partes de plantas, animales, etc.). Los trozos de tierra deben ser triturados antes de la homogeneizaci\u00f3n.<\/li>\n<li>Llene una bolsa de muestra con aproximadamente 1,5 kg de material de muestra homogeneizado (puede pedirnos bolsas de muestra; otras bolsas de pl\u00e1stico no utilizados tambi\u00e9n son adecuadas).<\/li>\n<li>Etiqueta la bolsa de muestra (granja\/finca, nombre del campo, fecha del muestreo) y rellena el formulario de pedido.<\/li>\n<\/ul>\n<h3>El momento adecuado del muestreo del suelo<\/h3>\n<ul>\n<li>El equilibrio din\u00e1mico en el suelo se establece de 6 a 8 semanas despu\u00e9s de la aplicaci\u00f3n de una medida de gesti\u00f3n (p.ej., despu\u00e9s de la labranza, fertilizaci\u00f3n con sustancias minerales \/ org\u00e1nicas). Es m\u00e1s, el suelo no debe estar demasiado empapado con agua (debe ser transitable). Los momentos favorables para el muestreo del suelo suelen ser antes o despu\u00e9s de la cosecha y en primavera (al menos 6\u00b0C de temperatura del suelo durante aproximadamente 2 semanas).<\/li>\n<\/ul>\n<h3>Env\u00edo de la muestra<\/h3>\n<ul>\n<li>Selle la muestra con cuidado y env\u00edela junto con el formulario de pedido a la direcci\u00f3n de entrega a continuaci\u00f3n. El env\u00edo no debe exceder de 2 a 3 d\u00edas. Tambi\u00e9n puede entregar las muestras en persona.<\/li>\n<li>Direcci\u00f3n de envi\u00f3: TB Unterfrauner GmbH, Umseerstra\u00dfe 39, 3040 Neulengbach OT Tausenblum \u00d6sterreich.<\/li>\n<li>Si no es posible enviar la muestra inmediatamente, la muestra debe estabilizarse para su almacenamiento de la siguiente manera:<br \/>\nMuestra abierta almacenada en una habitaci\u00f3n seca y sin polvo a temperatura ambiente (almacenamiento hasta 1 mes. Precauci\u00f3n: las mascotas y los roedores pueden contaminar la muestra).<br \/>\nMuestra cerrada en el congelador (almacenamiento hasta 3 meses)<\/li>\n<li>Los resultados estar\u00e1n disponibles en aproximadamente 3 semanas despu\u00e9s de la llegada de la muestra de suelo a TB Unterfrauner GmbH.<\/li>\n<\/ul>\n<h3>Remuestreo:<\/h3>\n<p>Para el remuestreo, tenga en cuenta adicionalmente:<\/p>\n<ol>\n<li>Selecci\u00f3n del sitio de muestreo: debe seleccionarse el mismo c\u00edrculo de muestreo de la subzona homog\u00e9nea que para el Muestreo Inicial.<\/li>\n<li>Selecci\u00f3n de del momento de muestreo: lo ideal es que el remuestreo tenga lugar en un momento\/estaci\u00f3n comparable al del Muestreo Inicial (primavera, verano, oto\u00f1o).<\/li>\n<li>Selecci\u00f3n de la profundidad de muestreo: como en el muestreo Inicial.<\/li>\n<\/ol>\n\n<style type=\"text\/css\" data-created_by=\"avia_inline_auto\" id=\"style-css-av-2koovs-5913163b6f246e15c6b9e642e41b54b3\">\n.av_font_icon.av-2koovs-5913163b6f246e15c6b9e642e41b54b3 .av-icon-char{\nfont-size:20px;\nline-height:20px;\n}\n<\/style>\n<span  class='av_font_icon av-2koovs-5913163b6f246e15c6b9e642e41b54b3 avia_animate_when_visible av-icon-style- avia-icon-pos-left av-no-color avia-icon-animate'><span class='av-icon-char' aria-hidden='true' data-av_icon='\uf16a' data-av_iconfont='entypo-fontello' ><\/span><\/span>\n<p><a href=\"https:\/\/www.youtube.com\/watch?v=l6i5PleMbPw\" target=\"_blank\" rel=\"noopener\"><strong>Video: The proper soil sampling (en alem\u00e1n)<\/strong><\/a><\/p>\n<\/div><\/div><\/div><\/section>\n<\/div>\n\n<style type=\"text\/css\" data-created_by=\"avia_inline_auto\" id=\"style-css-av-lrl40zm5-3e4d92dcd2fd23c29bae6e923ff7fbae\">\n#top .hr.hr-invisible.av-lrl40zm5-3e4d92dcd2fd23c29bae6e923ff7fbae{\nheight:60px;\n}\n<\/style>\n<div  id=\"auftragsformular_bodenproben\"  class='hr av-lrl40zm5-3e4d92dcd2fd23c29bae6e923ff7fbae hr-invisible  avia-builder-el-8  el_after_av_toggle_container  el_before_av_textblock '><span class='hr-inner '><span class=\"hr-inner-style\"><\/span><\/span><\/div>\n<section  class='av_textblock_section av-lrkglsl5-3eeb363d2c46dd164104b1d3b0be4610 '   itemscope=\"itemscope\" itemtype=\"https:\/\/schema.org\/CreativeWork\" ><div class='avia_textblock'  itemprop=\"text\" ><h1>Formulario de pedido \u201cMuestras de suelo\u201d<\/h1>\n<p>La informaci\u00f3n esencial se recopila con el formulario de pedido \u201cMuestras de suelo\u201d. Por lo tanto, es importante rellenar el formulario de la manera m\u00e1s precisa y completa posible. Solo as\u00ed, es posible considerar e integrar las condiciones del sitio en particular, las pr\u00e1cticas agr\u00edcolas y el tipo de cultivo en la evaluaci\u00f3n e interpretaci\u00f3n. Para el remuestreo, aseg\u00farese de indicar el n\u00famero de BD (n\u00famero de prueba) del muestreo inicial.<\/p>\n<p>Env\u00ede el formulario de pedido junto con la muestra de suelo o entr\u00e9guelo personalmente a la siguiente direcci\u00f3n de entrega. El env\u00edo no debe exceder de 2 a 3 d\u00edas.<\/p>\n<p>Las granjas \/ empresas que no se encuentran en Austria pueden proporcionar su n\u00famero de identificaci\u00f3n de IVA. En ese caso, la factura se emite sin IVA.<\/p>\n<p><strong>Direcci\u00f3n de env\u00edo:<\/strong><\/p>\n<p>TB Unterfrauner GmbH<br \/>\nUmseerstra\u00dfe 39<br \/>\n3040 Neulengbach OT Tausenblum<\/p>\n<p>Austria<\/p>\n<\/div><\/section>\n<div  class='avia-button-wrap av-bfnyg-1d8720c96b07b42444a5931d2832ca88-wrap avia-button-center  avia-builder-el-10  el_after_av_textblock  avia-builder-el-last '><a href='https:\/\/www.bodenoekologie.com\/wp-content\/uploads\/2025\/12\/2026-01_Assignment-form-Soil-sample-TB-Unterfrauner-GmbH-EN_digital.pdf' class='avia-button av-bfnyg-1d8720c96b07b42444a5931d2832ca88 av-link-btn avia-icon_select-yes-right-icon avia-size-x-large avia-position-center avia-color-theme-color' target=\"_blank\" rel=\"noopener noreferrer\" aria-label=\"Al formulario de pedido (en ingl\u00e9s)\"><span class='avia_iconbox_title' >Al formulario de pedido (en ingl\u00e9s)<\/span><span class='avia_button_icon avia_button_icon_right' aria-hidden='true' data-av_icon='\ue85d' data-av_iconfont='entypo-fontello'><\/span><\/a><\/div>\n","protected":false},"excerpt":{"rendered":"","protected":false},"author":1,"featured_media":0,"parent":2695,"menu_order":1,"comment_status":"closed","ping_status":"closed","template":"","meta":{"footnotes":""},"class_list":["post-7548","page","type-page","status-publish","hentry"],"_links":{"self":[{"href":"https:\/\/www.bodenoekologie.com\/es\/wp-json\/wp\/v2\/pages\/7548"}],"collection":[{"href":"https:\/\/www.bodenoekologie.com\/es\/wp-json\/wp\/v2\/pages"}],"about":[{"href":"https:\/\/www.bodenoekologie.com\/es\/wp-json\/wp\/v2\/types\/page"}],"author":[{"embeddable":true,"href":"https:\/\/www.bodenoekologie.com\/es\/wp-json\/wp\/v2\/users\/1"}],"replies":[{"embeddable":true,"href":"https:\/\/www.bodenoekologie.com\/es\/wp-json\/wp\/v2\/comments?post=7548"}],"version-history":[{"count":11,"href":"https:\/\/www.bodenoekologie.com\/es\/wp-json\/wp\/v2\/pages\/7548\/revisions"}],"predecessor-version":[{"id":9956,"href":"https:\/\/www.bodenoekologie.com\/es\/wp-json\/wp\/v2\/pages\/7548\/revisions\/9956"}],"up":[{"embeddable":true,"href":"https:\/\/www.bodenoekologie.com\/es\/wp-json\/wp\/v2\/pages\/2695"}],"wp:attachment":[{"href":"https:\/\/www.bodenoekologie.com\/es\/wp-json\/wp\/v2\/media?parent=7548"}],"curies":[{"name":"wp","href":"https:\/\/api.w.org\/{rel}","templated":true}]}}