{"id":7552,"date":"2024-02-05T16:12:40","date_gmt":"2024-02-05T15:12:40","guid":{"rendered":"https:\/\/www.bodenoekologie.com\/?page_id=7552"},"modified":"2025-12-31T14:43:09","modified_gmt":"2025-12-31T13:43:09","slug":"muestras-de-plantas","status":"publish","type":"page","link":"https:\/\/www.bodenoekologie.com\/es\/analisis\/muestras-de-plantas\/","title":{"rendered":"Muestras de plantas"},"content":{"rendered":"\n<style type=\"text\/css\" data-created_by=\"avia_inline_auto\" id=\"style-css-av-lrmiiygg-e149fc8c9071f4603651915b60d9918a\">\n.avia-image-container.av-lrmiiygg-e149fc8c9071f4603651915b60d9918a img.avia_image{\nbox-shadow:none;\n}\n.avia-image-container.av-lrmiiygg-e149fc8c9071f4603651915b60d9918a .av-image-caption-overlay-center{\ncolor:#ffffff;\n}\n<\/style>\n<div  class='avia-image-container av-lrmiiygg-e149fc8c9071f4603651915b60d9918a av-styling- avia-align-center  avia-builder-el-0  el_before_av_hr  avia-builder-el-first '   itemprop=\"image\" itemscope=\"itemscope\" itemtype=\"https:\/\/schema.org\/ImageObject\" ><div class=\"avia-image-container-inner\"><div class=\"avia-image-overlay-wrap\"><img decoding=\"async\" fetchpriority=\"high\" class='wp-image-6726 avia-img-lazy-loading-not-6726 avia_image ' src=\"https:\/\/www.bodenoekologie.com\/wp-content\/uploads\/2024\/01\/hero_pflanzenproben.png\" alt='' title='hero_pflanzenproben'  height=\"430\" width=\"1500\"  itemprop=\"thumbnailUrl\" srcset=\"https:\/\/www.bodenoekologie.com\/wp-content\/uploads\/2024\/01\/hero_pflanzenproben.png 1500w, https:\/\/www.bodenoekologie.com\/wp-content\/uploads\/2024\/01\/hero_pflanzenproben-300x86.png 300w, https:\/\/www.bodenoekologie.com\/wp-content\/uploads\/2024\/01\/hero_pflanzenproben-1030x295.png 1030w, https:\/\/www.bodenoekologie.com\/wp-content\/uploads\/2024\/01\/hero_pflanzenproben-768x220.png 768w, https:\/\/www.bodenoekologie.com\/wp-content\/uploads\/2024\/01\/hero_pflanzenproben-705x202.png 705w\" sizes=\"(max-width: 1500px) 100vw, 1500px\" \/><\/div><\/div><\/div>\n\n<style type=\"text\/css\" data-created_by=\"avia_inline_auto\" id=\"style-css-av-lrp1ub65-afcd3cf648cf0903b33c68b37cc7764a\">\n#top .hr.hr-invisible.av-lrp1ub65-afcd3cf648cf0903b33c68b37cc7764a{\nheight:20px;\n}\n<\/style>\n<div  id=\"auftragsformular_pflanzenproben\"  class='hr av-lrp1ub65-afcd3cf648cf0903b33c68b37cc7764a hr-invisible  avia-builder-el-1  el_after_av_image  el_before_av_textblock '><span class='hr-inner '><span class=\"hr-inner-style\"><\/span><\/span><\/div>\n<section  class='av_textblock_section av-lrkepd4m-df234cbcc5f6ea862a4301816d377c3e '   itemscope=\"itemscope\" itemtype=\"https:\/\/schema.org\/CreativeWork\" ><div class='avia_textblock'  itemprop=\"text\" ><h1><strong>Programas anal\u00edticos y muestreo<\/strong><\/h1>\n<p>Nuestros programas anal\u00edticos para muestras de plantas y la toma de muestras se describen en detalle en esta p\u00e1gina.<\/p>\n<\/div><\/section>\n\n<style type=\"text\/css\" data-created_by=\"avia_inline_auto\" id=\"style-css-av-kyvrdohb-d5cf051a02ef836eec70b0ff1e7cb4e4\">\n#top .togglecontainer.av-kyvrdohb-d5cf051a02ef836eec70b0ff1e7cb4e4 p.toggler{\ncolor:#571921;\nborder-color:#571921;\n}\n#top .togglecontainer.av-kyvrdohb-d5cf051a02ef836eec70b0ff1e7cb4e4 p.toggler.activeTitle{\nbackground-color:#bfba82;\n}\n#top .togglecontainer.av-kyvrdohb-d5cf051a02ef836eec70b0ff1e7cb4e4 p.toggler:not(.activeTitle):hover{\nbackground-color:#bfba82;\n}\n#top .togglecontainer.av-kyvrdohb-d5cf051a02ef836eec70b0ff1e7cb4e4 p.toggler:not(.activeTitle):hover .toggle_icon, #top .togglecontainer.av-kyvrdohb-d5cf051a02ef836eec70b0ff1e7cb4e4 p.toggler:not(.activeTitle):hover .toggle_icon *{\nborder-color: !important;\n}\n#top .togglecontainer.av-kyvrdohb-d5cf051a02ef836eec70b0ff1e7cb4e4 p.toggler .toggle_icon{\ncolor:#571921;\nborder-color:#571921;\n}\n#top .togglecontainer.av-kyvrdohb-d5cf051a02ef836eec70b0ff1e7cb4e4 p.toggler.activeTitle .toggle_icon, #top .togglecontainer.av-kyvrdohb-d5cf051a02ef836eec70b0ff1e7cb4e4 p.toggler.activeTitle .toggle_icon > span{\ncolor:#571921;\nborder-color:#571921;\n}\n#top .togglecontainer.av-kyvrdohb-d5cf051a02ef836eec70b0ff1e7cb4e4 .toggle_wrap .toggle_content{\ncolor:#571921;\nborder-color:#571921;\n}\n\n@media only screen and (min-width: 990px){ \n#top .togglecontainer.av-kyvrdohb-d5cf051a02ef836eec70b0ff1e7cb4e4 p.toggler{\nfont-size:24px;\n}\n}\n\n@media only screen and (max-width: 479px){ \n#top .togglecontainer.av-kyvrdohb-d5cf051a02ef836eec70b0ff1e7cb4e4 p.toggler{\nfont-size:16px;\n}\n}\n<\/style>\n<div  class='togglecontainer av-kyvrdohb-d5cf051a02ef836eec70b0ff1e7cb4e4 av-elegant-toggle  avia-builder-el-3  el_after_av_textblock  el_before_av_hr ' >\n<section class='av_toggle_section av-4i9zjb-cdfb14edbc3dc9aaf2367327be40dd11'  itemscope=\"itemscope\" itemtype=\"https:\/\/schema.org\/CreativeWork\" ><div role=\"tablist\" class=\"single_toggle\" data-tags=\"{Todo} \"  ><p id='toggle-toggle-id-1' data-fake-id='#toggle-id-1' class='toggler  activeTitle av-title-above av-inherit-font-color hasCustomColor av-inherit-border-color'  itemprop=\"headline\"  role='tab' tabindex='0' aria-controls='toggle-id-1' data-slide-speed=\"200\" data-title=\"An\u00e1lisis B\u00e1sico \u201cOrg\u201d (CNS)\" data-title-open=\"\" data-aria_collapsed=\"Click to expand: An\u00e1lisis B\u00e1sico \u201cOrg\u201d (CNS)\" data-aria_expanded=\"Click to collapse: An\u00e1lisis B\u00e1sico \u201cOrg\u201d (CNS)\">An\u00e1lisis B\u00e1sico \u201cOrg\u201d (CNS)<span class=\"toggle_icon\"><span class=\"vert_icon\"><\/span><span class=\"hor_icon\"><\/span><\/span><\/p><div id='toggle-id-1' aria-labelledby='toggle-toggle-id-1' role='region' class='toggle_wrap  active_tc av-title-above' style='display:block;' ><div class='toggle_content invers-color av-inherit-font-color hasCustomColor av-inherit-border-color'  itemprop=\"text\" ><p><strong>Par\u00e1metros:<br \/>\n<\/strong>Contenido de agua, carbono total, nitr\u00f3geno total, azufre total<\/p>\n<p><strong>M\u00e9todo:<br \/>\n<\/strong>CNS (combusti\u00f3n seca seg\u00fan \u00d6NORM L1082 )<\/p>\n<h2>Precio: neto \u20ac 42<\/h2>\n<\/div><\/div><\/div><\/section>\n<section class='av_toggle_section av-2jqjs7-08eda61b0ea14da81cf8e1bc2d9b3774'  itemscope=\"itemscope\" itemtype=\"https:\/\/schema.org\/CreativeWork\" ><div role=\"tablist\" class=\"single_toggle\" data-tags=\"{Todo} \"  ><p id='toggle-toggle-id-2' data-fake-id='#toggle-id-2' class='toggler  av-title-above av-inherit-font-color hasCustomColor av-inherit-border-color'  itemprop=\"headline\"  role='tab' tabindex='0' aria-controls='toggle-id-2' data-slide-speed=\"200\" data-title=\"An\u00e1lisis B\u00e1sico \u201cM\u201d (Nutrientes y elementos t\u00f3xicos)\" data-title-open=\"\" data-aria_collapsed=\"Click to expand: An\u00e1lisis B\u00e1sico \u201cM\u201d (Nutrientes y elementos t\u00f3xicos)\" data-aria_expanded=\"Click to collapse: An\u00e1lisis B\u00e1sico \u201cM\u201d (Nutrientes y elementos t\u00f3xicos)\">An\u00e1lisis B\u00e1sico \u201cM\u201d (Nutrientes y elementos t\u00f3xicos)<span class=\"toggle_icon\"><span class=\"vert_icon\"><\/span><span class=\"hor_icon\"><\/span><\/span><\/p><div id='toggle-id-2' aria-labelledby='toggle-toggle-id-2' role='region' class='toggle_wrap  av-title-above'  ><div class='toggle_content invers-color av-inherit-font-color hasCustomColor av-inherit-border-color'  itemprop=\"text\" ><p><strong>Par\u00e1metros:<br \/>\n<\/strong>Nutrientes y elementos potencialmente t\u00f3xicos (Ca, Mg, K, P, B, Co, Cr, Cu, Fe, Mn, Mo, Na, Ni, Sc, Se, V, Zn, As, Cd, Pb)<\/p>\n<p><strong>M\u00e9todo:<br \/>\n<\/strong>Digesti\u00f3n \u00e1cida en microondas, medici\u00f3n con ICP-OES<\/p>\n<h2>Precio: neto \u20ac 65<\/h2>\n<\/div><\/div><\/div><\/section>\n<section class='av_toggle_section av-akivr-2c2b05da52d29599743076f75c72bbbc'  itemscope=\"itemscope\" itemtype=\"https:\/\/schema.org\/CreativeWork\" ><div role=\"tablist\" class=\"single_toggle\" data-tags=\"{Todo} \"  ><p id='toggle-toggle-id-3' data-fake-id='#toggle-id-3' class='toggler  av-title-above av-inherit-font-color hasCustomColor av-inherit-border-color'  itemprop=\"headline\"  role='tab' tabindex='0' aria-controls='toggle-id-3' data-slide-speed=\"200\" data-title=\"An\u00e1lisis est\u00e1ndar de la planta (\u201cOrg\u201d + \u201cM\u201d)\" data-title-open=\"\" data-aria_collapsed=\"Click to expand: An\u00e1lisis est\u00e1ndar de la planta (\u201cOrg\u201d + \u201cM\u201d)\" data-aria_expanded=\"Click to collapse: An\u00e1lisis est\u00e1ndar de la planta (\u201cOrg\u201d + \u201cM\u201d)\">An\u00e1lisis est\u00e1ndar de la planta (\u201cOrg\u201d + \u201cM\u201d)<span class=\"toggle_icon\"><span class=\"vert_icon\"><\/span><span class=\"hor_icon\"><\/span><\/span><\/p><div id='toggle-id-3' aria-labelledby='toggle-toggle-id-3' role='region' class='toggle_wrap  av-title-above'  ><div class='toggle_content invers-color av-inherit-font-color hasCustomColor av-inherit-border-color'  itemprop=\"text\" ><p><strong>Par\u00e1metros:<br \/>\n<\/strong>Contenido de agua, carbono total, nitr\u00f3geno total, azufre total<strong><br \/>\n<\/strong>Nutrientes y elementos potencialmente t\u00f3xicos (Ca, Mg, K, P, B, Co, Cr, Cu, Fe, Mn, Mo, Na, Ni, Sc, Se, V, Zn, As, Cd, Pb)<\/p>\n<p><strong>M\u00e9todos:<br \/>\n<\/strong><\/p>\n<p>CNS (combusti\u00f3n seca seg\u00fan \u00d6NORM L1082)<\/p>\n<p>Digesti\u00f3n \u00e1cida en microondas, medici\u00f3n con ICP-OES<\/p>\n<h2>Precio: neto \u20ac 92<\/h2>\n<\/div><\/div><\/div><\/section>\n<section class='av_toggle_section av-70yqef-685d8b86d98058888aae87ebb2c5d4f6'  itemscope=\"itemscope\" itemtype=\"https:\/\/schema.org\/CreativeWork\" ><div role=\"tablist\" class=\"single_toggle\" data-tags=\"{Todo} \"  ><p id='toggle-toggle-id-4' data-fake-id='#toggle-id-4' class='toggler  av-title-above av-inherit-font-color hasCustomColor av-inherit-border-color'  itemprop=\"headline\"  role='tab' tabindex='0' aria-controls='toggle-id-4' data-slide-speed=\"200\" data-title=\"An\u00e1lisis est\u00e1ndar de la planta \u201cPLUS\u201d (\u201cOrg\u201d + \u201cM\u201d + Al, Si)\" data-title-open=\"\" data-aria_collapsed=\"Click to expand: An\u00e1lisis est\u00e1ndar de la planta \u201cPLUS\u201d (\u201cOrg\u201d + \u201cM\u201d + Al, Si)\" data-aria_expanded=\"Click to collapse: An\u00e1lisis est\u00e1ndar de la planta \u201cPLUS\u201d (\u201cOrg\u201d + \u201cM\u201d + Al, Si)\">An\u00e1lisis est\u00e1ndar de la planta \u201cPLUS\u201d (\u201cOrg\u201d + \u201cM\u201d + Al, Si)<span class=\"toggle_icon\"><span class=\"vert_icon\"><\/span><span class=\"hor_icon\"><\/span><\/span><\/p><div id='toggle-id-4' aria-labelledby='toggle-toggle-id-4' role='region' class='toggle_wrap  av-title-above'  ><div class='toggle_content invers-color av-inherit-font-color hasCustomColor av-inherit-border-color'  itemprop=\"text\" ><p><strong>Par\u00e1metros:<br \/>\n<\/strong><\/p>\n<p>Contenido de agua, carbono total, nitr\u00f3geno total, azufre total<br \/>\nNutrientes y elementos potencialmente t\u00f3xicos (Ca, Mg, K, P, B, Co, Cr, Cu, Fe, Mn, Mo, Na, Ni, Sc, Se, V, Zn, As, Cd, Pb) y adicionalmente<strong> Al + Si<\/strong><\/p>\n<p><strong>M\u00e9todos:<br \/>\n<\/strong><\/p>\n<p>CNS (combusti\u00f3n seca seg\u00fan \u00d6NORM L1082)<br \/>\nDigesti\u00f3n \u00e1cida en microondas, medici\u00f3n con ICP-OES<\/p>\n<h2>Precio: neto \u20ac 120<\/h2>\n<\/div><\/div><\/div><\/section>\n<section class='av_toggle_section av-15i7h3-d31b2cc83f0cc9afe0f1db9250269609'  itemscope=\"itemscope\" itemtype=\"https:\/\/schema.org\/CreativeWork\" ><div role=\"tablist\" class=\"single_toggle\" data-tags=\"{Todo} \"  ><p id='toggle-toggle-id-5' data-fake-id='#toggle-id-5' class='toggler  av-title-above av-inherit-font-color hasCustomColor av-inherit-border-color'  itemprop=\"headline\"  role='tab' tabindex='0' aria-controls='toggle-id-5' data-slide-speed=\"200\" data-title=\"An\u00e1lisis Comparativo (2 x An\u00e1lisis Est\u00e1ndar de la Planta)\" data-title-open=\"\" data-aria_collapsed=\"Click to expand: An\u00e1lisis Comparativo (2 x An\u00e1lisis Est\u00e1ndar de la Planta)\" data-aria_expanded=\"Click to collapse: An\u00e1lisis Comparativo (2 x An\u00e1lisis Est\u00e1ndar de la Planta)\">An\u00e1lisis Comparativo (2 x An\u00e1lisis Est\u00e1ndar de la Planta)<span class=\"toggle_icon\"><span class=\"vert_icon\"><\/span><span class=\"hor_icon\"><\/span><\/span><\/p><div id='toggle-id-5' aria-labelledby='toggle-toggle-id-5' role='region' class='toggle_wrap  av-title-above'  ><div class='toggle_content invers-color av-inherit-font-color hasCustomColor av-inherit-border-color'  itemprop=\"text\" ><p><strong>Visualizaci\u00f3n comparativa<\/strong> de dos muestras de plantas del mismo campo \/ sitio (\u00abbuen\u00bb estado y \u00abmal\u00bb estado)<\/p>\n<p><strong>Par\u00e1metros:<\/strong> v\u00e9ase rutina de la planta<\/p>\n<p><strong>M\u00e9todo:<\/strong> v\u00e9ase An\u00e1lisis Est\u00e1ndar de la Planta<\/p>\n<h2>Precio: neto \u20ac 170<\/h2>\n<\/div><\/div><\/div><\/section>\n<section class='av_toggle_section av-97mb4n-f69c87229554a16e83883d1fc6b1f517'  itemscope=\"itemscope\" itemtype=\"https:\/\/schema.org\/CreativeWork\" ><div role=\"tablist\" class=\"single_toggle\" data-tags=\"{Todo} \"  ><p id='toggle-toggle-id-6' data-fake-id='#toggle-id-6' class='toggler  av-title-above av-inherit-font-color hasCustomColor av-inherit-border-color'  itemprop=\"headline\"  role='tab' tabindex='0' aria-controls='toggle-id-6' data-slide-speed=\"200\" data-title=\"Muestreo de plantas\" data-title-open=\"\" data-aria_collapsed=\"Click to expand: Muestreo de plantas\" data-aria_expanded=\"Click to collapse: Muestreo de plantas\">Muestreo de plantas<span class=\"toggle_icon\"><span class=\"vert_icon\"><\/span><span class=\"hor_icon\"><\/span><\/span><\/p><div id='toggle-id-6' aria-labelledby='toggle-toggle-id-6' role='region' class='toggle_wrap  av-title-above'  ><div class='toggle_content invers-color av-inherit-font-color hasCustomColor av-inherit-border-color'  itemprop=\"text\" ><p>Tomar la muestra adecuada de la planta es de crucial importancia. \u00a1Solo las plantas (o partes de plantas) representativas pueden proporcionar resultados de an\u00e1lisis significativos! Por lo tanto, el muestreo debe estar bien preparado y llevado a cabo de manera profesional. Una comparaci\u00f3n directa de plantas con y sin s\u00edntomas de los mismos o comparables campos\/vi\u00f1edos\/huertos es particularmente significativa.<\/p>\n<h3><strong>Recomendaciones para un muestreo adecuado:<\/strong><\/h3>\n<ul>\n<li>Solo tome partes limpias de la planta sin adherencia de suelo.<\/li>\n<li>Momento de muestreo: al menos 3-5 d\u00edas despu\u00e9s de la aplicaci\u00f3n de fertilizantes foliares y pesticidas.<\/li>\n<li>No tome muestras despu\u00e9s de lluvias fuertes.<\/li>\n<li>Muestree \u00fanicamente los \u00f3rganos\/partes de plantas relevantes para cada especie de planta (puede encontrar una lista de los per\u00edodos \u00f3ptimos de muestreo y los \u00f3rganos\/partes de plantas que se van a muestrear <strong>aqu\u00ed<\/strong>)<\/li>\n<li>Toma una muestra compuesta representativa (por ejemplo, en diagonal a lo largo de la zona que se va a muestrear) de aproximadamente 500 g de biomasa fresca.<\/li>\n<li>Lo ideal sellarc la muestra de la planta con vac\u00edo o colocarla en una bolsa de pl\u00e1stico limpia y sellarla herm\u00e9ticamente.<\/li>\n<li>Complete y firme el formulario de pedido y adj\u00fantelo con la muestra de la planta.<\/li>\n<\/ul>\n<h3><strong>Direcci\u00f3n de env\u00edo:<\/strong><\/h3>\n<p>TB Unterfrauner GmbH<br \/>\nUmseerstra\u00dfe 39<br \/>\n3040 Neulengbach OT Tausenblum<\/p>\n<p>Austria<\/p>\n<\/div><\/div><\/div><\/section>\n<\/div>\n\n<style type=\"text\/css\" data-created_by=\"avia_inline_auto\" id=\"style-css-av-l1q5kuhs-c7bc714effe8526baee1860b89cebf15\">\n#top .hr.hr-invisible.av-l1q5kuhs-c7bc714effe8526baee1860b89cebf15{\nheight:100px;\n}\n<\/style>\n<div  id=\"auftragsformular_pflanzenproben\"  class='hr av-l1q5kuhs-c7bc714effe8526baee1860b89cebf15 hr-invisible  avia-builder-el-4  el_after_av_toggle_container  el_before_av_textblock '><span class='hr-inner '><span class=\"hr-inner-style\"><\/span><\/span><\/div>\n<section  class='av_textblock_section av-l1q5jpz4-3be8bae4c322320d4090dfc75301f6da '   itemscope=\"itemscope\" itemtype=\"https:\/\/schema.org\/CreativeWork\" ><div class='avia_textblock'  itemprop=\"text\" ><h1><strong>Formulario de pedido de muestras de plantas<\/strong><\/h1>\n<p>El formulario de pedido de \u00abMuestras de plantas\u00bb se utiliza para proporcionar informaci\u00f3n esencial sobre las muestras (se pueden introducir hasta 5 muestras de plantas por formulario de pedido), el programa de an\u00e1lisis deseado y la direcci\u00f3n de facturaci\u00f3n. Por lo tanto, es importante rellenar el formulario de la forma m\u00e1s precisa y completa posible.<\/p>\n<p>Despu\u00e9s de completar el formulario, firme el formulario de pedido y env\u00edelo junto con las muestras de plantas lo m\u00e1s r\u00e1pido posible (entrega urgente) a la direcci\u00f3n de entrega que figura a continuaci\u00f3n o entr\u00e9guelo en nuestro laboratorio en persona. El env\u00edo no debe exceder de 2 a 3 d\u00edas.<\/p>\n<p>En el caso de las empresas de fuera de Austria que dispongan de un n\u00famero de identificaci\u00f3n a efectos del IVA (n\u00famero UID o n\u00famero UStID) y lo indiquen, la factura se emitir\u00e1 sin IVA.<\/p>\n<p><strong>Direcci\u00f3n de env\u00edo \/ entrega:<\/strong><\/p>\n<p>TB Unterfrauner GmbH<br \/>\nUmseerstra\u00dfe 39<br \/>\n3040 Neulengbach OT Tausenblum<br \/>\nAustria<\/p>\n<\/div><\/section>\n\n<style type=\"text\/css\" data-created_by=\"avia_inline_auto\" id=\"style-css-av-2bnbws-b36f1763e53a648460c2aadf3e493141\">\n#top .hr.hr-invisible.av-2bnbws-b36f1763e53a648460c2aadf3e493141{\nheight:50px;\n}\n<\/style>\n<div  id=\"auftragsformular_pflanzenproben\"  class='hr av-2bnbws-b36f1763e53a648460c2aadf3e493141 hr-invisible  avia-builder-el-6  el_after_av_textblock  el_before_av_button '><span class='hr-inner '><span class=\"hr-inner-style\"><\/span><\/span><\/div>\n<div  class='avia-button-wrap av-lrp2o98h-d523b27a30e8b0fdae3e3813ca7eb13b-wrap avia-button-center  avia-builder-el-7  el_after_av_hr  avia-builder-el-last '><a href='https:\/\/www.bodenoekologie.com\/wp-content\/uploads\/2025\/12\/2026-01-01_Assignment-form_plant-samples_TB-Unterfrauner-GmbH_digital_EN.pdf' class='avia-button av-lrp2o98h-d523b27a30e8b0fdae3e3813ca7eb13b av-link-btn avia-icon_select-yes-right-icon avia-size-x-large avia-position-center avia-color-theme-color' target=\"_blank\" rel=\"noopener noreferrer\" aria-label=\"Al formulario de pedido (en ingl\u00e9s)\"><span class='avia_iconbox_title' >Al formulario de pedido (en ingl\u00e9s)<\/span><span class='avia_button_icon avia_button_icon_right' aria-hidden='true' data-av_icon='\ue85d' data-av_iconfont='entypo-fontello'><\/span><\/a><\/div>\n","protected":false},"excerpt":{"rendered":"","protected":false},"author":1,"featured_media":0,"parent":2695,"menu_order":2,"comment_status":"closed","ping_status":"closed","template":"","meta":{"footnotes":""},"class_list":["post-7552","page","type-page","status-publish","hentry"],"_links":{"self":[{"href":"https:\/\/www.bodenoekologie.com\/es\/wp-json\/wp\/v2\/pages\/7552"}],"collection":[{"href":"https:\/\/www.bodenoekologie.com\/es\/wp-json\/wp\/v2\/pages"}],"about":[{"href":"https:\/\/www.bodenoekologie.com\/es\/wp-json\/wp\/v2\/types\/page"}],"author":[{"embeddable":true,"href":"https:\/\/www.bodenoekologie.com\/es\/wp-json\/wp\/v2\/users\/1"}],"replies":[{"embeddable":true,"href":"https:\/\/www.bodenoekologie.com\/es\/wp-json\/wp\/v2\/comments?post=7552"}],"version-history":[{"count":11,"href":"https:\/\/www.bodenoekologie.com\/es\/wp-json\/wp\/v2\/pages\/7552\/revisions"}],"predecessor-version":[{"id":9941,"href":"https:\/\/www.bodenoekologie.com\/es\/wp-json\/wp\/v2\/pages\/7552\/revisions\/9941"}],"up":[{"embeddable":true,"href":"https:\/\/www.bodenoekologie.com\/es\/wp-json\/wp\/v2\/pages\/2695"}],"wp:attachment":[{"href":"https:\/\/www.bodenoekologie.com\/es\/wp-json\/wp\/v2\/media?parent=7552"}],"curies":[{"name":"wp","href":"https:\/\/api.w.org\/{rel}","templated":true}]}}