{"id":7566,"date":"2024-02-05T16:22:29","date_gmt":"2024-02-05T15:22:29","guid":{"rendered":"https:\/\/www.bodenoekologie.com\/?page_id=7566"},"modified":"2024-02-19T16:24:39","modified_gmt":"2024-02-19T15:24:39","slug":"analisis-de-plantas","status":"publish","type":"page","link":"https:\/\/www.bodenoekologie.com\/es\/labor-es\/analisis-de-plantas\/","title":{"rendered":"An\u00e1lisis de plantas"},"content":{"rendered":"\n<style type=\"text\/css\" data-created_by=\"avia_inline_auto\" id=\"style-css-av-lst2zzkt-5159d7a53fd392568f79381821f9f7fd\">\n#top .av-special-heading.av-lst2zzkt-5159d7a53fd392568f79381821f9f7fd{\npadding-bottom:10px;\n}\nbody .av-special-heading.av-lst2zzkt-5159d7a53fd392568f79381821f9f7fd .av-special-heading-tag .heading-char{\nfont-size:25px;\n}\n.av-special-heading.av-lst2zzkt-5159d7a53fd392568f79381821f9f7fd .av-subheading{\nfont-size:15px;\n}\n<\/style>\n<div  class='av-special-heading av-lst2zzkt-5159d7a53fd392568f79381821f9f7fd av-special-heading-h3  avia-builder-el-0  el_before_av_textblock  avia-builder-el-first '><h3 class='av-special-heading-tag '  itemprop=\"headline\"  >An\u00e1lisis de plantas <\/h3><div class=\"special-heading-border\"><div class=\"special-heading-inner-border\"><\/div><\/div><\/div>\n<section  class='av_textblock_section av-lst30yjl-6c79254ad93b5b855d10086d2ed11867 '   itemscope=\"itemscope\" itemtype=\"https:\/\/schema.org\/CreativeWork\" ><div class='avia_textblock'  itemprop=\"text\" ><p>Los efectos de los <strong>trastornos nutricionales<\/strong> en las plantas son diversos y van desde anomal\u00edas del crecimiento, clorosis y necrosis hasta la inhibici\u00f3n del crecimiento o incluso la p\u00e9rdida de todo el cultivo. Por lo tanto, los trastornos nutricionales pueden ser una raz\u00f3n importante para una reducci\u00f3n pronunciada del rendimiento y la calidad de los productos cosechados. Los niveles excesivamente altos de nutrientes o, en particular, los niveles elevados de sustancias potencialmente t\u00f3xicas en las plantas alimenticias y forrajeras tambi\u00e9n son muy relevantes desde el punto de vista m\u00e9dico y de salud de los animales. Generalmente, durante el crecimiento juvenil intensivo ya se pueden reconocer graves reducciones del rendimiento o anomal\u00edas del crecimiento y deben aclararse lo antes posible para derivar las medidas preventivas adecuadas.<\/p>\n<p>Un <strong>an\u00e1lisis de las plantas<\/strong>, idealmente en combinaci\u00f3n con un an\u00e1lisis del suelo, ha demostrado su eficacia para determinar las causas de las reducciones o anomal\u00edas del crecimiento. El an\u00e1lisis de las plantas permite una evaluaci\u00f3n confiable del estado nutricional en el momento del muestreo, mientras que un an\u00e1lisis del suelo tambi\u00e9n aclara las limitaciones de crecimiento debido, entre otros, a la acidificaci\u00f3n del suelo, las deficiencias cr\u00f3nicas de nutrientes y los desequilibrios de nutrientes en el suelo\/sustrato. En general, un an\u00e1lisis de la planta proporciona la base para cualquier fertilizaci\u00f3n complementaria, mientras que un an\u00e1lisis del suelo sirve para determinar medidas de mejora con respecto a las propiedades del suelo\/fertilidad del suelo, as\u00ed como recomendaciones de fertilizantes para cultivos siguientes.<\/p>\n<p>Una <strong>comparaci\u00f3n directa<\/strong> de <strong>plantas con y sin s\u00edntomas de deficiencia<\/strong> del mismo campo o de sitios comparables es particularmente informativa.<\/p>\n<\/div><\/section>\n\n<style type=\"text\/css\" data-created_by=\"avia_inline_auto\" id=\"style-css-av-lst31jvt-c7db49e85261b40bb16a3eca3e7afd96\">\n#top .hr.hr-invisible.av-lst31jvt-c7db49e85261b40bb16a3eca3e7afd96{\nheight:50px;\n}\n<\/style>\n<div  class='hr av-lst31jvt-c7db49e85261b40bb16a3eca3e7afd96 hr-invisible  avia-builder-el-2  el_after_av_textblock  el_before_av_gallery '><span class='hr-inner '><span class=\"hr-inner-style\"><\/span><\/span><\/div>\n\n<style type=\"text\/css\" data-created_by=\"avia_inline_auto\" id=\"style-css-av-lst324qo-3f2d0f65904c2e922d2006f47adca5f5\">\n#top .avia-gallery.av-lst324qo-3f2d0f65904c2e922d2006f47adca5f5 .avia-gallery-thumb a{\nwidth:50%;\n}\n<\/style>\n<div  class='avia-gallery av-lst324qo-3f2d0f65904c2e922d2006f47adca5f5 avia_animate_when_visible  avia-builder-el-3  el_after_av_hr  el_before_av_hr  animations_off avia-gallery-1'  itemprop=\"image\" itemscope=\"itemscope\" itemtype=\"https:\/\/schema.org\/ImageObject\" ><meta itemprop=\"contentURL\" content=\"https:\/\/www.bodenoekologie.com\/es\/labor-es\/analisis-de-plantas\/\"><div class='avia-gallery-thumb'><a href=\"https:\/\/www.bodenoekologie.com\/wp-content\/uploads\/2024\/01\/Ernaehrungsstoerung_Zwiebel-773x1030.jpg\" data-srcset=\"https:\/\/www.bodenoekologie.com\/wp-content\/uploads\/2024\/01\/Ernaehrungsstoerung_Zwiebel-773x1030.jpg 773w, https:\/\/www.bodenoekologie.com\/wp-content\/uploads\/2024\/01\/Ernaehrungsstoerung_Zwiebel-225x300.jpg 225w, https:\/\/www.bodenoekologie.com\/wp-content\/uploads\/2024\/01\/Ernaehrungsstoerung_Zwiebel-768x1024.jpg 768w, https:\/\/www.bodenoekologie.com\/wp-content\/uploads\/2024\/01\/Ernaehrungsstoerung_Zwiebel-1152x1536.jpg 1152w, https:\/\/www.bodenoekologie.com\/wp-content\/uploads\/2024\/01\/Ernaehrungsstoerung_Zwiebel-1536x2048.jpg 1536w, https:\/\/www.bodenoekologie.com\/wp-content\/uploads\/2024\/01\/Ernaehrungsstoerung_Zwiebel-1125x1500.jpg 1125w, https:\/\/www.bodenoekologie.com\/wp-content\/uploads\/2024\/01\/Ernaehrungsstoerung_Zwiebel-529x705.jpg 529w, https:\/\/www.bodenoekologie.com\/wp-content\/uploads\/2024\/01\/Ernaehrungsstoerung_Zwiebel-scaled.jpg 1920w\" data-sizes=\"(max-width: 773px) 100vw, 773px\" data-rel='gallery-1' data-prev-img='https:\/\/www.bodenoekologie.com\/wp-content\/uploads\/2024\/01\/Ernaehrungsstoerung_Zwiebel-495x400.jpg' class='first_thumb lightbox ' data-onclick='1' title=''  itemprop=\"thumbnailUrl\"  ><img decoding=\"async\" fetchpriority=\"high\" class=\"wp-image-6934 avia-img-lazy-loading-not-6934\"   src=\"https:\/\/www.bodenoekologie.com\/wp-content\/uploads\/2024\/01\/Ernaehrungsstoerung_Zwiebel-495x400.jpg\" width=\"495\" height=\"400\"  title='Ern\u00e4hrungsst\u00f6rung_Zwiebel' alt='' srcset=\"https:\/\/www.bodenoekologie.com\/wp-content\/uploads\/2024\/01\/Ernaehrungsstoerung_Zwiebel-495x400.jpg 495w, https:\/\/www.bodenoekologie.com\/wp-content\/uploads\/2024\/01\/Ernaehrungsstoerung_Zwiebel-845x684.jpg 845w\" sizes=\"(max-width: 495px) 100vw, 495px\" \/><div class='big-prev-fake'><img decoding=\"async\" loading=\"lazy\" class=\"wp-image-6934 avia-img-lazy-loading-6934\"  width=\"495\" height=\"400\" src=\"https:\/\/www.bodenoekologie.com\/wp-content\/uploads\/2024\/01\/Ernaehrungsstoerung_Zwiebel-495x400.jpg\" title='Ern\u00e4hrungsst\u00f6rung_Zwiebel' alt='' srcset=\"https:\/\/www.bodenoekologie.com\/wp-content\/uploads\/2024\/01\/Ernaehrungsstoerung_Zwiebel-495x400.jpg 495w, https:\/\/www.bodenoekologie.com\/wp-content\/uploads\/2024\/01\/Ernaehrungsstoerung_Zwiebel-845x684.jpg 845w\" sizes=\"(max-width: 495px) 100vw, 495px\" \/><\/div><\/a><a href=\"https:\/\/www.bodenoekologie.com\/wp-content\/uploads\/2024\/01\/IMG_20231007_135036-773x1030.jpg\" data-srcset=\"https:\/\/www.bodenoekologie.com\/wp-content\/uploads\/2024\/01\/IMG_20231007_135036-773x1030.jpg 773w, https:\/\/www.bodenoekologie.com\/wp-content\/uploads\/2024\/01\/IMG_20231007_135036-225x300.jpg 225w, https:\/\/www.bodenoekologie.com\/wp-content\/uploads\/2024\/01\/IMG_20231007_135036-768x1024.jpg 768w, https:\/\/www.bodenoekologie.com\/wp-content\/uploads\/2024\/01\/IMG_20231007_135036-1152x1536.jpg 1152w, https:\/\/www.bodenoekologie.com\/wp-content\/uploads\/2024\/01\/IMG_20231007_135036-1536x2048.jpg 1536w, https:\/\/www.bodenoekologie.com\/wp-content\/uploads\/2024\/01\/IMG_20231007_135036-1125x1500.jpg 1125w, https:\/\/www.bodenoekologie.com\/wp-content\/uploads\/2024\/01\/IMG_20231007_135036-529x705.jpg 529w, https:\/\/www.bodenoekologie.com\/wp-content\/uploads\/2024\/01\/IMG_20231007_135036-scaled.jpg 1920w\" data-sizes=\"(max-width: 773px) 100vw, 773px\" data-rel='gallery-1' data-prev-img='https:\/\/www.bodenoekologie.com\/wp-content\/uploads\/2024\/01\/IMG_20231007_135036-495x400.jpg' class='lightbox ' data-onclick='2' title=''  itemprop=\"thumbnailUrl\"  ><img decoding=\"async\" fetchpriority=\"high\" class=\"wp-image-6938 avia-img-lazy-loading-not-6938\"   src=\"https:\/\/www.bodenoekologie.com\/wp-content\/uploads\/2024\/01\/IMG_20231007_135036-495x400.jpg\" width=\"495\" height=\"400\"  title='IMG_20231007_135036' alt='' srcset=\"https:\/\/www.bodenoekologie.com\/wp-content\/uploads\/2024\/01\/IMG_20231007_135036-495x400.jpg 495w, https:\/\/www.bodenoekologie.com\/wp-content\/uploads\/2024\/01\/IMG_20231007_135036-845x684.jpg 845w\" sizes=\"(max-width: 495px) 100vw, 495px\" \/><div class='big-prev-fake'><img decoding=\"async\" loading=\"lazy\" class=\"wp-image-6938 avia-img-lazy-loading-6938\"  width=\"495\" height=\"400\" src=\"https:\/\/www.bodenoekologie.com\/wp-content\/uploads\/2024\/01\/IMG_20231007_135036-495x400.jpg\" title='IMG_20231007_135036' alt='' srcset=\"https:\/\/www.bodenoekologie.com\/wp-content\/uploads\/2024\/01\/IMG_20231007_135036-495x400.jpg 495w, https:\/\/www.bodenoekologie.com\/wp-content\/uploads\/2024\/01\/IMG_20231007_135036-845x684.jpg 845w\" sizes=\"(max-width: 495px) 100vw, 495px\" \/><\/div><\/a><\/div><\/div>\n\n<style type=\"text\/css\" data-created_by=\"avia_inline_auto\" id=\"style-css-av-av_hr-3a876428eececa9d35452247ddb053af\">\n#top .hr.hr-invisible.av-av_hr-3a876428eececa9d35452247ddb053af{\nheight:50px;\n}\n<\/style>\n<div  class='hr av-av_hr-3a876428eececa9d35452247ddb053af hr-invisible  avia-builder-el-4  el_after_av_gallery  el_before_av_textblock '><span class='hr-inner '><span class=\"hr-inner-style\"><\/span><\/span><\/div>\n<section  class='av_textblock_section av-lst3513l-506c1ca5f6cbedd380b6fc459c128e5b '   itemscope=\"itemscope\" itemtype=\"https:\/\/schema.org\/CreativeWork\" ><div class='avia_textblock'  itemprop=\"text\" ><h3>M\u00e9todos de an\u00e1lisis y par\u00e1metros medidos<\/h3>\n<ul>\n<li>CNS (combusti\u00f3n seca seg\u00fan la norma \u00d6NORM L1082)<br \/>\nPar\u00e1metros: Contenido de agua, carbono total, nitr\u00f3geno total, azufre total<\/li>\n<li>Digesti\u00f3n \u00e1cida en microondas, medici\u00f3n con ICP-OES<br \/>\nPar\u00e1metros: Nutrientes y elementos potencialmente da\u00f1inos (Ca, Mg, K, P, B, Co, Cr, Cu, Fe, Mn, Mo, Na, Ni, Sc, Se, V, Zn, As, Cd, Pb and Al, Si)<\/li>\n<\/ul>\n<\/div><\/section>\n\n<style type=\"text\/css\" data-created_by=\"avia_inline_auto\" id=\"style-css-av-av_hr-3a876428eececa9d35452247ddb053af\">\n#top .hr.hr-invisible.av-av_hr-3a876428eececa9d35452247ddb053af{\nheight:50px;\n}\n<\/style>\n<div  class='hr av-av_hr-3a876428eececa9d35452247ddb053af hr-invisible  avia-builder-el-6  el_after_av_textblock  el_before_av_textblock '><span class='hr-inner '><span class=\"hr-inner-style\"><\/span><\/span><\/div>\n<section  class='av_textblock_section av-lst35xj3-9a75f5211c3733e7cc559b178b2c8132 '   itemscope=\"itemscope\" itemtype=\"https:\/\/schema.org\/CreativeWork\" ><div class='avia_textblock'  itemprop=\"text\" ><h3>Literatura<\/h3>\n<p>Zorn W., G. Marks, H. He\u00df, W. Bergmann (2016). Handbuches zur visuellen Diagnose von Ern\u00e4h rungsst\u00f6rungen bei Kulturpflanzen. 3. Auflage. Springer Speltrum.<\/p>\n<p>Bergmann W. (1993). Ern\u00e4hrungsst\u00f6rungen bei Kulturpflanzen. 3. Auflage, Gustav-Fischer-Verlag Jena Stuttgart.<\/p>\n<p>Breuer J., V. K\u00f6nig, D. Merkel, H.-W. Olfs, B. Steingrobe, E. Stimpfl, A. Wissemeier, W. Zorn (2003). Die Pflanzenanalyse zur Diagnose des Ern\u00e4hrungszustandes von Kulturpflanzen &#8211; Anwendung in Landwirtschaft, Gem\u00fcse- und Obstbau. &#8211;<br \/>\nAgrimedia Bergen\/Dumme, 113 S.<\/p>\n<\/div><\/section>\n","protected":false},"excerpt":{"rendered":"","protected":false},"author":1,"featured_media":0,"parent":2707,"menu_order":4,"comment_status":"closed","ping_status":"closed","template":"","meta":{"footnotes":""},"class_list":["post-7566","page","type-page","status-publish","hentry"],"_links":{"self":[{"href":"https:\/\/www.bodenoekologie.com\/es\/wp-json\/wp\/v2\/pages\/7566"}],"collection":[{"href":"https:\/\/www.bodenoekologie.com\/es\/wp-json\/wp\/v2\/pages"}],"about":[{"href":"https:\/\/www.bodenoekologie.com\/es\/wp-json\/wp\/v2\/types\/page"}],"author":[{"embeddable":true,"href":"https:\/\/www.bodenoekologie.com\/es\/wp-json\/wp\/v2\/users\/1"}],"replies":[{"embeddable":true,"href":"https:\/\/www.bodenoekologie.com\/es\/wp-json\/wp\/v2\/comments?post=7566"}],"version-history":[{"count":7,"href":"https:\/\/www.bodenoekologie.com\/es\/wp-json\/wp\/v2\/pages\/7566\/revisions"}],"predecessor-version":[{"id":7846,"href":"https:\/\/www.bodenoekologie.com\/es\/wp-json\/wp\/v2\/pages\/7566\/revisions\/7846"}],"up":[{"embeddable":true,"href":"https:\/\/www.bodenoekologie.com\/es\/wp-json\/wp\/v2\/pages\/2707"}],"wp:attachment":[{"href":"https:\/\/www.bodenoekologie.com\/es\/wp-json\/wp\/v2\/media?parent=7566"}],"curies":[{"name":"wp","href":"https:\/\/api.w.org\/{rel}","templated":true}]}}